{"id":16,"date":"2024-04-08T13:04:00","date_gmt":"2024-04-08T13:04:00","guid":{"rendered":"http:\/\/efbeem.de\/?page_id=16"},"modified":"2026-02-12T07:13:39","modified_gmt":"2026-02-12T07:13:39","slug":"ueber-uns","status":"publish","type":"page","link":"https:\/\/lacont.de\/en\/ueber-uns\/","title":{"rendered":"About us"},"content":{"rendered":"<p>[et_pb_section fb_built=&#8220;1&#8243; custom_padding_last_edited=&#8220;on|tablet&#8220; _builder_version=&#8220;4.27.4&#8243; _module_preset=&#8220;default&#8220; use_background_color_gradient=&#8220;on&#8220; background_color_gradient_direction=&#8220;92deg&#8220; background_color_gradient_stops=&#8220;rgba(255,255,255,0) 0%|rgba(255,255,255,0) 100%&#8220; background_color_gradient_overlays_image=&#8220;on&#8220; background_image=&#8220;http:\/\/efbeem.de\/wp-content\/uploads\/2024\/10\/lacont-produkte-montage3.jpg&#8220; custom_padding=&#8220;217px||363px||false|false&#8220; custom_padding_tablet=&#8220;125px||250px||false|false&#8220; custom_padding_phone=&#8220;125px||250px||false|false&#8220; locked=&#8220;off&#8220; global_colors_info=&#8220;{}&#8220;][et_pb_row _builder_version=&#8220;4.24.3&#8243; _module_preset=&#8220;default&#8220; global_colors_info=&#8220;{}&#8220;][et_pb_column type=&#8220;4_4&#8243; _builder_version=&#8220;4.24.3&#8243; _module_preset=&#8220;default&#8220; global_colors_info=&#8220;{}&#8220;][et_pb_text _builder_version=&#8220;4.27.2&#8243; _module_preset=&#8220;default&#8220; text_font=&#8220;||||||||&#8220; header_font=&#8220;Oswald|700|||||||&#8220; header_text_color=&#8220;#FFFFFF&#8220; header_font_size=&#8220;70px&#8220; header_letter_spacing=&#8220;1px&#8220; header_line_height=&#8220;1.3em&#8220; header_2_font=&#8220;Ubuntu||||||||&#8220; header_2_text_color=&#8220;#FFFFFF&#8220; header_2_line_height=&#8220;1.3em&#8220; header_3_font=&#8220;|||on|||||&#8220; header_3_text_color=&#8220;#FFFFFF&#8220; header_3_letter_spacing=&#8220;1px&#8220; custom_margin=&#8220;-141px|||-176px|false|false&#8220; header_font_size_tablet=&#8220;50px&#8220; header_font_size_phone=&#8220;50px&#8220; header_font_size_last_edited=&#8220;on|tablet&#8220; global_colors_info=&#8220;{}&#8220;]<\/p>\n<h1 style=\"text-align: center;\">\u00dcber uns<\/h1>\n<p>[\/et_pb_text][\/et_pb_column][\/et_pb_row][\/et_pb_section][et_pb_section fb_built=&#8220;1&#8243; admin_label=&#8220;Feature&#8220; _builder_version=&#8220;4.24.3&#8243; custom_margin=&#8220;80px||||false|false&#8220; custom_padding=&#8220;0|0px|0px|0px|false|false&#8220; global_colors_info=&#8220;{}&#8220;][et_pb_row column_structure=&#8220;1_2,1_2&#8243; make_equal=&#8220;on&#8220; _builder_version=&#8220;4.16&#8243; width=&#8220;90%&#8220; max_width=&#8220;90%&#8220; module_alignment=&#8220;left&#8220; custom_padding=&#8220;0|0px|27px|0px|false|false&#8220; use_custom_width=&#8220;on&#8220; width_unit=&#8220;off&#8220; custom_width_percent=&#8220;90%&#8220; global_colors_info=&#8220;{}&#8220;][et_pb_column type=&#8220;1_2&#8243; _builder_version=&#8220;4.16&#8243; custom_padding=&#8220;|||&#8220; global_colors_info=&#8220;{}&#8220; custom_padding__hover=&#8220;|||&#8220;][et_pb_image src=&#8220;https:\/\/lacont.de\/wp-content\/uploads\/2026\/02\/un_ueberuns_luftbild.jpg&#8220; title_text=&#8220;un_ueberuns_luftbild&#8220; align_tablet=&#8220;center&#8220; align_phone=&#8220;center&#8220; align_last_edited=&#8220;on|desktop&#8220; _builder_version=&#8220;4.27.5&#8243; width_tablet=&#8220;58%&#8220; width_phone=&#8220;58%&#8220; width_last_edited=&#8220;on|tablet&#8220; custom_margin_tablet=&#8220;||||false|false&#8220; custom_margin_last_edited=&#8220;off|tablet&#8220; custom_padding_tablet=&#8220;|||70px|false|false&#8220; custom_padding_phone=&#8220;|||40px|false|false&#8220; custom_padding_last_edited=&#8220;on|tablet&#8220; module_alignment_tablet=&#8220;left&#8220; module_alignment_phone=&#8220;left&#8220; module_alignment_last_edited=&#8220;on|tablet&#8220; global_colors_info=&#8220;{}&#8220;][\/et_pb_image][\/et_pb_column][et_pb_column type=&#8220;1_2&#8243; _builder_version=&#8220;4.16&#8243; custom_padding=&#8220;60px|||&#8220; custom_padding_tablet=&#8220;0px|||10%||false&#8220; custom_padding_phone=&#8220;|||&#8220; custom_padding_last_edited=&#8220;on|tablet&#8220; global_colors_info=&#8220;{}&#8220; padding_phone=&#8220;|||&#8220; padding_tablet=&#8220;0px|||10%||false&#8220; padding_last_edited=&#8220;on|tablet&#8220; custom_padding__hover=&#8220;|||&#8220;][et_pb_text _builder_version=&#8220;4.24.3&#8243; text_font=&#8220;||||||||&#8220; header_font=&#8220;||||||||&#8220; header_text_color=&#8220;rgba(0,0,0,0)&#8220; header_2_font=&#8220;Ubuntu|700|||||||&#8220; header_2_font_size=&#8220;32px&#8220; header_2_line_height=&#8220;1.4em&#8220; header_3_font=&#8220;Ubuntu|700||on|||||&#8220; header_3_text_color=&#8220;rgba(43,51,68,0.2)&#8220; max_width=&#8220;700px&#8220; custom_margin=&#8220;|||&#8220; custom_padding=&#8220;|||&#8220; header_2_font_size_tablet=&#8220;30px&#8220; header_2_font_size_phone=&#8220;24px&#8220; header_2_font_size_last_edited=&#8220;on|phone&#8220; header_2_line_height_tablet=&#8220;1.4em&#8220; header_2_line_height_phone=&#8220;&#8220; header_2_line_height_last_edited=&#8220;on|desktop&#8220; locked=&#8220;off&#8220; global_colors_info=&#8220;{}&#8220;]<\/p>\n<h3>\u00dcber uns<\/h3>\n<h2><strong>Gefahrstoffe nachhaltig sicher lagern<br \/><\/strong><\/h2>\n<p>[\/et_pb_text][et_pb_text _builder_version=&#8220;4.27.2&#8243; text_font=&#8220;Ubuntu||||||||&#8220; text_font_size=&#8220;17px&#8220; text_line_height=&#8220;1.8em&#8220; locked=&#8220;off&#8220; global_colors_info=&#8220;{}&#8220;]<\/p>\n<p>Die LaCont Umwelttechnik GmbH hat Ihren Sitz in Egeln, Sachsen-Anhalt. Wir bieten deutsche Ingenieurskunst und Pr\u00e4zisionsfertigung aus dem Herzen Deutschlands.<\/p>\n<p>LaCont ist Ihr zuverl\u00e4ssiger Partner f\u00fcr innovative L\u00f6sungen im Bereich Umwelttechnik. Seit unserer Gr\u00fcndung haben wir uns auf die Entwicklung und Herstellung von hochwertigen Produkten zur sicheren Lagerung und Handhabung von Gefahrstoffen spezialisiert.<\/p>\n<p>Unsere breite Produktpalette umfasst unter anderem Auffangwannen, Sicherheitsbeh\u00e4lter und Gefahrstofflager, die h\u00f6chsten Sicherheitsstandards entsprechen und f\u00fcr eine Vielzahl von Anwendungen in Industrie und Gewerbe geeignet sind. Dabei legen wir besonderen Wert auf Qualit\u00e4t, Nachhaltigkeit und Kundenzufriedenheit.<\/p>\n<p>Mit einem erfahrenen Team aus Fachleuten stehen wir Ihnen von der Beratung \u00fcber die Planung bis hin zur Umsetzung und Wartung Ihrer Projekte zur Seite. Durch kontinuierliche Forschung und Entwicklung stellen wir sicher, dass unsere Produkte stets den neuesten technischen und gesetzlichen Anforderungen entsprechen.<\/p>\n<p>Vertrauen Sie auf Zuverl\u00e4ssigkeit und Kompetenz \u00a0\u2013 LaCont ist Ihr Spezialist f\u00fcr sichere und umweltfreundliche L\u00f6sungen im Gefahrstoffmanagement.<\/p>\n<p class=\"class\">[\/et_pb_text][\/et_pb_column][\/et_pb_row][\/et_pb_section]<\/p>\n","protected":false},"excerpt":{"rendered":"<p>\u00dcber uns\u00dcber uns Gefahrstoffe nachhaltig sicher lagernDie LaCont Umwelttechnik GmbH hat Ihren Sitz in Egeln, Sachsen-Anhalt. Wir bieten deutsche Ingenieurskunst und Pr\u00e4zisionsfertigung aus dem Herzen Deutschlands. LaCont ist Ihr zuverl\u00e4ssiger Partner f\u00fcr innovative L\u00f6sungen im Bereich Umwelttechnik. Seit unserer Gr\u00fcndung haben wir uns auf die Entwicklung und Herstellung von hochwertigen Produkten zur sicheren Lagerung und [&hellip;]<\/p>\n","protected":false},"author":1,"featured_media":0,"parent":0,"menu_order":0,"comment_status":"closed","ping_status":"closed","template":"","meta":{"_et_pb_use_builder":"on","_et_pb_old_content":"<!-- wp:divi\/placeholder \/-->","_et_gb_content_width":"","footnotes":""},"class_list":["post-16","page","type-page","status-publish","hentry"],"_links":{"self":[{"href":"https:\/\/lacont.de\/en\/wp-json\/wp\/v2\/pages\/16","targetHints":{"allow":["GET"]}}],"collection":[{"href":"https:\/\/lacont.de\/en\/wp-json\/wp\/v2\/pages"}],"about":[{"href":"https:\/\/lacont.de\/en\/wp-json\/wp\/v2\/types\/page"}],"author":[{"embeddable":true,"href":"https:\/\/lacont.de\/en\/wp-json\/wp\/v2\/users\/1"}],"replies":[{"embeddable":true,"href":"https:\/\/lacont.de\/en\/wp-json\/wp\/v2\/comments?post=16"}],"version-history":[{"count":21,"href":"https:\/\/lacont.de\/en\/wp-json\/wp\/v2\/pages\/16\/revisions"}],"predecessor-version":[{"id":4125,"href":"https:\/\/lacont.de\/en\/wp-json\/wp\/v2\/pages\/16\/revisions\/4125"}],"wp:attachment":[{"href":"https:\/\/lacont.de\/en\/wp-json\/wp\/v2\/media?parent=16"}],"curies":[{"name":"wp","href":"https:\/\/api.w.org\/{rel}","templated":true}]}}