{"id":250,"date":"2024-04-10T12:24:46","date_gmt":"2024-04-10T12:24:46","guid":{"rendered":"http:\/\/efbeem.de\/?page_id=250"},"modified":"2026-02-12T10:18:05","modified_gmt":"2026-02-12T10:18:05","slug":"auffangwannen-aus-pe","status":"publish","type":"page","link":"https:\/\/lacont.de\/en\/auffangwannen-aus-pe\/","title":{"rendered":"Spill pallets made of PE"},"content":{"rendered":"<p>[et_pb_section fb_built=&#8220;1&#8243; _builder_version=&#8220;4.27.2&#8243; _module_preset=&#8220;default&#8220; use_background_color_gradient=&#8220;on&#8220; background_color_gradient_direction=&#8220;92deg&#8220; background_color_gradient_stops=&#8220;rgba(255,255,255,0) 0%|rgba(255,255,255,0) 100%&#8220; background_color_gradient_overlays_image=&#8220;on&#8220; background_image=&#8220;https:\/\/lacont.de\/wp-content\/uploads\/2024\/06\/Lacont-Web-Header-Bilder-Slider1-scaled.jpg&#8220; height=&#8220;52vh&#8220; height_tablet=&#8220;40vh&#8220; height_phone=&#8220;30vh&#8220; height_last_edited=&#8220;on|tablet&#8220; custom_margin_tablet=&#8220;&#8220; custom_margin_phone=&#8220;0px||||false|false&#8220; custom_margin_last_edited=&#8220;on|phone&#8220; custom_padding=&#8220;||||false|false&#8220; global_colors_info=&#8220;{}&#8220;][et_pb_row custom_padding_last_edited=&#8220;on|phone&#8220; _builder_version=&#8220;4.24.3&#8243; _module_preset=&#8220;default&#8220; width=&#8220;58%&#8220; width_tablet=&#8220;80%&#8220; width_phone=&#8220;80%&#8220; width_last_edited=&#8220;on|tablet&#8220; module_alignment=&#8220;right&#8220; custom_margin=&#8220;|||45%|false|false&#8220; custom_padding_tablet=&#8220;&#8220; custom_padding_phone=&#8220;0px||||false|false&#8220; module_alignment_tablet=&#8220;center&#8220; module_alignment_phone=&#8220;center&#8220; module_alignment_last_edited=&#8220;on|tablet&#8220; locked=&#8220;off&#8220; global_colors_info=&#8220;{}&#8220;][et_pb_column type=&#8220;4_4&#8243; _builder_version=&#8220;4.24.3&#8243; _module_preset=&#8220;default&#8220; global_colors_info=&#8220;{}&#8220;][et_pb_text _builder_version=&#8220;4.27.2&#8243; _module_preset=&#8220;default&#8220; text_font=&#8220;||||||||&#8220; text_text_color=&#8220;#FFFFFF&#8220; text_font_size=&#8220;17px&#8220; text_line_height=&#8220;1.6em&#8220; header_font=&#8220;Oswald||||||||&#8220; header_text_color=&#8220;#FFFFFF&#8220; header_font_size=&#8220;70px&#8220; header_letter_spacing=&#8220;1px&#8220; header_line_height=&#8220;1.3em&#8220; header_3_font=&#8220;|||on|||||&#8220; header_3_text_color=&#8220;#FFFFFF&#8220; header_3_letter_spacing=&#8220;1px&#8220; background_color=&#8220;rgba(25,119,0,0.46)&#8220; width=&#8220;420px&#8220; width_tablet=&#8220;371px&#8220; width_phone=&#8220;371px&#8220; width_last_edited=&#8220;on|tablet&#8220; custom_margin=&#8220;||15px||false|false&#8220; custom_padding=&#8220;5px|20px|5px|20px|true|true&#8220; global_colors_info=&#8220;{}&#8220;]<\/p>\n<p>Auffangwannen aus PE von LaCont<\/p>\n<p>[\/et_pb_text][et_pb_text _builder_version=&#8220;4.24.3&#8243; _module_preset=&#8220;default&#8220; text_font=&#8220;||||||||&#8220; text_text_color=&#8220;#FFFFFF&#8220; text_font_size=&#8220;22px&#8220; text_line_height=&#8220;1.6em&#8220; header_font=&#8220;Oswald||||||||&#8220; header_text_color=&#8220;#FFFFFF&#8220; header_font_size=&#8220;56px&#8220; header_letter_spacing=&#8220;1px&#8220; header_line_height=&#8220;1.3em&#8220; header_3_font=&#8220;|||on|||||&#8220; header_3_text_color=&#8220;#FFFFFF&#8220; header_3_letter_spacing=&#8220;1px&#8220; width=&#8220;93%&#8220; custom_margin=&#8220;||||false|false&#8220; custom_padding=&#8220;||||false|false&#8220; header_font_size_tablet=&#8220;37px&#8220; header_font_size_phone=&#8220;23px&#8220; header_font_size_last_edited=&#8220;on|tablet&#8220; global_colors_info=&#8220;{}&#8220;]<\/p>\n<h1>Kunststoffauffangwannen:<br \/>Stark im Schutz, leicht im Handling<\/h1>\n<p>[\/et_pb_text][\/et_pb_column][\/et_pb_row][\/et_pb_section][et_pb_section fb_built=&#8220;1&#8243; _builder_version=&#8220;4.24.3&#8243; _module_preset=&#8220;default&#8220; custom_padding=&#8220;||120px||false|false&#8220; global_colors_info=&#8220;{}&#8220;][et_pb_row _builder_version=&#8220;4.24.3&#8243; _module_preset=&#8220;default&#8220; global_colors_info=&#8220;{}&#8220;][et_pb_column type=&#8220;4_4&#8243; _builder_version=&#8220;4.24.3&#8243; _module_preset=&#8220;default&#8220; global_colors_info=&#8220;{}&#8220;][et_pb_text _builder_version=&#8220;4.24.3&#8243; _module_preset=&#8220;default&#8220; header_3_font=&#8220;Oswald||||||||&#8220; header_3_text_align=&#8220;center&#8220; header_3_font_size=&#8220;33px&#8220; header_3_letter_spacing=&#8220;1px&#8220; header_3_line_height=&#8220;1.6em&#8220; text_orientation=&#8220;center&#8220; header_3_font_size_tablet=&#8220;30px&#8220; header_3_font_size_phone=&#8220;23px&#8220; header_3_font_size_last_edited=&#8220;on|tablet&#8220; global_colors_info=&#8220;{}&#8220;]<\/p>\n<h3>Robuste Auffangwannen aus PE<\/h3>\n<p>Unsere hochwertigen Auffangwannen aus PE bieten zuverl\u00e4ssigen Schutz und Sicherheit f\u00fcr Ihr Unternehmen.<\/p>\n<p>[\/et_pb_text][\/et_pb_column][\/et_pb_row][et_pb_row column_structure=&#8220;1_3,1_3,1_3&#8243; module_class=&#8220;three-col-tab&#8220; _builder_version=&#8220;4.24.3&#8243; _module_preset=&#8220;default&#8220; global_colors_info=&#8220;{}&#8220;][et_pb_column type=&#8220;1_3&#8243; _builder_version=&#8220;4.24.3&#8243; _module_preset=&#8220;default&#8220; global_colors_info=&#8220;{}&#8220;][et_pb_image src=&#8220;https:\/\/lacont.de\/wp-content\/uploads\/2026\/02\/prod_aw_pe0.jpg&#8220; title_text=&#8220;prod_aw_pe0&#8243; _builder_version=&#8220;4.27.5&#8243; _module_preset=&#8220;default&#8220; hover_enabled=&#8220;0&#8243; global_colors_info=&#8220;{}&#8220; sticky_enabled=&#8220;0&#8243;][\/et_pb_image][et_pb_text _builder_version=&#8220;4.24.3&#8243; _module_preset=&#8220;default&#8220; header_font=&#8220;Oswald||||||||&#8220; header_font_size=&#8220;21px&#8220; header_letter_spacing=&#8220;1px&#8220; header_line_height=&#8220;1.3em&#8220; height=&#8220;90px&#8220; height_tablet=&#8220;70px&#8220; height_phone=&#8220;&#8220; height_last_edited=&#8220;on|tablet&#8220; custom_margin=&#8220;||18px|||&#8220; header_font_size_tablet=&#8220;16px&#8220; header_font_size_phone=&#8220;16px&#8220; header_font_size_last_edited=&#8220;on|tablet&#8220; global_colors_info=&#8220;{}&#8220;]<\/p>\n<h1><span>Belastungsversuche<\/span><\/h1>\n<p>[\/et_pb_text][et_pb_button button_url=&#8220;@ET-DC@eyJkeW5hbWljIjp0cnVlLCJjb250ZW50IjoicG9zdF9saW5rX3VybF9hdHRhY2htZW50Iiwic2V0dGluZ3MiOnsicG9zdF9pZCI6IjM3ODEifX0=@&#8220; url_new_window=&#8220;on&#8220; button_text=&#8220;Katalog-PDF&#8220; _builder_version=&#8220;4.27.4&#8243; _dynamic_attributes=&#8220;button_url&#8220; _module_preset=&#8220;default&#8220; custom_button=&#8220;on&#8220; button_text_size=&#8220;17px&#8220; button_text_color=&#8220;#FFFFFF&#8220; button_bg_color=&#8220;#21560d&#8220; button_border_radius=&#8220;6px&#8220; button_letter_spacing=&#8220;1px&#8220; button_font=&#8220;Oswald||||||||&#8220; custom_padding=&#8220;8px|22px|8px|22px|true|true&#8220; global_colors_info=&#8220;{}&#8220;][\/et_pb_button][\/et_pb_column][et_pb_column type=&#8220;1_3&#8243; _builder_version=&#8220;4.24.3&#8243; _module_preset=&#8220;default&#8220; global_colors_info=&#8220;{}&#8220;][et_pb_image src=&#8220;https:\/\/lacont.de\/wp-content\/uploads\/2026\/02\/prod_aw_pe1.jpg&#8220; title_text=&#8220;prod_aw_pe1&#8243; _builder_version=&#8220;4.27.5&#8243; _module_preset=&#8220;default&#8220; hover_enabled=&#8220;0&#8243; global_colors_info=&#8220;{}&#8220; sticky_enabled=&#8220;0&#8243;][\/et_pb_image][et_pb_text _builder_version=&#8220;4.24.3&#8243; _module_preset=&#8220;default&#8220; header_font=&#8220;Oswald||||||||&#8220; header_font_size=&#8220;21px&#8220; header_letter_spacing=&#8220;1px&#8220; header_line_height=&#8220;1.3em&#8220; height=&#8220;90px&#8220; height_tablet=&#8220;70px&#8220; height_phone=&#8220;auto&#8220; height_last_edited=&#8220;on|tablet&#8220; custom_margin=&#8220;||18px|||&#8220; header_font_size_tablet=&#8220;16px&#8220; header_font_size_phone=&#8220;16px&#8220; header_font_size_last_edited=&#8220;on|tablet&#8220; global_colors_info=&#8220;{}&#8220;]<\/p>\n<h1><span>PE-Wannen zur Lagerung von Kleingebinden und Kanistern<\/span><\/h1>\n<p>[\/et_pb_text][et_pb_button button_url=&#8220;@ET-DC@eyJkeW5hbWljIjp0cnVlLCJjb250ZW50IjoicG9zdF9saW5rX3VybF9hdHRhY2htZW50Iiwic2V0dGluZ3MiOnsicG9zdF9pZCI6IjM3ODAifX0=@&#8220; url_new_window=&#8220;on&#8220; button_text=&#8220;Katalog-PDF&#8220; _builder_version=&#8220;4.27.4&#8243; _dynamic_attributes=&#8220;button_url&#8220; _module_preset=&#8220;default&#8220; custom_button=&#8220;on&#8220; button_text_size=&#8220;17px&#8220; button_text_color=&#8220;#FFFFFF&#8220; button_bg_color=&#8220;#21560d&#8220; button_border_radius=&#8220;6px&#8220; button_letter_spacing=&#8220;1px&#8220; button_font=&#8220;Oswald||||||||&#8220; custom_padding=&#8220;8px|22px|8px|22px|true|true&#8220; global_colors_info=&#8220;{}&#8220;][\/et_pb_button][\/et_pb_column][et_pb_column type=&#8220;1_3&#8243; _builder_version=&#8220;4.24.3&#8243; _module_preset=&#8220;default&#8220; global_colors_info=&#8220;{}&#8220;][et_pb_image src=&#8220;https:\/\/lacont.de\/wp-content\/uploads\/2026\/02\/prod_aw_pe2.jpg&#8220; title_text=&#8220;prod_aw_pe2&#8243; _builder_version=&#8220;4.27.5&#8243; _module_preset=&#8220;default&#8220; hover_enabled=&#8220;0&#8243; global_colors_info=&#8220;{}&#8220; sticky_enabled=&#8220;0&#8243;][\/et_pb_image][et_pb_text _builder_version=&#8220;4.24.3&#8243; _module_preset=&#8220;default&#8220; header_font=&#8220;Oswald||||||||&#8220; header_font_size=&#8220;21px&#8220; header_letter_spacing=&#8220;1px&#8220; header_line_height=&#8220;1.3em&#8220; height=&#8220;90px&#8220; height_tablet=&#8220;70px&#8220; height_phone=&#8220;70px&#8220; height_last_edited=&#8220;on|tablet&#8220; custom_margin=&#8220;||18px|||&#8220; header_font_size_tablet=&#8220;16px&#8220; header_font_size_phone=&#8220;16px&#8220; header_font_size_last_edited=&#8220;on|tablet&#8220; global_colors_info=&#8220;{}&#8220;]<\/p>\n<h1><span>PE-Wannen zur Lagerung von Kleingebinden, Kanistern, 60\/120l F\u00e4ssern<\/span><\/h1>\n<p>[\/et_pb_text][et_pb_button button_url=&#8220;@ET-DC@eyJkeW5hbWljIjp0cnVlLCJjb250ZW50IjoicG9zdF9saW5rX3VybF9hdHRhY2htZW50Iiwic2V0dGluZ3MiOnsicG9zdF9pZCI6IjM3NzkifX0=@&#8220; url_new_window=&#8220;on&#8220; button_text=&#8220;Katalog-PDF&#8220; _builder_version=&#8220;4.27.4&#8243; _dynamic_attributes=&#8220;button_url&#8220; _module_preset=&#8220;default&#8220; custom_button=&#8220;on&#8220; button_text_size=&#8220;17px&#8220; button_text_color=&#8220;#FFFFFF&#8220; button_bg_color=&#8220;#21560d&#8220; button_border_radius=&#8220;6px&#8220; button_letter_spacing=&#8220;1px&#8220; button_font=&#8220;Oswald||||||||&#8220; custom_padding=&#8220;8px|22px|8px|22px|true|true&#8220; global_colors_info=&#8220;{}&#8220;][\/et_pb_button][\/et_pb_column][\/et_pb_row][et_pb_row column_structure=&#8220;1_3,1_3,1_3&#8243; module_class=&#8220;three-col-tab&#8220; _builder_version=&#8220;4.24.3&#8243; _module_preset=&#8220;default&#8220; global_colors_info=&#8220;{}&#8220;][et_pb_column type=&#8220;1_3&#8243; _builder_version=&#8220;4.24.3&#8243; _module_preset=&#8220;default&#8220; global_colors_info=&#8220;{}&#8220;][et_pb_image src=&#8220;https:\/\/lacont.de\/wp-content\/uploads\/2026\/02\/prod_aw_pe3.jpg&#8220; title_text=&#8220;prod_aw_pe3&#8243; _builder_version=&#8220;4.27.5&#8243; _module_preset=&#8220;default&#8220; hover_enabled=&#8220;0&#8243; global_colors_info=&#8220;{}&#8220; sticky_enabled=&#8220;0&#8243;][\/et_pb_image][et_pb_text content_tablet=&#8220;<\/p>\n<h1><span>PE-Sicherheits-bodenelemente<\/span><\/h1>\n<p>&#8220; content_phone=&#8220;<\/p>\n<h1><span>PE-Sicherheits-bodenelemente<\/span><\/h1>\n<p>&#8220; content_last_edited=&#8220;on|tablet&#8220; _builder_version=&#8220;4.24.3&#8243; _module_preset=&#8220;default&#8220; header_font=&#8220;Oswald||||||||&#8220; header_font_size=&#8220;21px&#8220; header_letter_spacing=&#8220;1px&#8220; header_line_height=&#8220;1.3em&#8220; height=&#8220;90px&#8220; height_tablet=&#8220;70px&#8220; height_phone=&#8220;auto&#8220; height_last_edited=&#8220;on|tablet&#8220; custom_margin=&#8220;||18px|||&#8220; header_font_size_tablet=&#8220;16px&#8220; header_font_size_phone=&#8220;16px&#8220; header_font_size_last_edited=&#8220;on|tablet&#8220; global_colors_info=&#8220;{}&#8220;]<\/p>\n<h1><span>PE-Sicherheitsbodenelemente<\/span><\/h1>\n<p>[\/et_pb_text][et_pb_button button_url=&#8220;@ET-DC@eyJkeW5hbWljIjp0cnVlLCJjb250ZW50IjoicG9zdF9saW5rX3VybF9hdHRhY2htZW50Iiwic2V0dGluZ3MiOnsicG9zdF9pZCI6IjM3NzgifX0=@&#8220; url_new_window=&#8220;on&#8220; button_text=&#8220;Katalog-PDF&#8220; _builder_version=&#8220;4.27.4&#8243; _dynamic_attributes=&#8220;button_url&#8220; _module_preset=&#8220;default&#8220; custom_button=&#8220;on&#8220; button_text_size=&#8220;17px&#8220; button_text_color=&#8220;#FFFFFF&#8220; button_bg_color=&#8220;#21560d&#8220; button_border_radius=&#8220;6px&#8220; button_letter_spacing=&#8220;1px&#8220; button_font=&#8220;Oswald||||||||&#8220; custom_padding=&#8220;8px|22px|8px|22px|true|true&#8220; global_colors_info=&#8220;{}&#8220;][\/et_pb_button][\/et_pb_column][et_pb_column type=&#8220;1_3&#8243; _builder_version=&#8220;4.24.3&#8243; _module_preset=&#8220;default&#8220; global_colors_info=&#8220;{}&#8220;][et_pb_image src=&#8220;https:\/\/lacont.de\/wp-content\/uploads\/2026\/02\/prod_aw_pe4.jpg&#8220; title_text=&#8220;prod_aw_pe4&#8243; _builder_version=&#8220;4.27.5&#8243; _module_preset=&#8220;default&#8220; hover_enabled=&#8220;0&#8243; global_colors_info=&#8220;{}&#8220; sticky_enabled=&#8220;0&#8243;][\/et_pb_image][et_pb_text _builder_version=&#8220;4.24.3&#8243; _module_preset=&#8220;default&#8220; header_font=&#8220;Oswald||||||||&#8220; header_font_size=&#8220;21px&#8220; header_letter_spacing=&#8220;1px&#8220; header_line_height=&#8220;1.3em&#8220; height=&#8220;90px&#8220; height_tablet=&#8220;70px&#8220; height_phone=&#8220;auto&#8220; height_last_edited=&#8220;on|tablet&#8220; custom_margin=&#8220;||18px|||&#8220; header_font_size_tablet=&#8220;16px&#8220; header_font_size_phone=&#8220;16px&#8220; header_font_size_last_edited=&#8220;on|tablet&#8220; global_colors_info=&#8220;{}&#8220;]<\/p>\n<h1><span>PE-Wannen zur Lagerung von 200-Liter-F\u00e4ssern<\/span><\/h1>\n<p>[\/et_pb_text][et_pb_button button_url=&#8220;@ET-DC@eyJkeW5hbWljIjp0cnVlLCJjb250ZW50IjoicG9zdF9saW5rX3VybF9hdHRhY2htZW50Iiwic2V0dGluZ3MiOnsicG9zdF9pZCI6IjM3NzcifX0=@&#8220; url_new_window=&#8220;on&#8220; button_text=&#8220;Katalog-PDF&#8220; _builder_version=&#8220;4.27.4&#8243; _dynamic_attributes=&#8220;button_url&#8220; _module_preset=&#8220;default&#8220; custom_button=&#8220;on&#8220; button_text_size=&#8220;17px&#8220; button_text_color=&#8220;#FFFFFF&#8220; button_bg_color=&#8220;#21560d&#8220; button_border_radius=&#8220;6px&#8220; button_letter_spacing=&#8220;1px&#8220; button_font=&#8220;Oswald||||||||&#8220; custom_padding=&#8220;8px|22px|8px|22px|true|true&#8220; global_colors_info=&#8220;{}&#8220;][\/et_pb_button][\/et_pb_column][et_pb_column type=&#8220;1_3&#8243; _builder_version=&#8220;4.24.3&#8243; _module_preset=&#8220;default&#8220; global_colors_info=&#8220;{}&#8220;][et_pb_image src=&#8220;https:\/\/lacont.de\/wp-content\/uploads\/2026\/02\/prod_aw_pe5.jpg&#8220; title_text=&#8220;prod_aw_pe5&#8243; _builder_version=&#8220;4.27.5&#8243; _module_preset=&#8220;default&#8220; hover_enabled=&#8220;0&#8243; global_colors_info=&#8220;{}&#8220; sticky_enabled=&#8220;0&#8243;][\/et_pb_image][et_pb_text _builder_version=&#8220;4.24.3&#8243; _module_preset=&#8220;default&#8220; header_font=&#8220;Oswald||||||||&#8220; header_font_size=&#8220;21px&#8220; header_letter_spacing=&#8220;1px&#8220; header_line_height=&#8220;1.3em&#8220; height=&#8220;90px&#8220; height_tablet=&#8220;70px&#8220; height_phone=&#8220;auto&#8220; height_last_edited=&#8220;on|tablet&#8220; custom_margin=&#8220;||18px|||&#8220; header_font_size_tablet=&#8220;16px&#8220; header_font_size_phone=&#8220;16px&#8220; header_font_size_last_edited=&#8220;on|tablet&#8220; global_colors_info=&#8220;{}&#8220;]<\/p>\n<h1><span>Fassb\u00f6cke aus PE<\/span><\/h1>\n<p>[\/et_pb_text][et_pb_button button_url=&#8220;@ET-DC@eyJkeW5hbWljIjp0cnVlLCJjb250ZW50IjoicG9zdF9saW5rX3VybF9hdHRhY2htZW50Iiwic2V0dGluZ3MiOnsicG9zdF9pZCI6IjM3NzYifX0=@&#8220; url_new_window=&#8220;on&#8220; button_text=&#8220;Katalog-PDF&#8220; _builder_version=&#8220;4.27.4&#8243; _dynamic_attributes=&#8220;button_url&#8220; _module_preset=&#8220;default&#8220; custom_button=&#8220;on&#8220; button_text_size=&#8220;17px&#8220; button_text_color=&#8220;#FFFFFF&#8220; button_bg_color=&#8220;#21560d&#8220; button_border_radius=&#8220;6px&#8220; button_letter_spacing=&#8220;1px&#8220; button_font=&#8220;Oswald||||||||&#8220; custom_padding=&#8220;8px|22px|8px|22px|true|true&#8220; global_colors_info=&#8220;{}&#8220;][\/et_pb_button][\/et_pb_column][\/et_pb_row][et_pb_row column_structure=&#8220;1_3,1_3,1_3&#8243; module_class=&#8220;three-col-tab&#8220; _builder_version=&#8220;4.24.3&#8243; _module_preset=&#8220;default&#8220; global_colors_info=&#8220;{}&#8220;][et_pb_column type=&#8220;1_3&#8243; _builder_version=&#8220;4.24.3&#8243; _module_preset=&#8220;default&#8220; global_colors_info=&#8220;{}&#8220;][et_pb_image src=&#8220;https:\/\/lacont.de\/wp-content\/uploads\/2026\/02\/prod_aw_pe6.jpg&#8220; title_text=&#8220;prod_aw_pe6&#8243; _builder_version=&#8220;4.27.5&#8243; _module_preset=&#8220;default&#8220; hover_enabled=&#8220;0&#8243; global_colors_info=&#8220;{}&#8220; sticky_enabled=&#8220;0&#8243;][\/et_pb_image][et_pb_text _builder_version=&#8220;4.24.3&#8243; _module_preset=&#8220;default&#8220; header_font=&#8220;Oswald||||||||&#8220; header_font_size=&#8220;21px&#8220; header_letter_spacing=&#8220;1px&#8220; header_line_height=&#8220;1.3em&#8220; height=&#8220;90px&#8220; height_tablet=&#8220;70px&#8220; height_phone=&#8220;auto&#8220; height_last_edited=&#8220;on|tablet&#8220; custom_margin=&#8220;||18px|||&#8220; header_font_size_tablet=&#8220;16px&#8220; header_font_size_phone=&#8220;16px&#8220; header_font_size_last_edited=&#8220;on|tablet&#8220; global_colors_info=&#8220;{}&#8220;]<\/p>\n<h1><span>Fahrbare Auffangwannen aus PE<\/span><\/h1>\n<p>[\/et_pb_text][et_pb_button button_url=&#8220;@ET-DC@eyJkeW5hbWljIjp0cnVlLCJjb250ZW50IjoicG9zdF9saW5rX3VybF9hdHRhY2htZW50Iiwic2V0dGluZ3MiOnsicG9zdF9pZCI6IjM3NzUifX0=@&#8220; url_new_window=&#8220;on&#8220; button_text=&#8220;Katalog-PDF&#8220; _builder_version=&#8220;4.27.4&#8243; _dynamic_attributes=&#8220;button_url&#8220; _module_preset=&#8220;default&#8220; custom_button=&#8220;on&#8220; button_text_size=&#8220;17px&#8220; button_text_color=&#8220;#FFFFFF&#8220; button_bg_color=&#8220;#21560d&#8220; button_border_radius=&#8220;6px&#8220; button_letter_spacing=&#8220;1px&#8220; button_font=&#8220;Oswald||||||||&#8220; custom_padding=&#8220;8px|22px|8px|22px|true|true&#8220; global_colors_info=&#8220;{}&#8220;][\/et_pb_button][\/et_pb_column][et_pb_column type=&#8220;1_3&#8243; _builder_version=&#8220;4.24.3&#8243; _module_preset=&#8220;default&#8220; global_colors_info=&#8220;{}&#8220;][et_pb_image src=&#8220;https:\/\/lacont.de\/wp-content\/uploads\/2026\/02\/prod_aw_pe7.jpg&#8220; title_text=&#8220;prod_aw_pe7&#8243; _builder_version=&#8220;4.27.5&#8243; _module_preset=&#8220;default&#8220; hover_enabled=&#8220;0&#8243; global_colors_info=&#8220;{}&#8220; sticky_enabled=&#8220;0&#8243;][\/et_pb_image][et_pb_text _builder_version=&#8220;4.24.3&#8243; _module_preset=&#8220;default&#8220; header_font=&#8220;Oswald||||||||&#8220; header_font_size=&#8220;21px&#8220; header_letter_spacing=&#8220;1px&#8220; header_line_height=&#8220;1.3em&#8220; height=&#8220;90px&#8220; height_tablet=&#8220;70px&#8220; height_phone=&#8220;auto&#8220; height_last_edited=&#8220;on|tablet&#8220; custom_margin=&#8220;||18px|||&#8220; header_font_size_tablet=&#8220;16px&#8220; header_font_size_phone=&#8220;16px&#8220; header_font_size_last_edited=&#8220;on|tablet&#8220; global_colors_info=&#8220;{}&#8220;]<\/p>\n<h1><span>PE-Wannen zur KTC\/IBC-Lagerung<\/span><\/h1>\n<p>[\/et_pb_text][et_pb_button button_url=&#8220;@ET-DC@eyJkeW5hbWljIjp0cnVlLCJjb250ZW50IjoicG9zdF9saW5rX3VybF9hdHRhY2htZW50Iiwic2V0dGluZ3MiOnsicG9zdF9pZCI6IjM3NzQifX0=@&#8220; url_new_window=&#8220;on&#8220; button_text=&#8220;Katalog-PDF&#8220; _builder_version=&#8220;4.27.4&#8243; _dynamic_attributes=&#8220;button_url&#8220; _module_preset=&#8220;default&#8220; custom_button=&#8220;on&#8220; button_text_size=&#8220;17px&#8220; button_text_color=&#8220;#FFFFFF&#8220; button_bg_color=&#8220;#21560d&#8220; button_border_radius=&#8220;6px&#8220; button_letter_spacing=&#8220;1px&#8220; button_font=&#8220;Oswald||||||||&#8220; custom_padding=&#8220;8px|22px|8px|22px|true|true&#8220; global_colors_info=&#8220;{}&#8220;][\/et_pb_button][\/et_pb_column][et_pb_column type=&#8220;1_3&#8243; _builder_version=&#8220;4.24.3&#8243; _module_preset=&#8220;default&#8220; global_colors_info=&#8220;{}&#8220;][et_pb_image src=&#8220;https:\/\/lacont.de\/wp-content\/uploads\/2026\/02\/prod_aw_pe8.jpg&#8220; title_text=&#8220;prod_aw_pe8&#8243; _builder_version=&#8220;4.27.5&#8243; _module_preset=&#8220;default&#8220; hover_enabled=&#8220;0&#8243; global_colors_info=&#8220;{}&#8220; sticky_enabled=&#8220;0&#8243;][\/et_pb_image][et_pb_text _builder_version=&#8220;4.27.2&#8243; _module_preset=&#8220;default&#8220; header_font=&#8220;Oswald||||||||&#8220; header_font_size=&#8220;21px&#8220; header_letter_spacing=&#8220;1px&#8220; header_line_height=&#8220;1.3em&#8220; height=&#8220;90px&#8220; height_tablet=&#8220;70px&#8220; height_phone=&#8220;auto&#8220; height_last_edited=&#8220;on|tablet&#8220; custom_margin=&#8220;||18px|||&#8220; header_font_size_tablet=&#8220;16px&#8220; header_font_size_phone=&#8220;16px&#8220; header_font_size_last_edited=&#8220;on|tablet&#8220; global_colors_info=&#8220;{}&#8220;]<\/p>\n<h1><span>Gefahrstoffstationen f\u00fcr F\u00e4sser aus PE<\/span><\/h1>\n<p>[\/et_pb_text][et_pb_button button_url=&#8220;@ET-DC@eyJkeW5hbWljIjp0cnVlLCJjb250ZW50IjoicG9zdF9saW5rX3VybF9hdHRhY2htZW50Iiwic2V0dGluZ3MiOnsicG9zdF9pZCI6IjM3NzMifX0=@&#8220; url_new_window=&#8220;on&#8220; button_text=&#8220;Katalog-PDF&#8220; _builder_version=&#8220;4.27.4&#8243; _dynamic_attributes=&#8220;button_url&#8220; _module_preset=&#8220;default&#8220; custom_button=&#8220;on&#8220; button_text_size=&#8220;17px&#8220; button_text_color=&#8220;#FFFFFF&#8220; button_bg_color=&#8220;#21560d&#8220; button_border_radius=&#8220;6px&#8220; button_letter_spacing=&#8220;1px&#8220; button_font=&#8220;Oswald||||||||&#8220; custom_padding=&#8220;8px|22px|8px|22px|true|true&#8220; global_colors_info=&#8220;{}&#8220;][\/et_pb_button][\/et_pb_column][\/et_pb_row][et_pb_row column_structure=&#8220;1_3,1_3,1_3&#8243; module_class=&#8220;three-col-tab&#8220; _builder_version=&#8220;4.24.3&#8243; _module_preset=&#8220;default&#8220; global_colors_info=&#8220;{}&#8220;][et_pb_column type=&#8220;1_3&#8243; _builder_version=&#8220;4.24.3&#8243; _module_preset=&#8220;default&#8220; global_colors_info=&#8220;{}&#8220;][et_pb_image src=&#8220;https:\/\/lacont.de\/wp-content\/uploads\/2026\/02\/prod_aw_pe9.jpg&#8220; title_text=&#8220;prod_aw_pe9&#8243; _builder_version=&#8220;4.27.5&#8243; _module_preset=&#8220;default&#8220; hover_enabled=&#8220;0&#8243; global_colors_info=&#8220;{}&#8220; sticky_enabled=&#8220;0&#8243;][\/et_pb_image][et_pb_text _builder_version=&#8220;4.27.2&#8243; _module_preset=&#8220;default&#8220; header_font=&#8220;Oswald||||||||&#8220; header_font_size=&#8220;21px&#8220; header_letter_spacing=&#8220;1px&#8220; header_line_height=&#8220;1.3em&#8220; height=&#8220;90px&#8220; height_tablet=&#8220;70px&#8220; height_phone=&#8220;auto&#8220; height_last_edited=&#8220;on|tablet&#8220; custom_margin=&#8220;||18px|||&#8220; header_font_size_tablet=&#8220;16px&#8220; header_font_size_phone=&#8220;16px&#8220; header_font_size_last_edited=&#8220;on|tablet&#8220; global_colors_info=&#8220;{}&#8220;]<\/p>\n<h1><span>Gefahrstoffstationen f\u00fcr F\u00e4sser und KTC\/IBC aus PE<\/span><\/h1>\n<p>[\/et_pb_text][et_pb_button button_url=&#8220;@ET-DC@eyJkeW5hbWljIjp0cnVlLCJjb250ZW50IjoicG9zdF9saW5rX3VybF9hdHRhY2htZW50Iiwic2V0dGluZ3MiOnsicG9zdF9pZCI6IjM3NzIifX0=@&#8220; url_new_window=&#8220;on&#8220; button_text=&#8220;Katalog-PDF&#8220; _builder_version=&#8220;4.27.4&#8243; _dynamic_attributes=&#8220;button_url&#8220; _module_preset=&#8220;default&#8220; custom_button=&#8220;on&#8220; button_text_size=&#8220;17px&#8220; button_text_color=&#8220;#FFFFFF&#8220; button_bg_color=&#8220;#21560d&#8220; button_border_radius=&#8220;6px&#8220; button_letter_spacing=&#8220;1px&#8220; button_font=&#8220;Oswald||||||||&#8220; custom_padding=&#8220;8px|22px|8px|22px|true|true&#8220; global_colors_info=&#8220;{}&#8220;][\/et_pb_button][\/et_pb_column][et_pb_column type=&#8220;1_3&#8243; _builder_version=&#8220;4.24.3&#8243; _module_preset=&#8220;default&#8220; global_colors_info=&#8220;{}&#8220;][\/et_pb_column][et_pb_column type=&#8220;1_3&#8243; _builder_version=&#8220;4.24.3&#8243; _module_preset=&#8220;default&#8220; global_colors_info=&#8220;{}&#8220;][\/et_pb_column][\/et_pb_row][\/et_pb_section]<\/p>\n","protected":false},"excerpt":{"rendered":"<p>Auffangwannen aus PE von LaContKunststoffauffangwannen:Stark im Schutz, leicht im HandlingRobuste Auffangwannen aus PE Unsere hochwertigen Auffangwannen aus PE bieten zuverl\u00e4ssigen Schutz und Sicherheit f\u00fcr Ihr Unternehmen.BelastungsversuchePE-Wannen zur Lagerung von Kleingebinden und KanisternPE-Wannen zur Lagerung von Kleingebinden, Kanistern, 60\/120l F\u00e4ssernPE-SicherheitsbodenelementePE-Wannen zur Lagerung von 200-Liter-F\u00e4ssernFassb\u00f6cke aus PEFahrbare Auffangwannen aus PEPE-Wannen zur KTC\/IBC-LagerungGefahrstoffstationen f\u00fcr F\u00e4sser aus PEGefahrstoffstationen f\u00fcr [&hellip;]<\/p>\n","protected":false},"author":1,"featured_media":0,"parent":0,"menu_order":0,"comment_status":"closed","ping_status":"closed","template":"","meta":{"_et_pb_use_builder":"on","_et_pb_old_content":"<!-- wp:divi\/placeholder \/-->","_et_gb_content_width":"","footnotes":""},"class_list":["post-250","page","type-page","status-publish","hentry"],"_links":{"self":[{"href":"https:\/\/lacont.de\/en\/wp-json\/wp\/v2\/pages\/250","targetHints":{"allow":["GET"]}}],"collection":[{"href":"https:\/\/lacont.de\/en\/wp-json\/wp\/v2\/pages"}],"about":[{"href":"https:\/\/lacont.de\/en\/wp-json\/wp\/v2\/types\/page"}],"author":[{"embeddable":true,"href":"https:\/\/lacont.de\/en\/wp-json\/wp\/v2\/users\/1"}],"replies":[{"embeddable":true,"href":"https:\/\/lacont.de\/en\/wp-json\/wp\/v2\/comments?post=250"}],"version-history":[{"count":77,"href":"https:\/\/lacont.de\/en\/wp-json\/wp\/v2\/pages\/250\/revisions"}],"predecessor-version":[{"id":4262,"href":"https:\/\/lacont.de\/en\/wp-json\/wp\/v2\/pages\/250\/revisions\/4262"}],"wp:attachment":[{"href":"https:\/\/lacont.de\/en\/wp-json\/wp\/v2\/media?parent=250"}],"curies":[{"name":"wp","href":"https:\/\/api.w.org\/{rel}","templated":true}]}}