{"id":26,"date":"2024-04-08T13:13:00","date_gmt":"2024-04-08T13:13:00","guid":{"rendered":"http:\/\/efbeem.de\/?page_id=26"},"modified":"2026-04-08T11:00:30","modified_gmt":"2026-04-08T11:00:30","slug":"mediathek","status":"publish","type":"page","link":"https:\/\/lacont.de\/en\/mediathek\/","title":{"rendered":"Media library"},"content":{"rendered":"<p>[et_pb_section fb_built=&#8220;1&#8243; _builder_version=&#8220;4.24.3&#8243; _module_preset=&#8220;default&#8220; use_background_color_gradient=&#8220;on&#8220; background_color_gradient_direction=&#8220;92deg&#8220; background_color_gradient_stops=&#8220;rgba(255,255,255,0) 0%|rgba(255,255,255,0) 100%&#8220; background_color_gradient_overlays_image=&#8220;on&#8220; background_enable_image=&#8220;off&#8220; background_video_mp4=&#8220;http:\/\/efbeem.de\/wp-content\/uploads\/2024\/07\/AdobeStock_405856170_3.mp4&#8243; height=&#8220;52vh&#8220; height_tablet=&#8220;40vh&#8220; height_phone=&#8220;30vh&#8220; height_last_edited=&#8220;on|phone&#8220; custom_padding=&#8220;||||false|false&#8220; global_colors_info=&#8220;{}&#8220;][et_pb_row _builder_version=&#8220;4.24.3&#8243; _module_preset=&#8220;default&#8220; custom_margin=&#8220;||||false|false&#8220; global_colors_info=&#8220;{}&#8220;][et_pb_column type=&#8220;4_4&#8243; _builder_version=&#8220;4.24.3&#8243; _module_preset=&#8220;default&#8220; global_colors_info=&#8220;{}&#8220;][et_pb_text _builder_version=&#8220;4.24.3&#8243; _module_preset=&#8220;default&#8220; text_font=&#8220;Ubuntu||||||||&#8220; text_text_color=&#8220;#FFFFFF&#8220; text_font_size=&#8220;28px&#8220; text_line_height=&#8220;1.6em&#8220; header_font=&#8220;Oswald|700|||||||&#8220; header_text_color=&#8220;#FFFFFF&#8220; header_font_size=&#8220;70px&#8220; header_letter_spacing=&#8220;1px&#8220; header_line_height=&#8220;1.3em&#8220; header_3_font=&#8220;|||on|||||&#8220; header_3_text_color=&#8220;#FFFFFF&#8220; header_3_letter_spacing=&#8220;1px&#8220; header_font_size_tablet=&#8220;44px&#8220; header_font_size_phone=&#8220;38px&#8220; header_font_size_last_edited=&#8220;on|phone&#8220; global_colors_info=&#8220;{}&#8220;]<\/p>\n<h1 class=\"\u00dcberschrift_linksb\u00fcndig\">Mediathek<\/h1>\n<p>[\/et_pb_text][\/et_pb_column][\/et_pb_row][\/et_pb_section][et_pb_section fb_built=&#8220;1&#8243; module_id=&#8220;kataloge&#8220; _builder_version=&#8220;4.24.3&#8243; _module_preset=&#8220;default&#8220; custom_padding=&#8220;||120px||false|false&#8220; global_colors_info=&#8220;{}&#8220;][et_pb_row _builder_version=&#8220;4.24.3&#8243; _module_preset=&#8220;default&#8220; global_colors_info=&#8220;{}&#8220;][et_pb_column type=&#8220;4_4&#8243; _builder_version=&#8220;4.24.3&#8243; _module_preset=&#8220;default&#8220; global_colors_info=&#8220;{}&#8220;][et_pb_text _builder_version=&#8220;4.24.3&#8243; _module_preset=&#8220;default&#8220; header_3_font=&#8220;Oswald||||||||&#8220; header_3_text_align=&#8220;center&#8220; header_3_font_size=&#8220;33px&#8220; header_3_letter_spacing=&#8220;1px&#8220; header_3_line_height=&#8220;1.6em&#8220; text_orientation=&#8220;center&#8220; header_3_font_size_tablet=&#8220;33px&#8220; header_3_font_size_phone=&#8220;30px&#8220; header_3_font_size_last_edited=&#8220;on|phone&#8220; global_colors_info=&#8220;{}&#8220;]<\/p>\n<div>\n<h3 class=\"\u00dcberschrift_linksb\u00fcndig\">Video<\/h3>\n<p>Hier finden Sie eine Auswahl von Clips. Erfahren Sie mehr \u00fcber LaCont und \u00fcber unsere Produkte.<\/p>\n<\/div>\n<p>[\/et_pb_text][\/et_pb_column][\/et_pb_row][et_pb_row column_structure=&#8220;1_2,1_2&#8243; _builder_version=&#8220;4.24.3&#8243; _module_preset=&#8220;default&#8220; global_colors_info=&#8220;{}&#8220;][et_pb_column type=&#8220;1_2&#8243; _builder_version=&#8220;4.24.3&#8243; _module_preset=&#8220;default&#8220; global_colors_info=&#8220;{}&#8220;][et_pb_video src=&#8220;https:\/\/lacont.de\/wp-content\/uploads\/2024\/07\/Lacont-Clip-125.mp4&#8243; image_src=&#8220;http:\/\/efbeem.de\/wp-content\/uploads\/2024\/07\/AdobeStock_328392213klein-1-e1721641427948.png&#8220; _builder_version=&#8220;4.27.2&#8243; _module_preset=&#8220;default&#8220; global_colors_info=&#8220;{}&#8220;][\/et_pb_video][et_pb_text _builder_version=&#8220;4.27.2&#8243; _module_preset=&#8220;default&#8220; header_4_font=&#8220;Ubuntu||||||||&#8220; header_4_text_color=&#8220;#000000&#8243; text_font_size_tablet=&#8220;&#8220; text_font_size_phone=&#8220;12px&#8220; text_font_size_last_edited=&#8220;on|phone&#8220; header_4_font_size_tablet=&#8220;&#8220; header_4_font_size_phone=&#8220;16px&#8220; header_4_font_size_last_edited=&#8220;on|phone&#8220; global_colors_info=&#8220;{}&#8220;]<\/p>\n<h4>LaCont Vorstellung<\/h4>\n<p>[\/et_pb_text][\/et_pb_column][et_pb_column type=&#8220;1_2&#8243; _builder_version=&#8220;4.24.3&#8243; _module_preset=&#8220;default&#8220; global_colors_info=&#8220;{}&#8220;][et_pb_video src=&#8220;https:\/\/lacont.de\/wp-content\/uploads\/2024\/07\/Li-Ionen-Sichere-Lagerung-im-LaCont-Batterie-Beton-Schrank-BBS-deutsch-082022-2.mp4&#8243; image_src=&#8220;http:\/\/efbeem.de\/wp-content\/uploads\/2024\/07\/Bildschirmfoto-2024-07-24-um-12.24.00.png&#8220; _builder_version=&#8220;4.27.2&#8243; _module_preset=&#8220;default&#8220; global_colors_info=&#8220;{}&#8220;][\/et_pb_video][et_pb_text _builder_version=&#8220;4.24.3&#8243; _module_preset=&#8220;default&#8220; header_4_font=&#8220;Ubuntu||||||||&#8220; header_4_text_color=&#8220;#000000&#8243; text_font_size_tablet=&#8220;&#8220; text_font_size_phone=&#8220;12px&#8220; text_font_size_last_edited=&#8220;on|phone&#8220; header_4_font_size_tablet=&#8220;&#8220; header_4_font_size_phone=&#8220;16px&#8220; header_4_font_size_last_edited=&#8220;on|phone&#8220; global_colors_info=&#8220;{}&#8220;]<\/p>\n<h4>Lithium-Ionen-Schr\u00e4nke<\/h4>\n<p>[\/et_pb_text][\/et_pb_column][\/et_pb_row][et_pb_row column_structure=&#8220;1_2,1_2&#8243; _builder_version=&#8220;4.24.3&#8243; _module_preset=&#8220;default&#8220; global_colors_info=&#8220;{}&#8220;][et_pb_column type=&#8220;1_2&#8243; _builder_version=&#8220;4.24.3&#8243; _module_preset=&#8220;default&#8220; global_colors_info=&#8220;{}&#8220;][et_pb_video src=&#8220;https:\/\/lacont.de\/wp-content\/uploads\/2024\/07\/ADALIT-Smart-Lighting-Solutions.mp4&#8243; image_src=&#8220;http:\/\/efbeem.de\/wp-content\/uploads\/2024\/07\/Adalit_Clip.jpg&#8220; _builder_version=&#8220;4.27.2&#8243; _module_preset=&#8220;default&#8220; global_colors_info=&#8220;{}&#8220;][\/et_pb_video][et_pb_text _builder_version=&#8220;4.27.2&#8243; _module_preset=&#8220;default&#8220; header_4_font=&#8220;Ubuntu||||||||&#8220; header_4_text_color=&#8220;#000000&#8243; text_font_size_tablet=&#8220;&#8220; text_font_size_phone=&#8220;12px&#8220; text_font_size_last_edited=&#8220;on|phone&#8220; header_4_font_size_tablet=&#8220;&#8220; header_4_font_size_phone=&#8220;16px&#8220; header_4_font_size_last_edited=&#8220;on|phone&#8220; global_colors_info=&#8220;{}&#8220;]<\/p>\n<h4>Adalit<\/h4>\n<p>[\/et_pb_text][\/et_pb_column][et_pb_column type=&#8220;1_2&#8243; _builder_version=&#8220;4.24.3&#8243; _module_preset=&#8220;default&#8220; global_colors_info=&#8220;{}&#8220;][et_pb_video src=&#8220;https:\/\/lacont.de\/wp-content\/uploads\/2024\/07\/ADALIT-L-90-english-subtitles.mp4&#8243; _builder_version=&#8220;4.27.2&#8243; _module_preset=&#8220;default&#8220; global_colors_info=&#8220;{}&#8220;][\/et_pb_video][et_pb_text _builder_version=&#8220;4.27.2&#8243; _module_preset=&#8220;default&#8220; header_4_font=&#8220;Ubuntu||||||||&#8220; header_4_text_color=&#8220;#000000&#8243; text_font_size_tablet=&#8220;&#8220; text_font_size_phone=&#8220;12px&#8220; text_font_size_last_edited=&#8220;on|phone&#8220; header_4_font_size_tablet=&#8220;&#8220; header_4_font_size_phone=&#8220;16px&#8220; header_4_font_size_last_edited=&#8220;on|phone&#8220; global_colors_info=&#8220;{}&#8220;]<\/p>\n<h4>Adalit L-90<\/h4>\n<p>[\/et_pb_text][\/et_pb_column][\/et_pb_row][et_pb_row column_structure=&#8220;1_2,1_2&#8243; _builder_version=&#8220;4.24.3&#8243; _module_preset=&#8220;default&#8220; global_colors_info=&#8220;{}&#8220;][et_pb_column type=&#8220;1_2&#8243; _builder_version=&#8220;4.24.3&#8243; _module_preset=&#8220;default&#8220; global_colors_info=&#8220;{}&#8220;][et_pb_video src=&#8220;https:\/\/lacont.de\/wp-content\/uploads\/2024\/12\/Montage_Lacont.mp4&#8243; _builder_version=&#8220;4.27.4&#8243; _module_preset=&#8220;default&#8220; global_colors_info=&#8220;{}&#8220;][\/et_pb_video][et_pb_text _builder_version=&#8220;4.27.4&#8243; _module_preset=&#8220;default&#8220; header_4_font=&#8220;Ubuntu||||||||&#8220; header_4_text_color=&#8220;#000000&#8243; text_font_size_tablet=&#8220;&#8220; text_font_size_phone=&#8220;12px&#8220; text_font_size_last_edited=&#8220;on|phone&#8220; header_4_font_size_tablet=&#8220;&#8220; header_4_font_size_phone=&#8220;16px&#8220; header_4_font_size_last_edited=&#8220;on|phone&#8220; global_colors_info=&#8220;{}&#8220;]<\/p>\n<h4>Montage beim Kunden<\/h4>\n<p>[\/et_pb_text][\/et_pb_column][et_pb_column type=&#8220;1_2&#8243; _builder_version=&#8220;4.24.3&#8243; _module_preset=&#8220;default&#8220; global_colors_info=&#8220;{}&#8220;][et_pb_video src=&#8220;https:\/\/lacont.de\/wp-content\/uploads\/2026\/04\/Lacont-Messe-V2.mp4&#8243; _builder_version=&#8220;4.27.6&#8243; _module_preset=&#8220;default&#8220; hover_enabled=&#8220;0&#8243; global_colors_info=&#8220;{}&#8220; title_text=&#8220;Lacont Messe V2&#8243; sticky_enabled=&#8220;0&#8243;][\/et_pb_video][et_pb_text _builder_version=&#8220;4.27.6&#8243; _module_preset=&#8220;default&#8220; header_4_font=&#8220;Ubuntu||||||||&#8220; header_4_text_color=&#8220;#000000&#8243; hover_enabled=&#8220;0&#8243; text_font_size_tablet=&#8220;&#8220; text_font_size_phone=&#8220;12px&#8220; text_font_size_last_edited=&#8220;on|phone&#8220; header_4_font_size_tablet=&#8220;&#8220; header_4_font_size_phone=&#8220;16px&#8220; header_4_font_size_last_edited=&#8220;on|phone&#8220; global_colors_info=&#8220;{}&#8220; sticky_enabled=&#8220;0&#8243;]<\/p>\n<h4>Messeauftritt<\/h4>\n<p>[\/et_pb_text][\/et_pb_column][\/et_pb_row][et_pb_row column_structure=&#8220;1_2,1_2&#8243; _builder_version=&#8220;4.24.3&#8243; _module_preset=&#8220;default&#8220; global_colors_info=&#8220;{}&#8220;][et_pb_column type=&#8220;1_2&#8243; _builder_version=&#8220;4.24.3&#8243; _module_preset=&#8220;default&#8220; global_colors_info=&#8220;{}&#8220;][\/et_pb_column][et_pb_column type=&#8220;1_2&#8243; _builder_version=&#8220;4.24.3&#8243; _module_preset=&#8220;default&#8220; global_colors_info=&#8220;{}&#8220;][\/et_pb_column][\/et_pb_row][\/et_pb_section][et_pb_section fb_built=&#8220;1&#8243; _builder_version=&#8220;4.24.3&#8243; _module_preset=&#8220;default&#8220; background_color=&#8220;rgba(25,119,0,0.12)&#8220; global_colors_info=&#8220;{}&#8220;][et_pb_row _builder_version=&#8220;4.24.3&#8243; _module_preset=&#8220;default&#8220; global_colors_info=&#8220;{}&#8220;][et_pb_column type=&#8220;4_4&#8243; _builder_version=&#8220;4.24.3&#8243; _module_preset=&#8220;default&#8220; global_colors_info=&#8220;{}&#8220;][et_pb_text _builder_version=&#8220;4.24.3&#8243; _module_preset=&#8220;default&#8220; header_3_font=&#8220;Oswald||||||||&#8220; header_3_text_align=&#8220;center&#8220; header_3_font_size=&#8220;33px&#8220; header_3_letter_spacing=&#8220;1px&#8220; header_3_line_height=&#8220;1.6em&#8220; text_orientation=&#8220;center&#8220; header_3_font_size_tablet=&#8220;33px&#8220; header_3_font_size_phone=&#8220;30px&#8220; header_3_font_size_last_edited=&#8220;on|phone&#8220; global_colors_info=&#8220;{}&#8220;]<\/p>\n<div>\n<h3 class=\"\u00dcberschrift_linksb\u00fcndig\">Kataloge<\/h3>\n<p>Hier geht es zu den Katalogen. Sie k\u00f6nnen sie online durchbl\u00e4ttern oder auch downloaden.<\/p>\n<\/div>\n<p>[\/et_pb_text][et_pb_button button_url=&#8220;http:\/\/lacont.de\/kataloge\/#kataloge&#8220; button_text=&#8220;zu den Katalogen&#8220; button_alignment=&#8220;center&#8220; _builder_version=&#8220;4.27.2&#8243; _module_preset=&#8220;default&#8220; custom_button=&#8220;on&#8220; button_text_size=&#8220;17px&#8220; button_text_color=&#8220;#FFFFFF&#8220; button_bg_color=&#8220;#21560d&#8220; button_border_width=&#8220;0px&#8220; button_border_radius=&#8220;6px&#8220; button_letter_spacing=&#8220;1px&#8220; button_font=&#8220;Oswald||||||||&#8220; custom_padding=&#8220;8px|22px|8px|22px|true|true&#8220; locked=&#8220;off&#8220; global_colors_info=&#8220;{}&#8220;][\/et_pb_button][\/et_pb_column][\/et_pb_row][\/et_pb_section][et_pb_section fb_built=&#8220;1&#8243; _builder_version=&#8220;4.24.3&#8243; _module_preset=&#8220;default&#8220; custom_margin=&#8220;||120px||false|false&#8220; global_colors_info=&#8220;{}&#8220;][et_pb_row _builder_version=&#8220;4.24.3&#8243; _module_preset=&#8220;default&#8220; global_colors_info=&#8220;{}&#8220;][et_pb_column type=&#8220;4_4&#8243; _builder_version=&#8220;4.24.3&#8243; _module_preset=&#8220;default&#8220; global_colors_info=&#8220;{}&#8220;][et_pb_text _builder_version=&#8220;4.24.3&#8243; _module_preset=&#8220;default&#8220; header_3_font=&#8220;Oswald||||||||&#8220; header_3_text_align=&#8220;center&#8220; header_3_font_size=&#8220;33px&#8220; header_3_letter_spacing=&#8220;1px&#8220; header_3_line_height=&#8220;1.6em&#8220; text_orientation=&#8220;center&#8220; header_3_font_size_tablet=&#8220;33px&#8220; header_3_font_size_phone=&#8220;30px&#8220; header_3_font_size_last_edited=&#8220;on|phone&#8220; global_colors_info=&#8220;{}&#8220;]<\/p>\n<div>\n<h3 class=\"\u00dcberschrift_linksb\u00fcndig\">Praxisinfos<\/h3>\n<p>Hier geht es zu den Praxisinfos. Sie k\u00f6nnen sie online anschauen oder auch downloaden.<\/p>\n<\/div>\n<p>[\/et_pb_text][et_pb_button button_url=&#8220;http:\/\/lacont.de\/praxisinfos\/#praxisinfos&#8220; button_text=&#8220;zu den Praxisinfos&#8220; button_alignment=&#8220;center&#8220; _builder_version=&#8220;4.27.2&#8243; _module_preset=&#8220;default&#8220; custom_button=&#8220;on&#8220; button_text_size=&#8220;17px&#8220; button_text_color=&#8220;#FFFFFF&#8220; button_bg_color=&#8220;#21560d&#8220; button_border_width=&#8220;0px&#8220; button_border_radius=&#8220;6px&#8220; button_letter_spacing=&#8220;1px&#8220; button_font=&#8220;Oswald||||||||&#8220; custom_padding=&#8220;8px|22px|8px|22px|true|true&#8220; locked=&#8220;off&#8220; global_colors_info=&#8220;{}&#8220;][\/et_pb_button][\/et_pb_column][\/et_pb_row][\/et_pb_section][et_pb_section fb_built=&#8220;1&#8243; disabled_on=&#8220;on|on|on&#8220; admin_label=&#8220;Footer&#8220; _builder_version=&#8220;4.24.3&#8243; use_background_color_gradient=&#8220;on&#8220; background_color_gradient_direction=&#8220;90deg&#8220; background_color_gradient_stops=&#8220;#21560d 36%|#78d170 100%&#8220; background_color_gradient_start=&#8220;#557df3&#8243; background_color_gradient_end=&#8220;#8ce8ff&#8220; max_width=&#8220;90%&#8220; max_width_tablet=&#8220;90%&#8220; max_width_phone=&#8220;100%&#8220; max_width_last_edited=&#8220;on|phone&#8220; module_alignment=&#8220;right&#8220; custom_margin=&#8220;|||&#8220; custom_margin_last_edited=&#8220;off|desktop&#8220; animation_style=&#8220;slide&#8220; animation_direction=&#8220;right&#8220; animation_intensity_slide=&#8220;5%&#8220; border_radii=&#8220;on|6px|6px|6px|6px&#8220; box_shadow_style=&#8220;preset4&#8243; box_shadow_horizontal=&#8220;20px&#8220; box_shadow_vertical=&#8220;-20px&#8220; box_shadow_color=&#8220;rgba(48,106,255,0.16)&#8220; disabled=&#8220;on&#8220; saved_tabs=&#8220;all&#8220; locked=&#8220;off&#8220; global_colors_info=&#8220;{}&#8220;][et_pb_row column_structure=&#8220;1_3,1_3,1_3&#8243; _builder_version=&#8220;4.24.3&#8243; global_colors_info=&#8220;{}&#8220;][et_pb_column type=&#8220;1_3&#8243; _builder_version=&#8220;4.16&#8243; custom_padding=&#8220;|||&#8220; global_colors_info=&#8220;{}&#8220; custom_padding__hover=&#8220;|||&#8220;][et_pb_text _builder_version=&#8220;4.24.3&#8243; _module_preset=&#8220;default&#8220; text_font=&#8220;Oswald|600|||||||&#8220; text_text_color=&#8220;#FFFFFF&#8220; text_font_size=&#8220;18px&#8220; text_letter_spacing=&#8220;1px&#8220; text_line_height=&#8220;1.6em&#8220; global_colors_info=&#8220;{}&#8220;]<\/p>\n<p><span>LACONT Umwelttechnik GmbH<\/span><br \/><span>Halberst\u00e4dter Stra\u00dfe 20a<\/span><br \/><span>39435 Egeln<\/span><\/p>\n<p>&nbsp;<\/p>\n<p>[\/et_pb_text][\/et_pb_column][et_pb_column type=&#8220;1_3&#8243; _builder_version=&#8220;4.16&#8243; custom_padding=&#8220;|||&#8220; global_colors_info=&#8220;{}&#8220; custom_padding__hover=&#8220;|||&#8220;][et_pb_text _builder_version=&#8220;4.24.3&#8243; _module_preset=&#8220;default&#8220; text_font=&#8220;Oswald|600|||||||&#8220; text_text_color=&#8220;#FFFFFF&#8220; text_font_size=&#8220;18px&#8220; text_letter_spacing=&#8220;1px&#8220; text_line_height=&#8220;1.6em&#8220; global_colors_info=&#8220;{}&#8220;]<\/p>\n<p>Tel.: 039268 \/ 9896 &#8211; 0<br \/>Fax: 039268 \/ 9896 &#8211; 29<\/p>\n<p>E-Mail: info@lacont.de<\/p>\n<p>[\/et_pb_text][\/et_pb_column][et_pb_column type=&#8220;1_3&#8243; _builder_version=&#8220;4.16&#8243; custom_padding=&#8220;|||&#8220; global_colors_info=&#8220;{}&#8220; custom_padding__hover=&#8220;|||&#8220;][et_pb_text _builder_version=&#8220;4.24.3&#8243; _module_preset=&#8220;default&#8220; text_font=&#8220;Oswald|600|||||||&#8220; text_text_color=&#8220;#FFFFFF&#8220; text_font_size=&#8220;18px&#8220; text_letter_spacing=&#8220;1px&#8220; text_line_height=&#8220;1.6em&#8220; global_colors_info=&#8220;{}&#8220;]<\/p>\n<p>Kontakt<br \/>Impressum<br \/>Datenschutz<\/p>\n<p>[\/et_pb_text][\/et_pb_column][\/et_pb_row][et_pb_row column_structure=&#8220;1_3,1_3,1_3&#8243; _builder_version=&#8220;4.24.3&#8243; _module_preset=&#8220;default&#8220; custom_padding=&#8220;0px||0px||true|false&#8220; global_colors_info=&#8220;{}&#8220;][et_pb_column type=&#8220;1_3&#8243; _builder_version=&#8220;4.24.3&#8243; _module_preset=&#8220;default&#8220; global_colors_info=&#8220;{}&#8220;][et_pb_icon icon_color=&#8220;#FFFFFF&#8220; icon_width=&#8220;60px&#8220; align=&#8220;left&#8220; _builder_version=&#8220;4.24.3&#8243; _module_preset=&#8220;default&#8220; custom_margin=&#8220;||5px||false|false&#8220; global_colors_info=&#8220;{}&#8220;][\/et_pb_icon][\/et_pb_column][et_pb_column type=&#8220;1_3&#8243; _builder_version=&#8220;4.24.3&#8243; _module_preset=&#8220;default&#8220; global_colors_info=&#8220;{}&#8220;][et_pb_icon icon_color=&#8220;#FFFFFF&#8220; icon_width=&#8220;60px&#8220; align=&#8220;left&#8220; _builder_version=&#8220;4.24.3&#8243; _module_preset=&#8220;default&#8220; custom_margin=&#8220;||5px||false|false&#8220; global_colors_info=&#8220;{}&#8220;][\/et_pb_icon][\/et_pb_column][et_pb_column type=&#8220;1_3&#8243; _builder_version=&#8220;4.24.3&#8243; _module_preset=&#8220;default&#8220; global_colors_info=&#8220;{}&#8220;][et_pb_icon icon_color=&#8220;#FFFFFF&#8220; icon_width=&#8220;60px&#8220; align=&#8220;left&#8220; _builder_version=&#8220;4.24.3&#8243; _module_preset=&#8220;default&#8220; custom_margin=&#8220;||5px||false|false&#8220; global_colors_info=&#8220;{}&#8220;][\/et_pb_icon][\/et_pb_column][\/et_pb_row][et_pb_row _builder_version=&#8220;4.24.3&#8243; _module_preset=&#8220;default&#8220; custom_padding=&#8220;36px||0px||false|false&#8220; global_colors_info=&#8220;{}&#8220;][et_pb_column type=&#8220;4_4&#8243; _builder_version=&#8220;4.24.3&#8243; _module_preset=&#8220;default&#8220; global_colors_info=&#8220;{}&#8220;][et_pb_text _builder_version=&#8220;4.27.2&#8243; _dynamic_attributes=&#8220;content&#8220; _module_preset=&#8220;default&#8220; text_font=&#8220;Oswald|600|||||||&#8220; text_text_color=&#8220;#FFFFFF&#8220; text_font_size=&#8220;18px&#8220; text_letter_spacing=&#8220;1px&#8220; text_line_height=&#8220;1.6em&#8220; global_colors_info=&#8220;{}&#8220;]@ET-DC@eyJkeW5hbWljIjp0cnVlLCJjb250ZW50IjoiY3VycmVudF9kYXRlIiwic2V0dGluZ3MiOnsiYmVmb3JlIjoiXHUwMGE5IC0gIiwiYWZ0ZXIiOiIgTEFDT05UIFVtd2VsdHRlY2huaWsgR21iSCIsImRhdGVfZm9ybWF0IjoiY3VzdG9tIiwiY3VzdG9tX2RhdGVfZm9ybWF0IjoiWSJ9fQ==@[\/et_pb_text][\/et_pb_column][\/et_pb_row][\/et_pb_section]<\/p>\n","protected":false},"excerpt":{"rendered":"<p>Mediathek Video Hier finden Sie eine Auswahl von Clips. Erfahren Sie mehr \u00fcber LaCont und \u00fcber unsere Produkte. LaCont VorstellungLithium-Ionen-Schr\u00e4nkeAdalitAdalit L-90Montage beim KundenMesseauftritt Kataloge Hier geht es zu den Katalogen. Sie k\u00f6nnen sie online durchbl\u00e4ttern oder auch downloaden. Praxisinfos Hier geht es zu den Praxisinfos. Sie k\u00f6nnen sie online anschauen oder auch downloaden. LACONT Umwelttechnik [&hellip;]<\/p>\n","protected":false},"author":1,"featured_media":0,"parent":0,"menu_order":0,"comment_status":"closed","ping_status":"closed","template":"","meta":{"_et_pb_use_builder":"on","_et_pb_old_content":"<!-- wp:divi\/placeholder \/-->","_et_gb_content_width":"","footnotes":""},"class_list":["post-26","page","type-page","status-publish","hentry"],"_links":{"self":[{"href":"https:\/\/lacont.de\/en\/wp-json\/wp\/v2\/pages\/26","targetHints":{"allow":["GET"]}}],"collection":[{"href":"https:\/\/lacont.de\/en\/wp-json\/wp\/v2\/pages"}],"about":[{"href":"https:\/\/lacont.de\/en\/wp-json\/wp\/v2\/types\/page"}],"author":[{"embeddable":true,"href":"https:\/\/lacont.de\/en\/wp-json\/wp\/v2\/users\/1"}],"replies":[{"embeddable":true,"href":"https:\/\/lacont.de\/en\/wp-json\/wp\/v2\/comments?post=26"}],"version-history":[{"count":35,"href":"https:\/\/lacont.de\/en\/wp-json\/wp\/v2\/pages\/26\/revisions"}],"predecessor-version":[{"id":4655,"href":"https:\/\/lacont.de\/en\/wp-json\/wp\/v2\/pages\/26\/revisions\/4655"}],"wp:attachment":[{"href":"https:\/\/lacont.de\/en\/wp-json\/wp\/v2\/media?parent=26"}],"curies":[{"name":"wp","href":"https:\/\/api.w.org\/{rel}","templated":true}]}}