{"id":264,"date":"2024-04-10T12:47:32","date_gmt":"2024-04-10T12:47:32","guid":{"rendered":"http:\/\/efbeem.de\/?page_id=264"},"modified":"2026-02-12T14:42:33","modified_gmt":"2026-02-12T14:42:33","slug":"lithium-ionen-lagerung","status":"publish","type":"page","link":"https:\/\/lacont.de\/en\/lithium-ionen-lagerung\/","title":{"rendered":"Lithium-ion storage"},"content":{"rendered":"<p>[et_pb_section fb_built=&#8220;1&#8243; _builder_version=&#8220;4.27.4&#8243; _module_preset=&#8220;default&#8220; background_image=&#8220;https:\/\/lacont.de\/wp-content\/uploads\/2025\/06\/Produkte_Akkuschrank002-scaled-1.jpg&#8220; height=&#8220;60vh&#8220; height_tablet=&#8220;40vh&#8220; height_phone=&#8220;30vh&#8220; height_last_edited=&#8220;on|tablet&#8220; custom_padding=&#8220;0px||0px||false|false&#8220; global_colors_info=&#8220;{}&#8220;][et_pb_row _builder_version=&#8220;4.27.4&#8243; _module_preset=&#8220;default&#8220; width=&#8220;54%&#8220; width_tablet=&#8220;54%&#8220; width_phone=&#8220;83%&#8220; width_last_edited=&#8220;on|phone&#8220; module_alignment=&#8220;right&#8220; custom_padding=&#8220;80px||||false|false&#8220; global_colors_info=&#8220;{}&#8220;][et_pb_column type=&#8220;4_4&#8243; _builder_version=&#8220;4.24.3&#8243; _module_preset=&#8220;default&#8220; global_colors_info=&#8220;{}&#8220;][et_pb_text _builder_version=&#8220;4.27.2&#8243; _module_preset=&#8220;default&#8220; text_font=&#8220;||||||||&#8220; text_text_color=&#8220;#FFFFFF&#8220; text_font_size=&#8220;22px&#8220; text_line_height=&#8220;1.6em&#8220; header_font=&#8220;Oswald||||||||&#8220; header_text_color=&#8220;#FFFFFF&#8220; header_font_size=&#8220;70px&#8220; header_letter_spacing=&#8220;1px&#8220; header_line_height=&#8220;1.3em&#8220; header_3_font=&#8220;|||on|||||&#8220; header_3_text_color=&#8220;#FFFFFF&#8220; header_3_letter_spacing=&#8220;1px&#8220; background_color=&#8220;rgba(25,119,0,0.46)&#8220; width=&#8220;410px&#8220; width_tablet=&#8220;325px&#8220; width_phone=&#8220;249px&#8220; width_last_edited=&#8220;on|phone&#8220; custom_margin=&#8220;||||false|false&#8220; custom_margin_tablet=&#8220;||10px||false|false&#8220; custom_margin_phone=&#8220;||10px||false|false&#8220; custom_margin_last_edited=&#8220;on|tablet&#8220; custom_padding=&#8220;|20px||20px|true|true&#8220; custom_padding_tablet=&#8220;|20px||20px|true|true&#8220; custom_padding_phone=&#8220;|8px||8px|true|true&#8220; custom_padding_last_edited=&#8220;on|phone&#8220; text_font_size_tablet=&#8220;17px&#8220; text_font_size_phone=&#8220;13px&#8220; text_font_size_last_edited=&#8220;on|tablet&#8220; global_colors_info=&#8220;{}&#8220;]<\/p>\n<p>Lithium-Ionen-Lagerung von LaCont<\/p>\n<p>[\/et_pb_text][et_pb_text _builder_version=&#8220;4.24.3&#8243; _module_preset=&#8220;default&#8220; text_font=&#8220;||||||||&#8220; text_text_color=&#8220;#FFFFFF&#8220; text_font_size=&#8220;22px&#8220; text_line_height=&#8220;1.6em&#8220; header_font=&#8220;Oswald||||||||&#8220; header_text_color=&#8220;#FFFFFF&#8220; header_font_size=&#8220;56px&#8220; header_letter_spacing=&#8220;1px&#8220; header_line_height=&#8220;1.3em&#8220; header_3_font=&#8220;|||on|||||&#8220; header_3_text_color=&#8220;#FFFFFF&#8220; header_3_letter_spacing=&#8220;1px&#8220; custom_margin=&#8220;||||false|false&#8220; custom_padding=&#8220;||||false|false&#8220; header_font_size_tablet=&#8220;35px&#8220; header_font_size_phone=&#8220;25px&#8220; header_font_size_last_edited=&#8220;on|tablet&#8220; global_colors_info=&#8220;{}&#8220;]<\/p>\n<h1>Lagerung und Transport<br \/>gepr\u00fcft sicher.<\/h1>\n<p>[\/et_pb_text][\/et_pb_column][\/et_pb_row][et_pb_row column_structure=&#8220;1_2,1_2&#8243; use_custom_gutter=&#8220;on&#8220; gutter_width=&#8220;1&#8243; disabled_on=&#8220;on|on|on&#8220; _builder_version=&#8220;4.27.4&#8243; _module_preset=&#8220;default&#8220; width=&#8220;54%&#8220; width_tablet=&#8220;54%&#8220; width_phone=&#8220;83%&#8220; width_last_edited=&#8220;on|phone&#8220; module_alignment=&#8220;right&#8220; custom_padding=&#8220;0px||||false|false&#8220; disabled=&#8220;on&#8220; global_colors_info=&#8220;{}&#8220;][et_pb_column type=&#8220;1_2&#8243; _builder_version=&#8220;4.27.2&#8243; _module_preset=&#8220;default&#8220; global_colors_info=&#8220;{}&#8220;][et_pb_video src=&#8220;http:\/\/efbeem.de\/wp-content\/uploads\/2024\/07\/Li-Ionen-Sichere-Lagerung-im-LaCont-Batterie-Beton-Schrank-BBS-deutsch-082022-1.mp4&#8243; image_src=&#8220;http:\/\/efbeem.de\/wp-content\/uploads\/2024\/07\/Bildschirmfoto-2024-07-01-um-14.06.23.png&#8220; font_icon=&#8220;&#x49;||divi||400&#8243; use_icon_font_size=&#8220;on&#8220; icon_font_size=&#8220;119px&#8220; disabled_on=&#8220;on|off|off&#8220; _builder_version=&#8220;4.27.2&#8243; _module_preset=&#8220;default&#8220; background_image=&#8220;http:\/\/efbeem.de\/wp-content\/uploads\/2024\/10\/Bildschirmfoto-2024-10-23-um-15.34.07.png&#8220; background_blend=&#8220;multiply&#8220; width=&#8220;72%&#8220; width_tablet=&#8220;60%&#8220; width_phone=&#8220;53%&#8220; width_last_edited=&#8220;on|tablet&#8220; custom_padding=&#8220;0px||||false|false&#8220; module_alignment_tablet=&#8220;&#8220; module_alignment_phone=&#8220;left&#8220; module_alignment_last_edited=&#8220;on|phone&#8220; global_colors_info=&#8220;{}&#8220;][\/et_pb_video][et_pb_text _builder_version=&#8220;4.27.2&#8243; _module_preset=&#8220;default&#8220; text_text_color=&#8220;#FFFFFF&#8220; global_colors_info=&#8220;{}&#8220;]<\/p>\n<p>Lithium-Ionen-Schrank Video deutsch\u00a0 <img loading=\"lazy\" decoding=\"async\" src=\"http:\/\/efbeem.de\/wp-content\/uploads\/2024\/10\/Bildschirmfoto-2024-10-23-um-15.34.07.png\" width=\"20\" height=\"11\" alt=\"\" class=\"wp-image-2461 alignnone size-full\" srcset=\"https:\/\/lacont.de\/wp-content\/uploads\/2024\/10\/Bildschirmfoto-2024-10-23-um-15.34.07.png 214w, https:\/\/lacont.de\/wp-content\/uploads\/2024\/10\/Bildschirmfoto-2024-10-23-um-15.34.07-18x10.png 18w\" sizes=\"(max-width: 20px) 100vw, 20px\" \/><\/p>\n<p>[\/et_pb_text][\/et_pb_column][et_pb_column type=&#8220;1_2&#8243; _builder_version=&#8220;4.27.2&#8243; _module_preset=&#8220;default&#8220; global_colors_info=&#8220;{}&#8220;][et_pb_video src=&#8220;http:\/\/efbeem.de\/wp-content\/uploads\/2024\/10\/Lacont-Betonschrank-englisch-02082022_kleiner.mp4&#8243; image_src=&#8220;http:\/\/efbeem.de\/wp-content\/uploads\/2024\/07\/Bildschirmfoto-2024-07-01-um-14.06.23.png&#8220; font_icon=&#8220;&#x49;||divi||400&#8243; use_icon_font_size=&#8220;on&#8220; icon_font_size=&#8220;119px&#8220; disabled_on=&#8220;on|off|off&#8220; _builder_version=&#8220;4.27.2&#8243; _module_preset=&#8220;default&#8220; width=&#8220;72%&#8220; width_tablet=&#8220;60%&#8220; width_phone=&#8220;53%&#8220; width_last_edited=&#8220;on|tablet&#8220; custom_padding=&#8220;0px||||false|false&#8220; module_alignment_tablet=&#8220;&#8220; module_alignment_phone=&#8220;left&#8220; module_alignment_last_edited=&#8220;on|phone&#8220; global_colors_info=&#8220;{}&#8220;][\/et_pb_video][et_pb_text _builder_version=&#8220;4.27.2&#8243; _module_preset=&#8220;default&#8220; text_text_color=&#8220;#FFFFFF&#8220; global_colors_info=&#8220;{}&#8220;]<\/p>\n<p>Lithium-Ionen-Schrank Video englisch.\u00a0\u00a0 <img loading=\"lazy\" decoding=\"async\" src=\"http:\/\/efbeem.de\/wp-content\/uploads\/2024\/10\/Bildschirmfoto-2024-10-23-um-15.34.15.png\" width=\"20\" height=\"11\" alt=\"\" class=\"wp-image-2460 alignnone size-full\" srcset=\"https:\/\/lacont.de\/wp-content\/uploads\/2024\/10\/Bildschirmfoto-2024-10-23-um-15.34.15.png 212w, https:\/\/lacont.de\/wp-content\/uploads\/2024\/10\/Bildschirmfoto-2024-10-23-um-15.34.15-18x10.png 18w\" sizes=\"(max-width: 20px) 100vw, 20px\" \/>\u00a0<\/p>\n<p>[\/et_pb_text][\/et_pb_column][\/et_pb_row][\/et_pb_section][et_pb_section fb_built=&#8220;1&#8243; _builder_version=&#8220;4.24.3&#8243; _module_preset=&#8220;default&#8220; custom_padding=&#8220;||120px||false|false&#8220; global_colors_info=&#8220;{}&#8220;][et_pb_row _builder_version=&#8220;4.24.3&#8243; _module_preset=&#8220;default&#8220; global_colors_info=&#8220;{}&#8220;][et_pb_column type=&#8220;4_4&#8243; _builder_version=&#8220;4.24.3&#8243; _module_preset=&#8220;default&#8220; global_colors_info=&#8220;{}&#8220;][et_pb_text _builder_version=&#8220;4.24.3&#8243; _module_preset=&#8220;default&#8220; header_3_font=&#8220;Oswald||||||||&#8220; header_3_text_align=&#8220;center&#8220; header_3_font_size=&#8220;33px&#8220; header_3_letter_spacing=&#8220;1px&#8220; header_3_line_height=&#8220;1.3em&#8220; text_orientation=&#8220;center&#8220; header_3_font_size_tablet=&#8220;33px&#8220; header_3_font_size_phone=&#8220;28px&#8220; header_3_font_size_last_edited=&#8220;on|phone&#8220; global_colors_info=&#8220;{}&#8220;]<\/p>\n<h3>Sichere Lithium-Ionen-Lagerung<\/h3>\n<p>Unsere Lithium-Ionen-Lagerungssysteme bieten zuverl\u00e4ssigen Schutz und Sicherheit f\u00fcr Ihr Unternehmen.<\/p>\n<p>[\/et_pb_text][\/et_pb_column][\/et_pb_row][et_pb_row column_structure=&#8220;1_3,1_3,1_3&#8243; module_class=&#8220;three-col-tab&#8220; _builder_version=&#8220;4.24.3&#8243; _module_preset=&#8220;default&#8220; global_colors_info=&#8220;{}&#8220;][et_pb_column type=&#8220;1_3&#8243; _builder_version=&#8220;4.24.3&#8243; _module_preset=&#8220;default&#8220; global_colors_info=&#8220;{}&#8220;][et_pb_image src=&#8220;https:\/\/lacont.de\/wp-content\/uploads\/2026\/02\/prod_li-ion1.jpg&#8220; title_text=&#8220;prod_li-ion1&#8243; _builder_version=&#8220;4.27.5&#8243; _module_preset=&#8220;default&#8220; hover_enabled=&#8220;0&#8243; global_colors_info=&#8220;{}&#8220; sticky_enabled=&#8220;0&#8243;][\/et_pb_image][et_pb_text _builder_version=&#8220;4.27.4&#8243; _module_preset=&#8220;default&#8220; header_font=&#8220;Oswald||||||||&#8220; header_font_size=&#8220;21px&#8220; header_letter_spacing=&#8220;1px&#8220; header_line_height=&#8220;1.3em&#8220; height=&#8220;110px&#8220; height_tablet=&#8220;110px&#8220; height_phone=&#8220;auto&#8220; height_last_edited=&#8220;on|phone&#8220; custom_margin=&#8220;||18px|||&#8220; header_font_size_tablet=&#8220;16px&#8220; header_font_size_phone=&#8220;16px&#8220; header_font_size_last_edited=&#8220;on|tablet&#8220; global_colors_info=&#8220;{}&#8220;]<\/p>\n<h1><span>Akku-Schrank Li-Ion Basic Store\/Charge EI 90<\/span><\/h1>\n<p>[\/et_pb_text][et_pb_button button_url=&#8220;@ET-DC@eyJkeW5hbWljIjp0cnVlLCJjb250ZW50IjoicG9zdF9saW5rX3VybF9hdHRhY2htZW50Iiwic2V0dGluZ3MiOnsicG9zdF9pZCI6IjM5MTQifX0=@&#8220; url_new_window=&#8220;on&#8220; button_text=&#8220;Katalog-PDF&#8220; _builder_version=&#8220;4.27.4&#8243; _dynamic_attributes=&#8220;button_url&#8220; _module_preset=&#8220;default&#8220; custom_button=&#8220;on&#8220; button_text_size=&#8220;17px&#8220; button_text_color=&#8220;#FFFFFF&#8220; button_bg_color=&#8220;#21560d&#8220; button_border_radius=&#8220;6px&#8220; button_letter_spacing=&#8220;1px&#8220; button_font=&#8220;Oswald||||||||&#8220; custom_padding=&#8220;8px|22px|8px|22px|true|true&#8220; global_colors_info=&#8220;{}&#8220;][\/et_pb_button][\/et_pb_column][et_pb_column type=&#8220;1_3&#8243; _builder_version=&#8220;4.24.3&#8243; _module_preset=&#8220;default&#8220; global_colors_info=&#8220;{}&#8220;][et_pb_image src=&#8220;https:\/\/lacont.de\/wp-content\/uploads\/2026\/02\/prod_li-ion.jpg&#8220; title_text=&#8220;prod_li-ion&#8220; _builder_version=&#8220;4.27.5&#8243; _module_preset=&#8220;default&#8220; global_colors_info=&#8220;{}&#8220;][\/et_pb_image][et_pb_text _builder_version=&#8220;4.27.4&#8243; _module_preset=&#8220;default&#8220; header_font=&#8220;Oswald||||||||&#8220; header_font_size=&#8220;21px&#8220; header_letter_spacing=&#8220;1px&#8220; header_line_height=&#8220;1.3em&#8220; height=&#8220;110px&#8220; height_tablet=&#8220;110px&#8220; height_phone=&#8220;auto&#8220; height_last_edited=&#8220;on|phone&#8220; custom_margin=&#8220;||18px|||&#8220; header_font_size_tablet=&#8220;16px&#8220; header_font_size_phone=&#8220;16px&#8220; header_font_size_last_edited=&#8220;on|tablet&#8220; global_colors_info=&#8220;{}&#8220;]<\/p>\n<h1><span>Akku-Schrank Li-Ion Safe Pro<\/span><\/h1>\n<p>[\/et_pb_text][et_pb_button button_url=&#8220;@ET-DC@eyJkeW5hbWljIjp0cnVlLCJjb250ZW50IjoicG9zdF9saW5rX3VybF9hdHRhY2htZW50Iiwic2V0dGluZ3MiOnsicG9zdF9pZCI6IjM5MTMifX0=@&#8220; url_new_window=&#8220;on&#8220; button_text=&#8220;Katalog-PDF&#8220; _builder_version=&#8220;4.27.4&#8243; _dynamic_attributes=&#8220;button_url&#8220; _module_preset=&#8220;default&#8220; custom_button=&#8220;on&#8220; button_text_size=&#8220;17px&#8220; button_text_color=&#8220;#FFFFFF&#8220; button_bg_color=&#8220;#21560d&#8220; button_border_radius=&#8220;6px&#8220; button_letter_spacing=&#8220;1px&#8220; button_font=&#8220;Oswald||||||||&#8220; custom_padding=&#8220;8px|22px|8px|22px|true|true&#8220; global_colors_info=&#8220;{}&#8220;][\/et_pb_button][\/et_pb_column][et_pb_column type=&#8220;1_3&#8243; _builder_version=&#8220;4.24.3&#8243; _module_preset=&#8220;default&#8220; global_colors_info=&#8220;{}&#8220;][et_pb_image src=&#8220;https:\/\/lacont.de\/wp-content\/uploads\/2026\/02\/prod_li-ion3.jpg&#8220; title_text=&#8220;prod_li-ion3&#8243; _builder_version=&#8220;4.27.5&#8243; _module_preset=&#8220;default&#8220; hover_enabled=&#8220;0&#8243; global_colors_info=&#8220;{}&#8220; sticky_enabled=&#8220;0&#8243;][\/et_pb_image][et_pb_text _builder_version=&#8220;4.24.3&#8243; _module_preset=&#8220;default&#8220; header_font=&#8220;Oswald||||||||&#8220; header_font_size=&#8220;21px&#8220; header_letter_spacing=&#8220;1px&#8220; header_line_height=&#8220;1.3em&#8220; height=&#8220;110px&#8220; height_tablet=&#8220;110px&#8220; height_phone=&#8220;auto&#8220; height_last_edited=&#8220;on|phone&#8220; custom_margin=&#8220;||18px|||&#8220; header_font_size_tablet=&#8220;16px&#8220; header_font_size_phone=&#8220;16px&#8220; header_font_size_last_edited=&#8220;on|tablet&#8220; global_colors_info=&#8220;{}&#8220;]<\/p>\n<h1><span>Batterie-Beton-Schrank BBS<\/span><\/h1>\n<p>[\/et_pb_text][et_pb_button button_url=&#8220;@ET-DC@eyJkeW5hbWljIjp0cnVlLCJjb250ZW50IjoicG9zdF9saW5rX3VybF9hdHRhY2htZW50Iiwic2V0dGluZ3MiOnsicG9zdF9pZCI6IjM5MTIifX0=@&#8220; url_new_window=&#8220;on&#8220; button_text=&#8220;Katalog-PDF&#8220; _builder_version=&#8220;4.27.4&#8243; _dynamic_attributes=&#8220;button_url&#8220; _module_preset=&#8220;default&#8220; custom_button=&#8220;on&#8220; button_text_size=&#8220;17px&#8220; button_text_color=&#8220;#FFFFFF&#8220; button_bg_color=&#8220;#21560d&#8220; button_border_radius=&#8220;6px&#8220; button_letter_spacing=&#8220;1px&#8220; button_font=&#8220;Oswald||||||||&#8220; custom_padding=&#8220;8px|22px|8px|22px|true|true&#8220; global_colors_info=&#8220;{}&#8220;][\/et_pb_button][\/et_pb_column][\/et_pb_row][et_pb_row column_structure=&#8220;1_3,1_3,1_3&#8243; module_class=&#8220;three-col-tab&#8220; _builder_version=&#8220;4.24.3&#8243; _module_preset=&#8220;default&#8220; global_colors_info=&#8220;{}&#8220;][et_pb_column type=&#8220;1_3&#8243; _builder_version=&#8220;4.24.3&#8243; _module_preset=&#8220;default&#8220; global_colors_info=&#8220;{}&#8220;][et_pb_image src=&#8220;https:\/\/lacont.de\/wp-content\/uploads\/2026\/02\/prod_li-ion4.jpg&#8220; title_text=&#8220;prod_li-ion4&#8243; _builder_version=&#8220;4.27.5&#8243; _module_preset=&#8220;default&#8220; hover_enabled=&#8220;0&#8243; global_colors_info=&#8220;{}&#8220; sticky_enabled=&#8220;0&#8243;][\/et_pb_image][et_pb_text _builder_version=&#8220;4.27.4&#8243; _module_preset=&#8220;default&#8220; header_font=&#8220;Oswald||||||||&#8220; header_font_size=&#8220;21px&#8220; header_letter_spacing=&#8220;1px&#8220; header_line_height=&#8220;1.3em&#8220; height=&#8220;110px&#8220; height_tablet=&#8220;110px&#8220; height_phone=&#8220;auto&#8220; height_last_edited=&#8220;on|phone&#8220; custom_margin=&#8220;||18px|||&#8220; header_font_size_tablet=&#8220;16px&#8220; header_font_size_phone=&#8220;16px&#8220; header_font_size_last_edited=&#8220;on|tablet&#8220; global_colors_info=&#8220;{}&#8220;]<\/p>\n<h1><span>Gefahrgut-Transportbeh\u00e4lter-Set f\u00fcr Lithium-Ionen-Batterien (Akkus)<\/span><\/h1>\n<p>[\/et_pb_text][et_pb_button button_url=&#8220;@ET-DC@eyJkeW5hbWljIjp0cnVlLCJjb250ZW50IjoicG9zdF9saW5rX3VybF9hdHRhY2htZW50Iiwic2V0dGluZ3MiOnsicG9zdF9pZCI6IjM5MTEifX0=@&#8220; url_new_window=&#8220;on&#8220; button_text=&#8220;Katalog-PDF&#8220; disabled_on=&#8220;off|off|off&#8220; _builder_version=&#8220;4.27.4&#8243; _dynamic_attributes=&#8220;button_url&#8220; _module_preset=&#8220;default&#8220; custom_button=&#8220;on&#8220; button_text_size=&#8220;17px&#8220; button_text_color=&#8220;#FFFFFF&#8220; button_bg_color=&#8220;#21560d&#8220; button_border_radius=&#8220;6px&#8220; button_letter_spacing=&#8220;1px&#8220; button_font=&#8220;Oswald||||||||&#8220; custom_padding=&#8220;8px|22px|8px|22px|true|true&#8220; global_colors_info=&#8220;{}&#8220;][\/et_pb_button][\/et_pb_column][et_pb_column type=&#8220;1_3&#8243; _builder_version=&#8220;4.24.3&#8243; _module_preset=&#8220;default&#8220; global_colors_info=&#8220;{}&#8220;][et_pb_image src=&#8220;https:\/\/lacont.de\/wp-content\/uploads\/2026\/02\/prod_li-ion5.jpg&#8220; title_text=&#8220;prod_li-ion5&#8243; _builder_version=&#8220;4.27.5&#8243; _module_preset=&#8220;default&#8220; hover_enabled=&#8220;0&#8243; global_colors_info=&#8220;{}&#8220; sticky_enabled=&#8220;0&#8243;][\/et_pb_image][et_pb_text _builder_version=&#8220;4.27.4&#8243; _module_preset=&#8220;default&#8220; header_font=&#8220;Oswald||||||||&#8220; header_font_size=&#8220;21px&#8220; header_letter_spacing=&#8220;1px&#8220; header_line_height=&#8220;1.3em&#8220; height=&#8220;110px&#8220; height_tablet=&#8220;110px&#8220; height_phone=&#8220;auto&#8220; height_last_edited=&#8220;on|phone&#8220; custom_margin=&#8220;||18px|||&#8220; header_font_size_tablet=&#8220;16px&#8220; header_font_size_phone=&#8220;16px&#8220; header_font_size_last_edited=&#8220;on|tablet&#8220; global_colors_info=&#8220;{}&#8220;]<\/p>\n<h1><span>Lager- und Transportbeh\u00e4lter mit Feuerwiderstand &gt; 90 Min. f\u00fcr Lithium-Ionen-Batterien (Akkus)<\/span><\/h1>\n<p>[\/et_pb_text][et_pb_button button_url=&#8220;@ET-DC@eyJkeW5hbWljIjp0cnVlLCJjb250ZW50IjoicG9zdF9saW5rX3VybF9hdHRhY2htZW50Iiwic2V0dGluZ3MiOnsicG9zdF9pZCI6IjM5MTEifX0=@&#8220; url_new_window=&#8220;on&#8220; button_text=&#8220;Katalog-PDF&#8220; disabled_on=&#8220;off|off|off&#8220; _builder_version=&#8220;4.27.4&#8243; _dynamic_attributes=&#8220;button_url&#8220; _module_preset=&#8220;default&#8220; custom_button=&#8220;on&#8220; button_text_size=&#8220;17px&#8220; button_text_color=&#8220;#FFFFFF&#8220; button_bg_color=&#8220;#21560d&#8220; button_border_radius=&#8220;6px&#8220; button_letter_spacing=&#8220;1px&#8220; button_font=&#8220;Oswald||||||||&#8220; custom_padding=&#8220;8px|22px|8px|22px|true|true&#8220; global_colors_info=&#8220;{}&#8220;][\/et_pb_button][\/et_pb_column][et_pb_column type=&#8220;1_3&#8243; _builder_version=&#8220;4.24.3&#8243; _module_preset=&#8220;default&#8220; global_colors_info=&#8220;{}&#8220;][et_pb_image src=&#8220;https:\/\/lacont.de\/wp-content\/uploads\/2026\/02\/prod_li-ion6.jpg&#8220; title_text=&#8220;prod_li-ion6&#8243; _builder_version=&#8220;4.27.5&#8243; _module_preset=&#8220;default&#8220; hover_enabled=&#8220;0&#8243; global_colors_info=&#8220;{}&#8220; sticky_enabled=&#8220;0&#8243;][\/et_pb_image][et_pb_text _builder_version=&#8220;4.27.4&#8243; _module_preset=&#8220;default&#8220; header_font=&#8220;Oswald||||||||&#8220; header_font_size=&#8220;21px&#8220; header_letter_spacing=&#8220;1px&#8220; header_line_height=&#8220;1.3em&#8220; height=&#8220;110px&#8220; height_tablet=&#8220;110px&#8220; height_phone=&#8220;auto&#8220; height_last_edited=&#8220;on|phone&#8220; custom_margin=&#8220;||18px|||&#8220; header_font_size_tablet=&#8220;16px&#8220; header_font_size_phone=&#8220;16px&#8220; header_font_size_last_edited=&#8220;on|tablet&#8220; global_colors_info=&#8220;{}&#8220;]<\/p>\n<h1><span>LiBa\u00aeBarrel zum sicheren Sammeln, Lagern und Transportieren von Lithium-Ionen-Batterien (Akkus)<\/span><\/h1>\n<p>[\/et_pb_text][et_pb_button button_url=&#8220;@ET-DC@eyJkeW5hbWljIjp0cnVlLCJjb250ZW50IjoicG9zdF9saW5rX3VybF9hdHRhY2htZW50Iiwic2V0dGluZ3MiOnsicG9zdF9pZCI6IjM5MTAifX0=@&#8220; url_new_window=&#8220;on&#8220; button_text=&#8220;Katalog-PDF&#8220; _builder_version=&#8220;4.27.4&#8243; _dynamic_attributes=&#8220;button_url&#8220; _module_preset=&#8220;default&#8220; custom_button=&#8220;on&#8220; button_text_size=&#8220;17px&#8220; button_text_color=&#8220;#FFFFFF&#8220; button_bg_color=&#8220;#21560d&#8220; button_border_radius=&#8220;6px&#8220; button_letter_spacing=&#8220;1px&#8220; button_font=&#8220;Oswald||||||||&#8220; custom_padding=&#8220;8px|22px|8px|22px|true|true&#8220; global_colors_info=&#8220;{}&#8220;][\/et_pb_button][\/et_pb_column][\/et_pb_row][et_pb_row column_structure=&#8220;1_3,1_3,1_3&#8243; module_class=&#8220;three-col-tab&#8220; _builder_version=&#8220;4.24.3&#8243; _module_preset=&#8220;default&#8220; global_colors_info=&#8220;{}&#8220;][et_pb_column type=&#8220;1_3&#8243; _builder_version=&#8220;4.24.3&#8243; _module_preset=&#8220;default&#8220; global_colors_info=&#8220;{}&#8220;][et_pb_image src=&#8220;https:\/\/lacont.de\/wp-content\/uploads\/2026\/02\/prod_li-ion7.jpg&#8220; title_text=&#8220;prod_li-ion7&#8243; _builder_version=&#8220;4.27.5&#8243; _module_preset=&#8220;default&#8220; hover_enabled=&#8220;0&#8243; global_colors_info=&#8220;{}&#8220; sticky_enabled=&#8220;0&#8243;][\/et_pb_image][et_pb_text _builder_version=&#8220;4.27.4&#8243; _module_preset=&#8220;default&#8220; header_font=&#8220;Oswald||||||||&#8220; header_font_size=&#8220;21px&#8220; header_letter_spacing=&#8220;1px&#8220; header_line_height=&#8220;1.3em&#8220; height=&#8220;110px&#8220; height_tablet=&#8220;110px&#8220; height_phone=&#8220;auto&#8220; height_last_edited=&#8220;on|phone&#8220; custom_margin=&#8220;||18px|||&#8220; header_font_size_tablet=&#8220;16px&#8220; header_font_size_phone=&#8220;16px&#8220; header_font_size_last_edited=&#8220;on|tablet&#8220; global_colors_info=&#8220;{}&#8220;]<\/p>\n<h1><span>LiBa\u00aePack zum sicheren Versand von Lithium-Ionen-Batterien (Akkus)<\/span><\/h1>\n<p>[\/et_pb_text][et_pb_button button_url=&#8220;@ET-DC@eyJkeW5hbWljIjp0cnVlLCJjb250ZW50IjoicG9zdF9saW5rX3VybF9hdHRhY2htZW50Iiwic2V0dGluZ3MiOnsicG9zdF9pZCI6IjM5MTAifX0=@&#8220; url_new_window=&#8220;on&#8220; button_text=&#8220;Katalog-PDF&#8220; _builder_version=&#8220;4.27.4&#8243; _dynamic_attributes=&#8220;button_url&#8220; _module_preset=&#8220;default&#8220; custom_button=&#8220;on&#8220; button_text_size=&#8220;17px&#8220; button_text_color=&#8220;#FFFFFF&#8220; button_bg_color=&#8220;#21560d&#8220; button_border_radius=&#8220;6px&#8220; button_letter_spacing=&#8220;1px&#8220; button_font=&#8220;Oswald||||||||&#8220; custom_padding=&#8220;8px|22px|8px|22px|true|true&#8220; global_colors_info=&#8220;{}&#8220;][\/et_pb_button][\/et_pb_column][et_pb_column type=&#8220;1_3&#8243; _builder_version=&#8220;4.24.3&#8243; _module_preset=&#8220;default&#8220; global_colors_info=&#8220;{}&#8220;][et_pb_image src=&#8220;https:\/\/lacont.de\/wp-content\/uploads\/2026\/02\/prod_li-ion8.jpg&#8220; title_text=&#8220;prod_li-ion8&#8243; _builder_version=&#8220;4.27.5&#8243; _module_preset=&#8220;default&#8220; hover_enabled=&#8220;0&#8243; global_colors_info=&#8220;{}&#8220; sticky_enabled=&#8220;0&#8243;][\/et_pb_image][et_pb_text _builder_version=&#8220;4.27.4&#8243; _module_preset=&#8220;default&#8220; header_font=&#8220;Oswald||||||||&#8220; header_font_size=&#8220;21px&#8220; header_letter_spacing=&#8220;1px&#8220; header_line_height=&#8220;1.3em&#8220; height=&#8220;110px&#8220; height_tablet=&#8220;110px&#8220; height_phone=&#8220;auto&#8220; height_last_edited=&#8220;on|phone&#8220; custom_margin=&#8220;||18px|||&#8220; header_font_size_tablet=&#8220;16px&#8220; header_font_size_phone=&#8220;16px&#8220; header_font_size_last_edited=&#8220;on|tablet&#8220; global_colors_info=&#8220;{}&#8220;]<\/p>\n<h1><span>Die Komplettl\u00f6sung &#8211; LiBa\u00aeBox zum sicheren Transportieren und Lagern von Lithium-Ionen-Batterien (Akkus)<\/span><\/h1>\n<p>[\/et_pb_text][et_pb_button button_url=&#8220;@ET-DC@eyJkeW5hbWljIjp0cnVlLCJjb250ZW50IjoicG9zdF9saW5rX3VybF9hdHRhY2htZW50Iiwic2V0dGluZ3MiOnsicG9zdF9pZCI6IjM5MTAifX0=@&#8220; url_new_window=&#8220;on&#8220; button_text=&#8220;Katalog-PDF&#8220; _builder_version=&#8220;4.27.4&#8243; _dynamic_attributes=&#8220;button_url&#8220; _module_preset=&#8220;default&#8220; custom_button=&#8220;on&#8220; button_text_size=&#8220;17px&#8220; button_text_color=&#8220;#FFFFFF&#8220; button_bg_color=&#8220;#21560d&#8220; button_border_radius=&#8220;6px&#8220; button_letter_spacing=&#8220;1px&#8220; button_font=&#8220;Oswald||||||||&#8220; custom_padding=&#8220;8px|22px|8px|22px|true|true&#8220; global_colors_info=&#8220;{}&#8220;][\/et_pb_button][\/et_pb_column][et_pb_column type=&#8220;1_3&#8243; _builder_version=&#8220;4.24.3&#8243; _module_preset=&#8220;default&#8220; global_colors_info=&#8220;{}&#8220;][\/et_pb_column][\/et_pb_row][\/et_pb_section]<\/p>\n","protected":false},"excerpt":{"rendered":"<p>Lithium-Ionen-Lagerung von LaContLagerung und Transportgepr\u00fcft sicher.Lithium-Ionen-Schrank Video deutsch\u00a0 Lithium-Ionen-Schrank Video englisch.\u00a0\u00a0 \u00a0Sichere Lithium-Ionen-Lagerung Unsere Lithium-Ionen-Lagerungssysteme bieten zuverl\u00e4ssigen Schutz und Sicherheit f\u00fcr Ihr Unternehmen.Akku-Schrank Li-Ion Basic Store\/Charge EI 90Akku-Schrank Li-Ion Safe ProBatterie-Beton-Schrank BBSGefahrgut-Transportbeh\u00e4lter-Set f\u00fcr Lithium-Ionen-Batterien (Akkus)Lager- und Transportbeh\u00e4lter mit Feuerwiderstand &gt; 90 Min. f\u00fcr Lithium-Ionen-Batterien (Akkus)LiBa\u00aeBarrel zum sicheren Sammeln, Lagern und Transportieren von Lithium-Ionen-Batterien (Akkus)LiBa\u00aePack zum [&hellip;]<\/p>\n","protected":false},"author":1,"featured_media":0,"parent":0,"menu_order":0,"comment_status":"closed","ping_status":"closed","template":"","meta":{"_et_pb_use_builder":"on","_et_pb_old_content":"<!-- wp:divi\/placeholder \/-->","_et_gb_content_width":"","footnotes":""},"class_list":["post-264","page","type-page","status-publish","hentry"],"_links":{"self":[{"href":"https:\/\/lacont.de\/en\/wp-json\/wp\/v2\/pages\/264","targetHints":{"allow":["GET"]}}],"collection":[{"href":"https:\/\/lacont.de\/en\/wp-json\/wp\/v2\/pages"}],"about":[{"href":"https:\/\/lacont.de\/en\/wp-json\/wp\/v2\/types\/page"}],"author":[{"embeddable":true,"href":"https:\/\/lacont.de\/en\/wp-json\/wp\/v2\/users\/1"}],"replies":[{"embeddable":true,"href":"https:\/\/lacont.de\/en\/wp-json\/wp\/v2\/comments?post=264"}],"version-history":[{"count":60,"href":"https:\/\/lacont.de\/en\/wp-json\/wp\/v2\/pages\/264\/revisions"}],"predecessor-version":[{"id":4445,"href":"https:\/\/lacont.de\/en\/wp-json\/wp\/v2\/pages\/264\/revisions\/4445"}],"wp:attachment":[{"href":"https:\/\/lacont.de\/en\/wp-json\/wp\/v2\/media?parent=264"}],"curies":[{"name":"wp","href":"https:\/\/api.w.org\/{rel}","templated":true}]}}