{"id":32,"date":"2024-04-08T13:17:35","date_gmt":"2024-04-08T13:17:35","guid":{"rendered":"http:\/\/efbeem.de\/?page_id=32"},"modified":"2024-12-06T11:58:05","modified_gmt":"2024-12-06T11:58:05","slug":"datenschutz","status":"publish","type":"page","link":"https:\/\/lacont.de\/en\/datenschutz\/","title":{"rendered":"Data protection"},"content":{"rendered":"<p>[et_pb_section fb_built=&#8220;1&#8243; _builder_version=&#8220;4.24.3&#8243; _module_preset=&#8220;default&#8220; use_background_color_gradient=&#8220;on&#8220; background_color_gradient_direction=&#8220;92deg&#8220; background_color_gradient_stops=&#8220;rgba(48,119,28,0.64) 0%|rgba(255,255,255,0) 68%&#8220; background_color_gradient_overlays_image=&#8220;on&#8220; background_image=&#8220;http:\/\/efbeem.de\/wp-content\/uploads\/2024\/06\/AdobeStock_224978992-scaled.jpeg&#8220; height=&#8220;52vh&#8220; height_tablet=&#8220;40vh&#8220; height_phone=&#8220;30vh&#8220; height_last_edited=&#8220;on|tablet&#8220; custom_padding=&#8220;||||false|false&#8220; global_colors_info=&#8220;{}&#8220;][et_pb_row _builder_version=&#8220;4.24.3&#8243; _module_preset=&#8220;default&#8220; global_colors_info=&#8220;{}&#8220;][et_pb_column type=&#8220;4_4&#8243; _builder_version=&#8220;4.24.3&#8243; _module_preset=&#8220;default&#8220; global_colors_info=&#8220;{}&#8220;][et_pb_text _builder_version=&#8220;4.24.3&#8243; _module_preset=&#8220;default&#8220; text_font=&#8220;||||||||&#8220; header_font=&#8220;Oswald|700|||||||&#8220; header_text_color=&#8220;#FFFFFF&#8220; header_font_size=&#8220;70px&#8220; header_letter_spacing=&#8220;1px&#8220; header_line_height=&#8220;1.3em&#8220; header_3_font=&#8220;|||on|||||&#8220; header_3_text_color=&#8220;#FFFFFF&#8220; header_3_letter_spacing=&#8220;1px&#8220; header_font_size_tablet=&#8220;44px&#8220; header_font_size_phone=&#8220;35px&#8220; header_font_size_last_edited=&#8220;on|phone&#8220; global_colors_info=&#8220;{}&#8220;]<\/p>\n<h1>Datenschutz<\/h1>\n<p>[\/et_pb_text][\/et_pb_column][\/et_pb_row][\/et_pb_section][et_pb_section fb_built=&#8220;1&#8243; _builder_version=&#8220;4.24.3&#8243; _module_preset=&#8220;default&#8220; custom_padding=&#8220;||120px||false|false&#8220; global_colors_info=&#8220;{}&#8220;][et_pb_row _builder_version=&#8220;4.24.3&#8243; _module_preset=&#8220;default&#8220; global_colors_info=&#8220;{}&#8220;][et_pb_column type=&#8220;4_4&#8243; _builder_version=&#8220;4.24.3&#8243; _module_preset=&#8220;default&#8220; global_colors_info=&#8220;{}&#8220;][et_pb_text _builder_version=&#8220;4.24.3&#8243; _module_preset=&#8220;default&#8220; header_2_font=&#8220;Ubuntu||||||||&#8220; header_2_font_size=&#8220;21px&#8220; header_3_font=&#8220;Oswald||||||||&#8220; header_3_text_align=&#8220;center&#8220; header_3_font_size=&#8220;33px&#8220; header_3_letter_spacing=&#8220;1px&#8220; header_3_line_height=&#8220;1.6em&#8220; text_orientation=&#8220;center&#8220; header_2_font_size_tablet=&#8220;21px&#8220; header_2_font_size_phone=&#8220;18px&#8220; header_2_font_size_last_edited=&#8220;on|phone&#8220; header_3_font_size_tablet=&#8220;33px&#8220; header_3_font_size_phone=&#8220;30px&#8220; header_3_font_size_last_edited=&#8220;on|phone&#8220; global_colors_info=&#8220;{}&#8220;]<\/p>\n<h3>Datenschutzerkl\u00e4rung<\/h3>\n<h2><span>LACONT Umwelttechnik GmbH<\/span><\/h2>\n<p>[\/et_pb_text][\/et_pb_column][\/et_pb_row][et_pb_row _builder_version=&#8220;4.24.3&#8243; _module_preset=&#8220;default&#8220; global_colors_info=&#8220;{}&#8220;][et_pb_column type=&#8220;4_4&#8243; _builder_version=&#8220;4.24.3&#8243; _module_preset=&#8220;default&#8220; global_colors_info=&#8220;{}&#8220;][et_pb_text _builder_version=&#8220;4.27.2&#8243; _module_preset=&#8220;default&#8220; text_font=&#8220;Ubuntu||||||||&#8220; text_font_size=&#8220;15px&#8220; link_text_color=&#8220;#F2C100&#8243; text_orientation=&#8220;center&#8220; global_colors_info=&#8220;{}&#8220;]<\/p>\n<div class=\"linksb8pt\">\n<div class=\"linksb\">\n<p><b><u><span class=\"linksb\"><\/span><\/u><\/b><\/p>\n<p><b><u><span class=\"linksb\">Datenschutz<\/span><\/u><\/b><\/p>\n<\/div>\n<\/div>\n<p><b><u><\/u><\/b><\/p>\n<div class=\"linksb8pt\">\n<div class=\"linksb\">\n<p><span class=\"linksb\">Der Schutz personenbezogener Daten ist uns ein wichtiges Anliegen. Deshalb verarbeiten wir vertraulich die personenbezogenen Daten unserer Mitarbeiter, Kunden sowie Gesch\u00e4ftspartner in \u00dcbereinstimmung mit den anwendbaren Rechtsvorschriften zum Schutz personenbezogener Daten und zur Datensicherheit.<\/span><\/p>\n<p><span class=\"linksb\">Der Besuch dieser Website erfordert keine Angaben personenbezogener Daten. Es werden folgende Daten erhoben und vor\u00fcbergehend bis zur der automatisierten L\u00f6schung gespeichert:<br \/><\/span><\/p>\n<p><span class=\"linksb\">\u00b7\u00a0\u00a0IP-Adresse<br \/>\u00b7\u00a0\u00a0Datum und Uhrzeit des Zugriffs auf die Website<br \/>\u00b7\u00a0\u00a0Name und URL der abgerufenen Webseite<br \/>\u00b7\u00a0\u00a0die \u00fcbertragene Datenmenge<br \/>\u00b7\u00a0\u00a0Daten des benutzten Browsers und des verwendeten Betriebssystems<br \/>\u00b7\u00a0\u00a0Name und Netzwerkkennung des Internetproviders<br \/>\u00b7\u00a0\u00a0die Domain, die auf diese Webseite gef\u00fchrt hat<\/span><\/p>\n<p><span class=\"linksb\">Wir beabsichtigen keine Weitergabe dieser Daten an Dritte. \u00a0<\/span><\/p>\n<p><b><u><span class=\"linksb\">Einverst\u00e4ndnis<\/span><\/u><\/b><\/p>\n<\/div>\n<\/div>\n<p><b><u><\/u><\/b><\/p>\n<div class=\"linksb8pt\">\n<div class=\"linksb\">\n<p><span class=\"linksb\">Der Besucher unserer Website erkl\u00e4rt sich mit der Nutzung der Website in die Speicherung dieser Daten einverstanden, wobei dieses Einverst\u00e4ndnis jederzeit widerrufen werden kann.<\/span><\/p>\n<p><b><u><span class=\"linksb\">Benutzerrechte<\/span><\/u><\/b><\/p>\n<p><span class=\"linksb\">Dem Benutzer der Website stehen folgende Rechte zu:<\/span><\/p>\n<ul>\n<li><span class=\"linksb\"><span class=\"linksb\">die Einverst\u00e4ndniserkl\u00e4rung jederzeit durch einfache schriftliche Erkl\u00e4rung gegen\u00fcber uns zu widerrufen (gem\u00e4\u00df Art. 7 Abs. 3 DSGVO)<\/span><\/span><\/li>\n<li><span class=\"linksb\"><span class=\"linksb\">Auskunft \u00fcber die von uns verarbeiteten personenbezogenen Daten zu erlangen (gem\u00e4\u00df Art. 15 DSGVO), wie u.a. \u00fcber den Zweck der Verarbeitung, die Kategorien der Daten, die Kategorien der Empf\u00e4nger (Dritten, denen die Daten offengelegt werden), die beabsichtigte Speicherdauer, das Bestehen eines Rechts auf Korrektur, L\u00f6schung, Einschr\u00e4nkung der Verarbeitung, Widerspruch oder das Bestehen eines Beschwerderechts, die Herkunft ihrer Daten, sofern diese nicht bei uns erhoben wurden, sowie \u00fcber das Bestehen einer automatisierten Entscheidungsfindung einschlie\u00dflich Profiling und ggf. aussagekr\u00e4ftigen Informationen zu deren Einzelheiten verlangen;<\/span><\/span><\/li>\n<li><span class=\"linksb\"><span class=\"linksb\">die sofortige Korrektur unrichtiger oder unvollst\u00e4ndiger gespeicherter Daten zu verlangen (gem\u00e4\u00df Art. 16 DSGVO);<\/span><\/span><\/li>\n<li><span class=\"linksb\"><span class=\"linksb\">die vollst\u00e4ndige L\u00f6schung der erhobenen personenbezogenen Daten zu verlangen, soweit diese Verarbeitung nicht Verarbeitung zur Aus\u00fcbung des Rechts auf freie Meinungs\u00e4u\u00dferung und Information, zur Erf\u00fcllung einer rechtlichen Verpflichtung, aus Gr\u00fcnden des \u00f6ffentlichen Interesses oder zur Geltendmachung, Aus\u00fcbung oder Verteidigung von Rechtsanspr\u00fcchen erforderlich ist (gem\u00e4\u00df Art. 17 DSGVO);<\/span><\/span><\/li>\n<li><span class=\"linksb\"><span class=\"linksb\">eine Einschr\u00e4nkung hinsichtlich der Verarbeitung dieser Daten zu verlangen, soweit die Richtigkeit dieser Daten angegriffen wird, die Verarbeitung nicht rechtm\u00e4\u00dfig ist, die L\u00f6schung allerdings\u00a0 nicht vom Benutzer verlangt wird und diese Daten von uns nicht mehr gebraucht werden (gem\u00e4\u00df Art. 18 DSGVO) \u00a0und der Benutzer die Daten zur Geltendmachung von Rechtsanspr\u00fcchen ben\u00f6tigt oder \u00a0gem\u00e4\u00df Art. 21 DSGVO Widerspruch gegen die Verarbeitung eingelegt hat;<\/span><\/span><\/li>\n<li><span class=\"linksb\"><span class=\"linksb\">die personenbezogenen Daten in einem g\u00e4ngigen maschinenlesbaren und strukturierten Format bereitgestellt zu bekommen (gem\u00e4\u00df Art. 20 DSGVO) oder die \u00dcbermittlung an einen anderen Verantwortlichen Dritten zu verlangen, soweit dies technisch machbar ist;<\/span><\/span><\/li>\n<li><span class=\"linksb\">gem\u00e4\u00df Art. 77 DSGVO bei der zust\u00e4ndigen Beh\u00f6rde Beschwerde einzulegen, wobei sich der Benutzer dabei an die Aufsichtsbeh\u00f6rde seines \u00fcblichen Aufenthaltsortes\/ Arbeitsplatzes oder an die Aufsichtsbeh\u00f6rde an unserem Sitz wenden.<\/span><\/li>\n<\/ul>\n<p><b><u><span class=\"linksb\">Hinweis<\/span><\/u><\/b><\/p>\n<p><span class=\"linksb\">Vorsorglich weisen wir die Benutzer dieser Website darauf hin, dass die \u00dcbertragung von Daten im Internet (z.B. bei E-Mail-Verkehr) Sicherheitsl\u00fccken aufweisen kann, weshalb die Datensicherheit bei unverschl\u00fcsselter Kommunikation nicht gew\u00e4hrleistet werden kann. Auf den konkreten und ausdr\u00fccklichen Wunsch, bieten wir den Benutzern an, nach vorheriger Absprache eine verschl\u00fcsselte Kommunikation zu verwenden.<\/span><\/p>\n<p><b><u><span class=\"linksb\">Cookies<\/span><\/u><\/b><\/p>\n<p><span class=\"linksb\">Auf unserer Website werden sogenannte Cookies eingesetzt, die dazu dienen, das Angebot dieser Website benutzerfreundlicher und sicherer zu machen. Cookies sind f\u00fcr den Benutzer nicht sch\u00e4dlich und enthalten keine Viren, die lediglich als Textdatei auf dem Empf\u00e4ngerger\u00e4t abgelegt werden und von dem Browser speichert werden. Der Gro\u00dfteil dieser Cookies werden nach Endes des Besuchs der Website automatisch wieder gel\u00f6scht, wobei einige wenige Cookies auf dem Empf\u00e4ngerger\u00e4t gespeichert werden, um den Browser beim Folgebesuch unserer Webseite erkennbar zu machen. Dem Benutzer steht es frei, die eigenen Browsereinstellungen so zu konfigurieren, dass die Nutzung von Cookies eingeschr\u00e4nkt erlaubt wird und \/ oder diese Cookies sofort wieder automatisch gel\u00f6scht werden.<\/span><\/p>\n<p><span class=\"linksb\">Die Speicherung der Cookies kann von dem Benutzer durch die entsprechende Einstellung der eigenen Browser-Software verhindern werden. Dar\u00fcber hinaus kann die Speicherung der Daten sowie deren Verarbeitung und Weiterleitung an z.B. Google dadurch verhindert werden, dass ein sogenannter Browser-Plugin heruntergeladen und installiert wird (<\/span><span class=\"linksb8pt\"><span class=\"linksb\"><a href=\"https:\/\/tools.google.com\/dlpage\/gaoptout?hl=de\" target=\"_blank\" rel=\"noopener\"><strong><span style=\"color: #006600;\">Browser-Plugin<\/span><\/strong><\/a><\/span><\/span><span class=\"linksb\">).<\/span><\/p>\n<p><span class=\"linksb\">Wir weisen darauf hin, dass die vollst\u00e4ndige Deaktivierung von Cookies zur einschr\u00e4nkbaren Nutzung dieser Website f\u00fchren kann.<\/span><span class=\"linksb\"><\/span><\/p>\n<p>Zur Verwaltung der eingesetzten Cookies und \u00e4hnlichen Technologien (Tracking-Pixel, Web-Beacons etc.) und diesbez\u00fcglicher Einwilligungen setzen wir das Consent Tool &#8222;Real Cookie Banner&#8220; ein. Details zur Funktionsweise von &#8222;Real Cookie Banner&#8220; findest du unter<br \/><a href=\"https:\/\/devowl.io\/de\/rcb\/datenverarbeitung\/\" rel=\"noopener noreferrer\" target=\"_blank\">https:\/\/devowl.io\/de\/rcb\/datenverarbeitung\/<\/a>.<\/p>\n<p>Rechtsgrundlagen f\u00fcr die Verarbeitung von personenbezogenen Daten in diesem Zusammenhang sind Art. 6 Abs. 1 lit. c DS-GVO und Art. 6 Abs. 1 lit. f DS-GVO. Unser berechtigtes Interesse ist die Verwaltung der eingesetzten Cookies und \u00e4hnlichen Technologien und der diesbez\u00fcglichen Einwilligungen.<\/p>\n<p>Die Bereitstellung der personenbezogenen Daten ist weder vertraglich vorgeschrieben noch f\u00fcr den Abschluss eines Vertrages notwendig. Du bist nicht verpflichtet die personenbezogenen Daten bereitzustellen. Wenn du die personenbezogenen Daten nicht bereitstellst, k\u00f6nnen wir deine Einwilligungen nicht verwalten.<\/p>\n<p><b><u><span class=\"linksb\">Aktualit\u00e4t<\/span><\/u><\/b><\/p>\n<p><span class=\"linksb\">Diese Datenschutzerkl\u00e4rung ist aktuell g\u00fcltig und hat den Stand Mai 2018.<\/span><\/p>\n<p><b><u><span class=\"linksb\">Datenschutzbeauftragter<\/span><\/u><\/b><\/p>\n<p>Zink 75 GmbH<br \/>Karl-Liebknecht-Platz 22<br \/>06886 Lutherstadt Wittenberg<br \/>Email:\u00a0<a href=\"mailto:post@zink75.de\">post@zink75.de<\/a><br \/>Tel: 03491 796336<\/p>\n<\/div>\n<div class=\"linksb\"><\/div>\n<div class=\"linksb\"><\/div>\n<div class=\"linksb\">\n<div class=\"tabelle_oben_zentriert\">\n<div class=\"linksb\">\n<p><strong><\/strong><\/p>\n<p><strong><\/strong><\/p>\n<p><strong>Unsere Social-Media-Auftritte<\/strong><\/p>\n<p><strong><\/strong><\/p>\n<\/div>\n<\/div>\n<p><b><u><\/u><\/b><\/p>\n<div class=\"linksb8pt\">\n<div class=\"linksb\">\n<h4 align=\"center\">Diese Datenschutzerkl\u00e4rung gilt f\u00fcr folgende Social-Media-Auftritte<\/h4>\n<p align=\"center\">https:\/\/www.facebook.com\/lacont.umwelttechnik<\/p>\n<p align=\"center\">https:\/\/www.instagram.com\/lacont_umwelttechnik\/<\/p>\n<p align=\"center\">https:\/\/de.linkedin.com\/company\/lacont-umwelttechnik-gmbh<\/p>\n<h4 align=\"center\"><\/h4>\n<h4 align=\"center\">Datenverarbeitung durch soziale Netzwerke<\/h4>\n<p align=\"center\">Wir unterhalten \u00f6ffentlich zug\u00e4ngliche Profile in sozialen Netzwerken. Die im Einzelnen von uns genutzten sozialen Netzwerke finden Sie weiter unten.<\/p>\n<p align=\"center\">Soziale Netzwerke wie LinkedIn etc. k\u00f6nnen Ihr Nutzerverhalten in der Regel umfassend analysieren, wenn Sie deren Website oder eine Website mit integrierten Social-Media-Inhalten (z.\u00a0B. Like-Buttons oder Werbebannern) besuchen. Durch den Besuch unserer Social-Media-Pr\u00e4senzen werden zahlreiche datenschutzrelevante Verarbeitungsvorg\u00e4nge ausgel\u00f6st. Im Einzelnen:<\/p>\n<p align=\"center\">Wenn Sie in Ihrem Social-Media-Account eingeloggt sind und unsere Social-Media-Pr\u00e4senz besuchen, kann der Betreiber des Social-Media-Portals diesen Besuch Ihrem Benutzerkonto zuordnen. Ihre personenbezogenen Daten k\u00f6nnen unter Umst\u00e4nden aber auch dann erfasst werden, wenn Sie nicht eingeloggt sind oder keinen Account beim jeweiligen Social-Media-Portal besitzen. Diese Datenerfassung erfolgt in diesem Fall beispielsweise \u00fcber Cookies, die auf Ihrem Endger\u00e4t gespeichert werden oder durch Erfassung Ihrer IP-Adresse.<\/p>\n<p align=\"center\">Mit Hilfe der so erfassten Daten k\u00f6nnen die Betreiber der Social-Media-Portale Nutzerprofile erstellen, in denen Ihre Pr\u00e4ferenzen und Interessen hinterlegt sind. Auf diese Weise kann Ihnen interessenbezogene Werbung in- und au\u00dferhalb der jeweiligen Social-Media-Pr\u00e4senz angezeigt werden. Sofern Sie \u00fcber einen Account beim jeweiligen sozialen Netzwerk verf\u00fcgen, kann die interessenbezogene Werbung auf allen Ger\u00e4ten angezeigt werden, auf denen Sie eingeloggt sind oder eingeloggt waren.<\/p>\n<p align=\"center\">Bitte beachten Sie au\u00dferdem, dass wir nicht alle Verarbeitungsprozesse auf den Social-Media-Portalen nachvollziehen k\u00f6nnen. Je nach Anbieter k\u00f6nnen daher ggf. weitere Verarbeitungsvorg\u00e4nge von den Betreibern der Social-Media-Portale durchgef\u00fchrt werden. Details hierzu entnehmen Sie den Nutzungsbedingungen und Datenschutzbestimmungen der jeweiligen Social-Media-Portale.<\/p>\n<h4 align=\"center\">Rechtsgrundlage<\/h4>\n<p align=\"center\">Unsere Social-Media-Auftritte sollen eine m\u00f6glichst umfassende Pr\u00e4senz im Internet gew\u00e4hrleisten. Hierbei handelt es sich um ein berechtigtes Interesse im Sinne von Art. 6 Abs. 1 lit. f DSGVO. Die von den sozialen Netzwerken initiierten Analyseprozesse beruhen ggf. auf abweichenden Rechtsgrundlagen, die von den Betreibern der sozialen Netzwerke anzugeben sind (z.\u00a0B. Einwilligung im Sinne des Art. 6 Abs. 1 lit. a DSGVO).<\/p>\n<h4 align=\"center\">Verantwortlicher und Geltendmachung von Rechten<\/h4>\n<p align=\"center\">Wenn Sie einen unserer Social-Media-Auftritte (z.\u00a0B. Facebook) besuchen, sind wir gemeinsam mit dem Betreiber der Social-Media-Plattform f\u00fcr die bei diesem Besuch ausgel\u00f6sten Datenverarbeitungsvorg\u00e4nge verantwortlich. Sie k\u00f6nnen Ihre Rechte (Auskunft, Berichtigung, L\u00f6schung, Einschr\u00e4nkung der Verarbeitung, Daten\u00fcbertragbarkeit und Beschwerde) grunds\u00e4tzlich sowohl gg\u00fc. uns als auch gg\u00fc. dem Betreiber des jeweiligen Social-Media-Portals (z.\u00a0B. gg\u00fc. Facebook) geltend machen.<\/p>\n<p align=\"center\">Bitte beachten Sie, dass wir trotz der gemeinsamen Verantwortlichkeit mit den Social-Media-Portal-Betreibern nicht vollumf\u00e4nglich Einfluss auf die Datenverarbeitungsvorg\u00e4nge der Social-Media-Portale haben. Unsere M\u00f6glichkeiten richten sich ma\u00dfgeblich nach der Unternehmenspolitik des jeweiligen Anbieters.<\/p>\n<h4 align=\"center\">Speicherdauer<\/h4>\n<p align=\"center\">Die unmittelbar von uns \u00fcber die Social-Media-Pr\u00e4senz erfassten Daten werden von unseren Systemen gel\u00f6scht, sobald Sie uns zur L\u00f6schung auffordern, Ihre Einwilligung zur Speicherung widerrufen oder der Zweck f\u00fcr die Datenspeicherung entf\u00e4llt. Gespeicherte Cookies verbleiben auf Ihrem Endger\u00e4t, bis Sie sie l\u00f6schen. Zwingende gesetzliche Bestimmungen \u2013 insb. Aufbewahrungsfristen \u2013 bleiben unber\u00fchrt.<\/p>\n<p align=\"center\">Auf die Speicherdauer Ihrer Daten, die von den Betreibern der sozialen Netzwerke zu eigenen Zwecken gespeichert werden, haben wir keinen Einfluss. F\u00fcr Einzelheiten dazu informieren Sie sich bitte direkt bei den Betreibern der sozialen Netzwerke (z.\u00a0B. in deren Datenschutzerkl\u00e4rung, siehe unten).<\/p>\n<h4 align=\"center\">Ihre Rechte<\/h4>\n<p align=\"center\">Sie haben jederzeit das Recht, unentgeltlich Auskunft \u00fcber Herkunft, Empf\u00e4nger und Zweck Ihrer gespeicherten personenbezogenen Daten zu erhalten. Ihnen steht au\u00dferdem ein Recht auf Widerspruch, auf Daten\u00fcbertragbarkeit und ein Beschwerderecht bei der zust\u00e4ndigen Aufsichtsbeh\u00f6rde zu. Ferner k\u00f6nnen Sie die Berichtigung, Sperrung, L\u00f6schung und unter bestimmten Umst\u00e4nden die Einschr\u00e4nkung der Verarbeitung Ihrer personenbezogenen Daten verlangen.<\/p>\n<h4 align=\"center\">Soziale Netzwerke im Einzelnen<\/h4>\n<\/div>\n<div class=\"linksb\" align=\"center\">\n<p><strong>Facebook<\/strong><br \/>Wir verf\u00fcgen \u00fcber ein Profil bei Facebook. Anbieter dieses Dienstes ist die Meta Platforms Ireland Limited, 4 Grand Canal Square, Grand Canal Harbour, Dublin 2, Irland (nachfolgend Meta). Die erfassten Daten werden nach Aussage von Meta auch in die USA und in andere Drittl\u00e4nder \u00fcbertragen. Wir haben mit Meta eine Vereinbarung \u00fcber gemeinsame Verarbeitung (Controller Addendum) geschlossen. In dieser Vereinbarung wird festgelegt, f\u00fcr welche Datenverarbeitungsvorg\u00e4nge wir bzw. Meta verantwortlich ist, wenn Sie unsere Facebook Page besuchen. Diese Vereinbarung k\u00f6nnen Sie unter folgendem Link einsehen: https:\/\/www.facebook.com\/legal\/terms\/page_controller_addendum.Sie k\u00f6nnen Ihre Werbeeinstellungen selbstst\u00e4ndig in Ihrem Nutzer Account anpassen. Klicken Sie hierzu auf folgenden Link und loggen Sie sich ein: https:\/\/www.facebook.com\/settings?tab=ads.<br \/>Die Daten\u00fcbertragung in die USA wird auf die Standardvertragsklauseln der EU Kommission gest\u00fctzt. Details finden Sie hier:<br \/>https:\/\/www.facebook.com\/legal\/EU_data_transfer_addendum und<br \/>https:\/\/de-de.facebook.com\/help\/566994660333381.<br \/>Details entnehmen Sie der Datenschutzerkl\u00e4rung von Facebook:<br \/>https:\/\/www.facebook.com\/about\/privacy\/.<br \/>Das Unternehmen verf\u00fcgt \u00fcber eine Zertifizierung nach dem \u201eEU-US Data Privacy Framework\u201c (DPF). Der DPF ist ein \u00dcbereinkommen zwischen der Europ\u00e4ischen Union und den USA, der die Einhaltung europ\u00e4ischer Datenschutzstandards bei Datenverarbeitungen in den USA gew\u00e4hrleisten soll. Jedes nach dem DPF zertifizierte Unternehmen verpflichtet sich, diese Datenschutzstandards einzuhalten. Weitere Informationen hierzu erhalten Sie vom diese Datenschutzstandards einzuhalten. Weitere Informationen hierzu erhalten Sie vom Anbieter unter folgendem Link:<br \/>https:\/\/www.dataprivacyframework.gov\/s\/participant-search\/participantdetail?contact=true&amp;id=a2zt0000000GnywAAC&amp;status=Active<\/p>\n<p><strong>Instagram<\/strong><br \/>Wir verf\u00fcgen \u00fcber ein Profil bei Instagram. Anbieter dieses Dienstes ist die Meta Platforms Ireland Limited, 4 Grand Canal Square, Grand Canal Harbour, Dublin 2, Irland. Die Daten\u00fcbertragung in die USA wird auf die Standardvertragsklauseln der EU Kommission gest\u00fctzt. Details finden Sie hier:<br \/>https:\/\/www.facebook.com\/legal\/EU_data_transfer_addendum,<br \/>https:\/\/privacycenter.instagram.com\/policy\/ und<br \/>https:\/\/de-de.facebook.com\/help\/566994660333381Details zu deren Umgang mit Ihren personenbezogenen Daten entnehmen Sie der Datenschutzerkl\u00e4rung von Instagram:<br \/>https:\/\/privacycenter.instagram.com\/policy\/.<br \/>Das Unternehmen verf\u00fcgt \u00fcber eine Zertifizierung nach dem \u201eEU-US Data Privacy Framework\u201c (DPF). Der DPF ist ein \u00dcbereinkommen zwischen der Europ\u00e4ischen Union und den USA, der die Einhaltung europ\u00e4ischer Datenschutzstandards bei Datenverarbeitungen in den USA gew\u00e4hrleisten soll. Jedes nach dem DPF zertifizierte Unternehmen verpflichtet sich, diese Datenschutzstandards einzuhalten. Weitere Informationen hierzu erhalten Sie vom Anbieter unter folgendem Link:<br \/>https:\/\/www.dataprivacyframework.gov\/s\/participant-search\/participantdetail?contact=true&amp;id=a2zt0000000GnywAAC&amp;status=Active<\/p>\n<\/div>\n<\/div>\n<div class=\"linksb8pt\" align=\"center\">\n<div class=\"linksb\" align=\"center\"><strong>LinkedIn<br \/><\/strong>Wir verf\u00fcgen \u00fcber ein Profil bei LinkedIn. Anbieter ist die LinkedIn Ireland Unlimited Company, Wilton Plaza, Wilton Place, Dublin 2,\u00a0Irland. LinkedIn verwendet Werbecookies.<\/div>\n<\/div>\n<div class=\"linksb8pt\">\n<div class=\"linksb\"><\/div>\n<\/div>\n<div class=\"tabelle_oben_zentriert\">\n<div class=\"linksb\">\n<p align=\"center\"><strong>Wenn Sie LinkedIn-Werbe-Cookies deaktivieren m\u00f6chten, nutzen Sie bitte folgenden Link:<span>\u00a0<\/span><\/strong><span style=\"color: #005800;\">https:\/\/www.linkedin.com\/psettings\/guest-controls\/retargeting-opt-out.<\/span><\/p>\n<p align=\"center\">Die Daten\u00fcbertragung in die USA wird auf die Standardvertragsklauseln der EU-Kommission gest\u00fctzt. Details finden Sie hier<span style=\"color: #005800;\">:\u00a0https:\/\/www.linkedin.com\/legal\/l\/dpa\u00a0und\u00a0https:\/\/www.linkedin.com\/legal\/l\/eu-sccs.<\/span><\/p>\n<\/div>\n<\/div>\n<div class=\"linksb8pt\">\n<div class=\"linksb\">\n<p align=\"center\">Details zu deren Umgang mit Ihren personenbezogenen Daten entnehmen Sie der Datenschutzerkl\u00e4rung von LinkedIn:<span style=\"color: #005800;\">\u00a0<a href=\"https:\/\/www.linkedin.com\/legal\/privacy-policy\">https:\/\/www.linkedin.com\/legal\/privacy-policy<\/a>.<\/span><span style=\"color: #005800;\"><\/span><\/p>\n<p align=\"center\"><span style=\"color: #005800;\"><\/span><\/p>\n<h3>Verwendung von OpenStreetMap<\/h3>\n<p>Auf dieser Webseite binden wir Kartenausschnitte von OpenStreetMap (kurz OSM), des Anbieters OpenStreetMap Foundation, 132 Maney Hill Road, Sutton Coldfield, B72 1JU, United Kingdom, ein. Dadurch wird Ihre IP-Adresse an einen Server von OSM in UK oder in den USA \u00fcbertragen und dort wahrscheinlich gespeichert. Auf diese Daten\u00fcbertragung und die weitere Verarbeitung haben wir als Verantwortliche keinen Einfluss. Rechtsgrundlage unserer Nutzung von OpenStreetMap ist Art. 6 Abs. 1 lit. f DSGVO, da wir ein berechtigten Interesse einer ansprechenden Darstellung und Nutzerfreundlichkeit unserer Webseite haben.<br \/>Weitere Informationen zur Datennutzung finden Sie in der<span>\u00a0<\/span><a href=\"https:\/\/wiki.osmfoundation.org\/wiki\/Privacy_Policy\" target=\"_blank\" rel=\"noopener noreferrer\">Datenschutzerkl\u00e4rung von OpenStreetMap<\/a>.<\/p>\n<\/div>\n<\/div>\n<\/div>\n<\/div>\n<p>[\/et_pb_text][\/et_pb_column][\/et_pb_row][\/et_pb_section]<\/p>\n","protected":false},"excerpt":{"rendered":"<p>DatenschutzDatenschutzerkl\u00e4rung LACONT Umwelttechnik GmbH Datenschutz Der Schutz personenbezogener Daten ist uns ein wichtiges Anliegen. Deshalb verarbeiten wir vertraulich die personenbezogenen Daten unserer Mitarbeiter, Kunden sowie Gesch\u00e4ftspartner in \u00dcbereinstimmung mit den anwendbaren Rechtsvorschriften zum Schutz personenbezogener Daten und zur Datensicherheit. Der Besuch dieser Website erfordert keine Angaben personenbezogener Daten. Es werden folgende Daten erhoben und vor\u00fcbergehend [&hellip;]<\/p>\n","protected":false},"author":1,"featured_media":0,"parent":0,"menu_order":0,"comment_status":"closed","ping_status":"closed","template":"","meta":{"_et_pb_use_builder":"on","_et_pb_old_content":"<!-- wp:divi\/placeholder \/-->","_et_gb_content_width":"","footnotes":""},"class_list":["post-32","page","type-page","status-publish","hentry"],"_links":{"self":[{"href":"https:\/\/lacont.de\/en\/wp-json\/wp\/v2\/pages\/32","targetHints":{"allow":["GET"]}}],"collection":[{"href":"https:\/\/lacont.de\/en\/wp-json\/wp\/v2\/pages"}],"about":[{"href":"https:\/\/lacont.de\/en\/wp-json\/wp\/v2\/types\/page"}],"author":[{"embeddable":true,"href":"https:\/\/lacont.de\/en\/wp-json\/wp\/v2\/users\/1"}],"replies":[{"embeddable":true,"href":"https:\/\/lacont.de\/en\/wp-json\/wp\/v2\/comments?post=32"}],"version-history":[{"count":8,"href":"https:\/\/lacont.de\/en\/wp-json\/wp\/v2\/pages\/32\/revisions"}],"predecessor-version":[{"id":2848,"href":"https:\/\/lacont.de\/en\/wp-json\/wp\/v2\/pages\/32\/revisions\/2848"}],"wp:attachment":[{"href":"https:\/\/lacont.de\/en\/wp-json\/wp\/v2\/media?parent=32"}],"curies":[{"name":"wp","href":"https:\/\/api.w.org\/{rel}","templated":true}]}}