{"id":3351,"date":"2025-11-10T13:17:12","date_gmt":"2025-11-10T13:17:12","guid":{"rendered":"https:\/\/lacont.de\/?page_id=3351"},"modified":"2025-11-10T13:18:22","modified_gmt":"2025-11-10T13:18:22","slug":"foerderprogramm-efre","status":"publish","type":"page","link":"https:\/\/lacont.de\/en\/foerderprogramm-efre\/","title":{"rendered":"ERDF funding programme"},"content":{"rendered":"<p>[et_pb_section fb_built=&#8220;1&#8243; _builder_version=&#8220;4.27.4&#8243; _module_preset=&#8220;default&#8220; background_color=&#8220;#197700&#8243; use_background_color_gradient=&#8220;on&#8220; background_color_gradient_direction=&#8220;181deg&#8220; background_color_gradient_stops=&#8220;rgba(41,53,112,0.63) 0%|rgba(209,209,209,0.58) 100%&#8220; background_color_gradient_overlays_image=&#8220;on&#8220; background_image=&#8220;https:\/\/lacont.de\/wp-content\/uploads\/2025\/11\/EFRE_Banner.jpg&#8220; height=&#8220;52vh&#8220; height_tablet=&#8220;40vh&#8220; height_phone=&#8220;30vh&#8220; height_last_edited=&#8220;on|phone&#8220; custom_padding=&#8220;||||false|false&#8220; hover_enabled=&#8220;0&#8243; global_colors_info=&#8220;{}&#8220; theme_builder_area=&#8220;post_content&#8220; title_text=&#8220;EFRE_Banner&#8220; sticky_enabled=&#8220;0&#8243;][et_pb_row _builder_version=&#8220;4.24.3&#8243; _module_preset=&#8220;default&#8220; global_colors_info=&#8220;{}&#8220; theme_builder_area=&#8220;post_content&#8220;][et_pb_column type=&#8220;4_4&#8243; _builder_version=&#8220;4.24.3&#8243; _module_preset=&#8220;default&#8220; global_colors_info=&#8220;{}&#8220; theme_builder_area=&#8220;post_content&#8220;][et_pb_text _builder_version=&#8220;4.27.4&#8243; _module_preset=&#8220;default&#8220; text_font=&#8220;||||||||&#8220; header_font=&#8220;Oswald|700|||||||&#8220; header_text_color=&#8220;#FFFFFF&#8220; header_font_size=&#8220;70px&#8220; header_letter_spacing=&#8220;1px&#8220; header_line_height=&#8220;1.3em&#8220; header_3_font=&#8220;|||on|||||&#8220; header_3_text_color=&#8220;#FFFFFF&#8220; header_3_letter_spacing=&#8220;1px&#8220; hover_enabled=&#8220;0&#8243; header_font_size_tablet=&#8220;44px&#8220; header_font_size_phone=&#8220;37px&#8220; header_font_size_last_edited=&#8220;on|phone&#8220; global_colors_info=&#8220;{}&#8220; theme_builder_area=&#8220;post_content&#8220; sticky_enabled=&#8220;0&#8243;]<\/p>\n<h1>F\u00f6rderprogramm EFRE der Europ\u00e4ischen Union<\/h1>\n<p>[\/et_pb_text][\/et_pb_column][\/et_pb_row][\/et_pb_section][et_pb_section fb_built=&#8220;1&#8243; _builder_version=&#8220;4.24.3&#8243; _module_preset=&#8220;default&#8220; custom_padding=&#8220;||185px||false|false&#8220; global_colors_info=&#8220;{}&#8220; theme_builder_area=&#8220;post_content&#8220;][et_pb_row _builder_version=&#8220;4.24.3&#8243; _module_preset=&#8220;default&#8220; global_colors_info=&#8220;{}&#8220; theme_builder_area=&#8220;post_content&#8220;][et_pb_column type=&#8220;4_4&#8243; _builder_version=&#8220;4.24.3&#8243; _module_preset=&#8220;default&#8220; global_colors_info=&#8220;{}&#8220; theme_builder_area=&#8220;post_content&#8220;][et_pb_text _builder_version=&#8220;4.27.4&#8243; _module_preset=&#8220;default&#8220; header_3_font=&#8220;Oswald||||||||&#8220; header_3_text_align=&#8220;center&#8220; header_3_font_size=&#8220;33px&#8220; header_3_letter_spacing=&#8220;1px&#8220; header_3_line_height=&#8220;1.6em&#8220; text_orientation=&#8220;center&#8220; hover_enabled=&#8220;0&#8243; header_3_font_size_tablet=&#8220;33px&#8220; header_3_font_size_phone=&#8220;27px&#8220; header_3_font_size_last_edited=&#8220;on|phone&#8220; global_colors_info=&#8220;{}&#8220; theme_builder_area=&#8220;post_content&#8220; sticky_enabled=&#8220;0&#8243;]<\/p>\n<h3>F\u00f6rderprogramm EFRE der Europ\u00e4ischen Union<\/h3>\n<p>[\/et_pb_text][\/et_pb_column][\/et_pb_row][et_pb_row column_structure=&#8220;1_2,1_2&#8243; module_class=&#8220;three-col-tab&#8220; _builder_version=&#8220;4.27.4&#8243; _module_preset=&#8220;default&#8220; max_width=&#8220;1200px&#8220; global_colors_info=&#8220;{}&#8220; theme_builder_area=&#8220;post_content&#8220;][et_pb_column type=&#8220;1_2&#8243; _builder_version=&#8220;4.27.4&#8243; _module_preset=&#8220;default&#8220; global_colors_info=&#8220;{}&#8220; theme_builder_area=&#8220;post_content&#8220;][et_pb_image src=&#8220;https:\/\/lacont.de\/wp-content\/uploads\/2025\/11\/Plakat_Aushang-pdf.jpg&#8220; title_text=&#8220;Plakat_Aushang&#8220; _builder_version=&#8220;4.27.4&#8243; _module_preset=&#8220;default&#8220; width=&#8220;90%&#8220; width_tablet=&#8220;&#8220; width_phone=&#8220;73%&#8220; width_last_edited=&#8220;on|phone&#8220; module_alignment=&#8220;center&#8220; custom_margin=&#8220;0px||16px||false|false&#8220; hover_enabled=&#8220;0&#8243; global_colors_info=&#8220;{}&#8220; theme_builder_area=&#8220;post_content&#8220; sticky_enabled=&#8220;0&#8243; show_in_lightbox=&#8220;on&#8220; border_width_all=&#8220;1px&#8220;][\/et_pb_image][\/et_pb_column][et_pb_column type=&#8220;1_2&#8243; _builder_version=&#8220;4.27.4&#8243; _module_preset=&#8220;default&#8220; global_colors_info=&#8220;{}&#8220; theme_builder_area=&#8220;post_content&#8220;][et_pb_text _builder_version=&#8220;4.27.4&#8243; _module_preset=&#8220;default&#8220; theme_builder_area=&#8220;post_content&#8220; hover_enabled=&#8220;0&#8243; sticky_enabled=&#8220;0&#8243; text_font_size=&#8220;18px&#8220; text_line_height=&#8220;2em&#8220;]<\/p>\n<p>Die Lacont Umwelttechnik GmbH nimmt am F\u00f6rderprogramm EFRE der Europ\u00e4ischen Union teil und wird im Rahmen von \u201cSachsen-Anhalt WEITERBILDUNG\u201d gef\u00f6rdert.<\/p>\n<p>Aufgabe des Europ\u00e4ischen Fonds f\u00fcr regionale Entwicklung (EFRE) ist es, durch die Beseitigung von Ungleichheiten zwischen den verschiedenen Regionen den wirtschaftlichen, sozialen und territorialen Zusammenhalt in der Europ\u00e4ischen Union zu st\u00e4rken.<\/p>\n<p>Ein Schwerpunkt der F\u00f6rderung liegt auf der Durchf\u00fchrung betrieblicher Weiterbildungsma\u00dfnahmen, um die Wettbewerbsf\u00e4higkeit zu erh\u00f6hen und Fachkr\u00e4fte langfristig f\u00fcr den wirtschaftlichen Erfolg zu sichern.<\/p>\n<p>[\/et_pb_text][\/et_pb_column][\/et_pb_row][\/et_pb_section]<\/p>\n","protected":false},"excerpt":{"rendered":"<p>F\u00f6rderprogramm EFRE der Europ\u00e4ischen UnionF\u00f6rderprogramm EFRE der Europ\u00e4ischen UnionDie Lacont Umwelttechnik GmbH nimmt am F\u00f6rderprogramm EFRE der Europ\u00e4ischen Union teil und wird im Rahmen von \u201cSachsen-Anhalt WEITERBILDUNG\u201d gef\u00f6rdert. Aufgabe des Europ\u00e4ischen Fonds f\u00fcr regionale Entwicklung (EFRE) ist es, durch die Beseitigung von Ungleichheiten zwischen den verschiedenen Regionen den wirtschaftlichen, sozialen und territorialen Zusammenhalt in der [&hellip;]<\/p>\n","protected":false},"author":1,"featured_media":0,"parent":0,"menu_order":0,"comment_status":"closed","ping_status":"closed","template":"","meta":{"_et_pb_use_builder":"on","_et_pb_old_content":"","_et_gb_content_width":"","footnotes":""},"class_list":["post-3351","page","type-page","status-publish","hentry"],"_links":{"self":[{"href":"https:\/\/lacont.de\/en\/wp-json\/wp\/v2\/pages\/3351","targetHints":{"allow":["GET"]}}],"collection":[{"href":"https:\/\/lacont.de\/en\/wp-json\/wp\/v2\/pages"}],"about":[{"href":"https:\/\/lacont.de\/en\/wp-json\/wp\/v2\/types\/page"}],"author":[{"embeddable":true,"href":"https:\/\/lacont.de\/en\/wp-json\/wp\/v2\/users\/1"}],"replies":[{"embeddable":true,"href":"https:\/\/lacont.de\/en\/wp-json\/wp\/v2\/comments?post=3351"}],"version-history":[{"count":4,"href":"https:\/\/lacont.de\/en\/wp-json\/wp\/v2\/pages\/3351\/revisions"}],"predecessor-version":[{"id":3359,"href":"https:\/\/lacont.de\/en\/wp-json\/wp\/v2\/pages\/3351\/revisions\/3359"}],"wp:attachment":[{"href":"https:\/\/lacont.de\/en\/wp-json\/wp\/v2\/media?parent=3351"}],"curies":[{"name":"wp","href":"https:\/\/api.w.org\/{rel}","templated":true}]}}