{"id":34,"date":"2024-04-08T13:18:01","date_gmt":"2024-04-08T13:18:01","guid":{"rendered":"http:\/\/efbeem.de\/?page_id=34"},"modified":"2024-08-07T11:41:16","modified_gmt":"2024-08-07T11:41:16","slug":"impressum","status":"publish","type":"page","link":"https:\/\/lacont.de\/en\/impressum\/","title":{"rendered":"Imprint"},"content":{"rendered":"<p>[et_pb_section fb_built=&#8220;1&#8243; _builder_version=&#8220;4.24.3&#8243; _module_preset=&#8220;default&#8220; use_background_color_gradient=&#8220;on&#8220; background_color_gradient_direction=&#8220;92deg&#8220; background_color_gradient_stops=&#8220;rgba(48,119,28,0.64) 0%|rgba(255,255,255,0) 68%&#8220; background_color_gradient_overlays_image=&#8220;on&#8220; background_image=&#8220;http:\/\/efbeem.de\/wp-content\/uploads\/2024\/06\/AdobeStock_224978992-scaled.jpeg&#8220; custom_padding=&#8220;||||false|false&#8220; hover_enabled=&#8220;0&#8243; global_colors_info=&#8220;{}&#8220; sticky_enabled=&#8220;0&#8243; height=&#8220;52vh&#8220; height_last_edited=&#8220;on|tablet&#8220; height_tablet=&#8220;40vh&#8220; height_phone=&#8220;30vh&#8220;][et_pb_row _builder_version=&#8220;4.24.3&#8243; _module_preset=&#8220;default&#8220; global_colors_info=&#8220;{}&#8220;][et_pb_column type=&#8220;4_4&#8243; _builder_version=&#8220;4.24.3&#8243; _module_preset=&#8220;default&#8220; global_colors_info=&#8220;{}&#8220;][et_pb_text _builder_version=&#8220;4.24.3&#8243; _module_preset=&#8220;default&#8220; text_font=&#8220;||||||||&#8220; header_font=&#8220;Oswald|700|||||||&#8220; header_text_color=&#8220;#FFFFFF&#8220; header_font_size=&#8220;70px&#8220; header_letter_spacing=&#8220;1px&#8220; header_line_height=&#8220;1.3em&#8220; header_3_font=&#8220;|||on|||||&#8220; header_3_text_color=&#8220;#FFFFFF&#8220; header_3_letter_spacing=&#8220;1px&#8220; hover_enabled=&#8220;0&#8243; global_colors_info=&#8220;{}&#8220; header_font_size_last_edited=&#8220;on|phone&#8220; header_font_size_phone=&#8220;35px&#8220; sticky_enabled=&#8220;0&#8243; header_font_size_tablet=&#8220;44px&#8220;]<\/p>\n<h1>Impressum<\/h1>\n<p>[\/et_pb_text][\/et_pb_column][\/et_pb_row][\/et_pb_section][et_pb_section fb_built=&#8220;1&#8243; _builder_version=&#8220;4.24.3&#8243; _module_preset=&#8220;default&#8220; custom_padding=&#8220;||120px||false|false&#8220; global_colors_info=&#8220;{}&#8220;][et_pb_row _builder_version=&#8220;4.24.3&#8243; _module_preset=&#8220;default&#8220; global_colors_info=&#8220;{}&#8220;][et_pb_column type=&#8220;4_4&#8243; _builder_version=&#8220;4.24.3&#8243; _module_preset=&#8220;default&#8220; global_colors_info=&#8220;{}&#8220;][et_pb_text _builder_version=&#8220;4.24.3&#8243; _module_preset=&#8220;default&#8220; header_2_font=&#8220;Ubuntu||||||||&#8220; header_2_font_size=&#8220;21px&#8220; header_3_font=&#8220;Oswald||||||||&#8220; header_3_text_align=&#8220;center&#8220; header_3_font_size=&#8220;33px&#8220; header_3_letter_spacing=&#8220;1px&#8220; header_3_line_height=&#8220;1.6em&#8220; text_orientation=&#8220;center&#8220; hover_enabled=&#8220;0&#8243; global_colors_info=&#8220;{}&#8220; header_3_font_size_last_edited=&#8220;on|phone&#8220; header_3_font_size_phone=&#8220;30px&#8220; header_2_font_size_last_edited=&#8220;on|phone&#8220; header_2_font_size_phone=&#8220;18px&#8220; sticky_enabled=&#8220;0&#8243; header_3_font_size_tablet=&#8220;33px&#8220; header_2_font_size_tablet=&#8220;21px&#8220;]<\/p>\n<h3>Impressum<\/h3>\n<h2><span>LACONT Umwelttechnik GmbH<\/span><\/h2>\n<p>[\/et_pb_text][\/et_pb_column][\/et_pb_row][et_pb_row _builder_version=&#8220;4.24.3&#8243; _module_preset=&#8220;default&#8220; global_colors_info=&#8220;{}&#8220;][et_pb_column type=&#8220;4_4&#8243; _builder_version=&#8220;4.24.3&#8243; _module_preset=&#8220;default&#8220; global_colors_info=&#8220;{}&#8220;][et_pb_text _builder_version=&#8220;4.24.3&#8243; _module_preset=&#8220;default&#8220; text_font=&#8220;Ubuntu||||||||&#8220; text_font_size=&#8220;15px&#8220; link_text_color=&#8220;#F2C100&#8243; text_orientation=&#8220;center&#8220; global_colors_info=&#8220;{}&#8220;]<strong>Hauptsitz:<\/strong><br \/>\n<span>Halberst\u00e4dter Stra\u00dfe 20a<\/span><br \/>\n<span>D-39435 Egeln<\/span><\/p>\n<p>Tel.: +49 [0]39268 | 98 96-0<br \/>\nFax: +49 [0]39268 | 98 96-29<\/p>\n<p>&nbsp;<\/p>\n<p><span><strong>Gesch\u00e4ftsf\u00fchrer:<\/strong> Klaus He\u00dfmer<\/span><br \/>\n<span><strong>Registergericht:<\/strong> Amtsgericht Stendal<\/span><br \/>\n<span><strong>Handelsregister:<\/strong> HRB 115289<\/span><br \/>\n<span><strong>USt-IdNR.:<\/strong> DE 812 288 116<\/span><\/p>\n<p>Inhaltlich Verantwortlicher gem\u00e4\u00df<br \/>\n\u00a7 55 Abs. 2 RStV: Klaus He\u00dfmer<br \/>\n(Anschrift wie links)<\/p>\n<p>&nbsp;<\/p>\n<div class=\"\u00dcberschrift_linksb\u00fcndig\"><strong>Haftungshinweis<\/strong><\/div>\n<div>\n<div class=\"tabelle_oben_linksb\">\n<p>Trotz sorgf\u00e4ltiger inhaltlicher Kontrolle \u00fcbernehmen wir keine Haftung f\u00fcr die Inhalte externer Links.<br \/>\nF\u00fcr den Inhalt der verlinkten Seiten sind ausschlie\u00dflich deren Betreiber verantwortlich.<\/p>\n<p>&nbsp;<\/p>\n<p>Webdesign und Konzeption: <a href=\"https:\/\/fbm.de\/\" target=\"_blank\" rel=\"noopener\">FBM Werbeagentur GmbH<\/a><\/p>\n<p>Credits:<br \/>\n<a href=\"https:\/\/www.flaticon.com\/free-icons\/research\" title=\"research icons\">Research icons created by iconixar &#8211; Flaticon<\/a><br \/>\n<a href=\"https:\/\/www.flaticon.com\/free-icons\/maintenance\" title=\"maintenance icons\">Maintenance icons created by iconixar &#8211; Flaticon<\/a><br \/>\n<a href=\"https:\/\/www.flaticon.com\/free-icons\/architecture\" title=\"architecture icons\">Architecture icons created by justicon &#8211; Flaticon<\/a><br \/>\n<a href=\"https:\/\/www.flaticon.com\/free-icons\/production\" title=\"production icons\">Production icons created by Freepik &#8211; Flaticon<\/a><br \/>\n<a href=\"https:\/\/www.flaticon.com\/free-icons\/build\" title=\"build icons\">Build icons created by juicy_fish &#8211; Flaticon<\/a><br \/>\n<a href=\"https:\/\/www.flaticon.com\/free-icons\/maintenance\" title=\"maintenance icons\">Maintenance icons created by Uniconlabs &#8211; Flaticon<\/a><br \/>\n<a href=\"https:\/\/www.flaticon.com\/free-icons\/construction-and-tools\" title=\"construction and tools icons\">Construction and tools icons created by Freepik &#8211; Flaticon<\/a><\/p>\n<p>&nbsp;<\/p><\/div>\n<\/div>\n<p>[\/et_pb_text][\/et_pb_column][\/et_pb_row][\/et_pb_section]<\/p>\n","protected":false},"excerpt":{"rendered":"<p>ImpressumImpressum LACONT Umwelttechnik GmbHHauptsitz: Halberst\u00e4dter Stra\u00dfe 20a D-39435 Egeln Tel.: +49 [0]39268 | 98 96-0 Fax: +49 [0]39268 | 98 96-29 &nbsp; Gesch\u00e4ftsf\u00fchrer: Klaus He\u00dfmer Registergericht: Amtsgericht Stendal Handelsregister: HRB 115289 USt-IdNR.: DE 812 288 116 Inhaltlich Verantwortlicher gem\u00e4\u00df \u00a7 55 Abs. 2 RStV: Klaus He\u00dfmer (Anschrift wie links) &nbsp; Haftungshinweis Trotz sorgf\u00e4ltiger inhaltlicher Kontrolle [&hellip;]<\/p>\n","protected":false},"author":1,"featured_media":0,"parent":0,"menu_order":0,"comment_status":"closed","ping_status":"closed","template":"","meta":{"_et_pb_use_builder":"on","_et_pb_old_content":"<!-- wp:divi\/placeholder \/-->","_et_gb_content_width":"","footnotes":""},"class_list":["post-34","page","type-page","status-publish","hentry"],"_links":{"self":[{"href":"https:\/\/lacont.de\/en\/wp-json\/wp\/v2\/pages\/34","targetHints":{"allow":["GET"]}}],"collection":[{"href":"https:\/\/lacont.de\/en\/wp-json\/wp\/v2\/pages"}],"about":[{"href":"https:\/\/lacont.de\/en\/wp-json\/wp\/v2\/types\/page"}],"author":[{"embeddable":true,"href":"https:\/\/lacont.de\/en\/wp-json\/wp\/v2\/users\/1"}],"replies":[{"embeddable":true,"href":"https:\/\/lacont.de\/en\/wp-json\/wp\/v2\/comments?post=34"}],"version-history":[{"count":15,"href":"https:\/\/lacont.de\/en\/wp-json\/wp\/v2\/pages\/34\/revisions"}],"predecessor-version":[{"id":1620,"href":"https:\/\/lacont.de\/en\/wp-json\/wp\/v2\/pages\/34\/revisions\/1620"}],"wp:attachment":[{"href":"https:\/\/lacont.de\/en\/wp-json\/wp\/v2\/media?parent=34"}],"curies":[{"name":"wp","href":"https:\/\/api.w.org\/{rel}","templated":true}]}}