{"id":36,"date":"2024-04-08T13:18:15","date_gmt":"2024-04-08T13:18:15","guid":{"rendered":"http:\/\/efbeem.de\/?page_id=36"},"modified":"2026-02-12T07:52:10","modified_gmt":"2026-02-12T07:52:10","slug":"abteilungen","status":"publish","type":"page","link":"https:\/\/lacont.de\/en\/abteilungen\/","title":{"rendered":"Range of services"},"content":{"rendered":"<p>[et_pb_section fb_built=&#8220;1&#8243; _builder_version=&#8220;4.27.5&#8243; _module_preset=&#8220;default&#8220; use_background_color_gradient=&#8220;on&#8220; background_color_gradient_direction=&#8220;92deg&#8220; background_color_gradient_stops=&#8220;rgba(255,255,255,0) 0%|rgba(255,255,255,0) 100%&#8220; background_color_gradient_overlays_image=&#8220;on&#8220; background_image=&#8220;https:\/\/lacont.de\/wp-content\/uploads\/2026\/02\/banner_leistungsspektrum.jpg&#8220; height=&#8220;52vh&#8220; height_tablet=&#8220;40vh&#8220; height_phone=&#8220;30vh&#8220; height_last_edited=&#8220;on|phone&#8220; custom_padding=&#8220;||||false|false&#8220; hover_enabled=&#8220;0&#8243; global_colors_info=&#8220;{}&#8220; title_text=&#8220;banner_leistungsspektrum&#8220; sticky_enabled=&#8220;0&#8243;][et_pb_row _builder_version=&#8220;4.24.3&#8243; _module_preset=&#8220;default&#8220; custom_margin=&#8220;|||45%|false|false&#8220; custom_margin_tablet=&#8220;|||15%|false|false&#8220; custom_margin_phone=&#8220;|||15%|false|false&#8220; custom_margin_last_edited=&#8220;on|tablet&#8220; global_colors_info=&#8220;{}&#8220;][et_pb_column type=&#8220;4_4&#8243; _builder_version=&#8220;4.24.3&#8243; _module_preset=&#8220;default&#8220; global_colors_info=&#8220;{}&#8220;][et_pb_text _builder_version=&#8220;4.24.3&#8243; _module_preset=&#8220;default&#8220; text_font=&#8220;Ubuntu||||||||&#8220; text_text_color=&#8220;#FFFFFF&#8220; text_font_size=&#8220;28px&#8220; text_line_height=&#8220;1.6em&#8220; header_font=&#8220;Oswald|700|||||||&#8220; header_text_color=&#8220;#FFFFFF&#8220; header_font_size=&#8220;70px&#8220; header_letter_spacing=&#8220;1px&#8220; header_line_height=&#8220;1.3em&#8220; header_3_font=&#8220;|||on|||||&#8220; header_3_text_color=&#8220;#FFFFFF&#8220; header_3_letter_spacing=&#8220;1px&#8220; text_font_size_tablet=&#8220;28px&#8220; text_font_size_phone=&#8220;18px&#8220; text_font_size_last_edited=&#8220;on|phone&#8220; header_font_size_tablet=&#8220;44px&#8220; header_font_size_phone=&#8220;30px&#8220; header_font_size_last_edited=&#8220;on|tablet&#8220; global_colors_info=&#8220;{}&#8220;]<\/p>\n<h1 class=\"\u00dcberschrift_linksb\u00fcndig\">Leistungsspektrum<\/h1>\n<p>Von der Entwicklung bis zur Montage<\/p>\n<p>[\/et_pb_text][\/et_pb_column][\/et_pb_row][\/et_pb_section][et_pb_section fb_built=&#8220;1&#8243; module_id=&#8220;kataloge&#8220; _builder_version=&#8220;4.24.3&#8243; _module_preset=&#8220;default&#8220; custom_padding=&#8220;||120px||false|false&#8220; global_colors_info=&#8220;{}&#8220;][et_pb_row _builder_version=&#8220;4.24.3&#8243; _module_preset=&#8220;default&#8220; locked=&#8220;off&#8220; global_colors_info=&#8220;{}&#8220;][et_pb_column type=&#8220;4_4&#8243; _builder_version=&#8220;4.24.3&#8243; _module_preset=&#8220;default&#8220; global_colors_info=&#8220;{}&#8220;][et_pb_text _builder_version=&#8220;4.24.3&#8243; _module_preset=&#8220;default&#8220; header_2_font=&#8220;Ubuntu||||||||&#8220; header_2_text_color=&#8220;#197700&#8243; header_2_font_size=&#8220;20px&#8220; header_2_line_height=&#8220;1.3em&#8220; header_3_font=&#8220;Oswald||||||||&#8220; header_3_text_align=&#8220;center&#8220; header_3_font_size=&#8220;33px&#8220; header_3_letter_spacing=&#8220;1px&#8220; header_3_line_height=&#8220;1.6em&#8220; text_orientation=&#8220;center&#8220; header_2_font_size_tablet=&#8220;20px&#8220; header_2_font_size_phone=&#8220;18px&#8220; header_2_font_size_last_edited=&#8220;on|phone&#8220; global_colors_info=&#8220;{}&#8220;]<\/p>\n<h2>Hier finden Sie einen kurzen \u00dcberblick \u00fcber unser Leistungsspektrum.<br \/>Wenn Sie mehr \u00fcber die einzelnen Leistungsbereiche erfahren wollen, klicken Sie auf &#8222;Mehr erfahren&#8220;:<\/h2>\n<p>[\/et_pb_text][\/et_pb_column][\/et_pb_row][et_pb_row column_structure=&#8220;1_2,1_2&#8243; _builder_version=&#8220;4.24.3&#8243; _module_preset=&#8220;default&#8220; global_colors_info=&#8220;{}&#8220;][et_pb_column type=&#8220;1_2&#8243; _builder_version=&#8220;4.24.3&#8243; _module_preset=&#8220;default&#8220; global_colors_info=&#8220;{}&#8220;][et_pb_text _builder_version=&#8220;4.24.3&#8243; text_font=&#8220;Ubuntu||||||||&#8220; text_font_size=&#8220;17px&#8220; text_line_height=&#8220;1.8em&#8220; height=&#8220;340px&#8220; height_tablet=&#8220;340px&#8220; height_phone=&#8220;auto&#8220; height_last_edited=&#8220;on|phone&#8220; text_font_size_tablet=&#8220;17px&#8220; text_font_size_phone=&#8220;16px&#8220; text_font_size_last_edited=&#8220;on|phone&#8220; locked=&#8220;off&#8220; global_colors_info=&#8220;{}&#8220;]<\/p>\n<p class=\"class\"><span style=\"color: #197700;\"><strong><img loading=\"lazy\" decoding=\"async\" src=\"http:\/\/efbeem.de\/wp-content\/uploads\/2024\/07\/research-and-development-300x300.png\" width=\"70\" height=\"70\" alt=\"\" class=\"wp-image-1249 alignnone size-medium\" \/><\/strong><\/span><\/p>\n<p><span style=\"color: #197700;\"><strong>Entwicklung<\/strong><\/span><br \/>Unser Bereich Entwicklung ist entscheidend f\u00fcr die kontinuierliche Innovation und Verbesserung ihrer Produkte und Dienstleistungen. Durch Investitionen in Forschung und Entwicklung, die Zusammenarbeit mit Partnern und die Anpassung an Marktbed\u00fcrfnisse stellen wir sicher, dass unsere L\u00f6sungen nicht nur effektiv, sondern auch nachhaltig und zukunftssicher sind.<\/p>\n<p>[\/et_pb_text][et_pb_button button_url=&#8220;@ET-DC@eyJkeW5hbWljIjp0cnVlLCJjb250ZW50IjoicG9zdF9saW5rX3VybF9wYWdlIiwic2V0dGluZ3MiOnsicG9zdF9pZCI6IjQ1NyJ9fQ==@&#8220; button_text=&#8220;mehr erfahren&#8220; _builder_version=&#8220;4.24.3&#8243; _dynamic_attributes=&#8220;button_url&#8220; _module_preset=&#8220;default&#8220; custom_button=&#8220;on&#8220; button_text_size=&#8220;17px&#8220; button_text_color=&#8220;#FFFFFF&#8220; button_bg_color=&#8220;#21560d&#8220; button_border_width=&#8220;0px&#8220; button_border_radius=&#8220;6px&#8220; button_letter_spacing=&#8220;1px&#8220; button_font=&#8220;Oswald||||||||&#8220; custom_padding=&#8220;8px|22px|8px|22px|true|true&#8220; locked=&#8220;off&#8220; global_colors_info=&#8220;{}&#8220;][\/et_pb_button][\/et_pb_column][et_pb_column type=&#8220;1_2&#8243; _builder_version=&#8220;4.24.3&#8243; _module_preset=&#8220;default&#8220; global_colors_info=&#8220;{}&#8220;][et_pb_text _builder_version=&#8220;4.24.3&#8243; text_font=&#8220;Ubuntu||||||||&#8220; text_font_size=&#8220;17px&#8220; text_line_height=&#8220;1.8em&#8220; height=&#8220;340px&#8220; height_tablet=&#8220;340px&#8220; height_phone=&#8220;auto&#8220; height_last_edited=&#8220;on|phone&#8220; text_font_size_tablet=&#8220;17px&#8220; text_font_size_phone=&#8220;16px&#8220; text_font_size_last_edited=&#8220;on|phone&#8220; locked=&#8220;off&#8220; global_colors_info=&#8220;{}&#8220;]<\/p>\n<p class=\"class\"><span style=\"color: #197700;\"><strong><img loading=\"lazy\" decoding=\"async\" src=\"http:\/\/efbeem.de\/wp-content\/uploads\/2024\/07\/build-300x300.png\" width=\"70\" height=\"70\" alt=\"\" class=\"wp-image-1263 alignnone size-medium\" \/><\/strong><\/span><\/p>\n<p><span style=\"color: #197700;\"><strong>Montage<\/strong><\/span><br \/>Unser Montage-Bereich ist darauf ausgerichtet, eine reibungslose und effiziente Installation der Umwelttechnikanlagen zu gew\u00e4hrleisten. Durch den Einsatz erfahrener Fachkr\u00e4fte, strenger Sicherheitsstandards und umfassender technischer Unterst\u00fctzung stellt LaCont sicher, dass unsere Kunden leistungsf\u00e4hige und zuverl\u00e4ssige L\u00f6sungen erhalten.<\/p>\n<p>[\/et_pb_text][et_pb_button button_url=&#8220;@ET-DC@eyJkeW5hbWljIjp0cnVlLCJjb250ZW50IjoicG9zdF9saW5rX3VybF9wYWdlIiwic2V0dGluZ3MiOnsicG9zdF9pZCI6IjQ1OSJ9fQ==@&#8220; button_text=&#8220;mehr erfahren&#8220; _builder_version=&#8220;4.24.3&#8243; _dynamic_attributes=&#8220;button_url&#8220; _module_preset=&#8220;default&#8220; custom_button=&#8220;on&#8220; button_text_size=&#8220;17px&#8220; button_text_color=&#8220;#FFFFFF&#8220; button_bg_color=&#8220;#21560d&#8220; button_border_width=&#8220;0px&#8220; button_border_radius=&#8220;6px&#8220; button_letter_spacing=&#8220;1px&#8220; button_font=&#8220;Oswald||||||||&#8220; custom_padding=&#8220;8px|22px|8px|22px|true|true&#8220; locked=&#8220;off&#8220; global_colors_info=&#8220;{}&#8220;][\/et_pb_button][\/et_pb_column][\/et_pb_row][et_pb_row column_structure=&#8220;1_2,1_2&#8243; _builder_version=&#8220;4.24.3&#8243; _module_preset=&#8220;default&#8220; global_colors_info=&#8220;{}&#8220;][et_pb_column type=&#8220;1_2&#8243; _builder_version=&#8220;4.24.3&#8243; _module_preset=&#8220;default&#8220; global_colors_info=&#8220;{}&#8220;][et_pb_text _builder_version=&#8220;4.24.3&#8243; text_font=&#8220;Ubuntu||||||||&#8220; text_font_size=&#8220;17px&#8220; text_line_height=&#8220;1.8em&#8220; height=&#8220;340px&#8220; height_tablet=&#8220;340px&#8220; height_phone=&#8220;auto&#8220; height_last_edited=&#8220;on|phone&#8220; text_font_size_tablet=&#8220;17px&#8220; text_font_size_phone=&#8220;16px&#8220; text_font_size_last_edited=&#8220;on|phone&#8220; locked=&#8220;off&#8220; global_colors_info=&#8220;{}&#8220;]<\/p>\n<p><span style=\"color: #197700;\"><strong>\u00a0<img loading=\"lazy\" decoding=\"async\" src=\"http:\/\/efbeem.de\/wp-content\/uploads\/2024\/07\/design-300x300.png\" width=\"70\" height=\"70\" alt=\"\" class=\"wp-image-1251 alignnone size-medium\" \/><\/strong><\/span><\/p>\n<p><span style=\"color: #197700;\"><strong>Konstruktion<\/strong><\/span><br \/>Wir bieten im Bereich Konstruktion umfassende und ma\u00dfgeschneiderte Dienstleistungen an, die auf die spezifischen Anforderungen der Kunden und Projekte abgestimmt sind. Unser Fokus auf innovative L\u00f6sungen, pr\u00e4zise Planung und hohe Qualit\u00e4tsstandards gew\u00e4hrleistet die erfolgreiche Realisierung von Umwelttechnikprojekten.<\/p>\n<p>[\/et_pb_text][et_pb_button button_url=&#8220;@ET-DC@eyJkeW5hbWljIjp0cnVlLCJjb250ZW50IjoicG9zdF9saW5rX3VybF9wYWdlIiwic2V0dGluZ3MiOnsicG9zdF9pZCI6IjY1In19@&#8220; button_text=&#8220;mehr erfahren&#8220; _builder_version=&#8220;4.24.3&#8243; _dynamic_attributes=&#8220;button_url&#8220; _module_preset=&#8220;default&#8220; custom_button=&#8220;on&#8220; button_text_size=&#8220;17px&#8220; button_text_color=&#8220;#FFFFFF&#8220; button_bg_color=&#8220;#21560d&#8220; button_border_width=&#8220;0px&#8220; button_border_radius=&#8220;6px&#8220; button_letter_spacing=&#8220;1px&#8220; button_font=&#8220;Oswald||||||||&#8220; custom_padding=&#8220;8px|22px|8px|22px|true|true&#8220; locked=&#8220;off&#8220; global_colors_info=&#8220;{}&#8220;][\/et_pb_button][\/et_pb_column][et_pb_column type=&#8220;1_2&#8243; _builder_version=&#8220;4.24.3&#8243; _module_preset=&#8220;default&#8220; global_colors_info=&#8220;{}&#8220;][et_pb_text _builder_version=&#8220;4.24.3&#8243; text_font=&#8220;Ubuntu||||||||&#8220; text_font_size=&#8220;17px&#8220; text_line_height=&#8220;1.8em&#8220; height=&#8220;340px&#8220; height_tablet=&#8220;340px&#8220; height_phone=&#8220;auto&#8220; height_last_edited=&#8220;on|phone&#8220; text_font_size_tablet=&#8220;17px&#8220; text_font_size_phone=&#8220;16px&#8220; text_font_size_last_edited=&#8220;on|phone&#8220; locked=&#8220;off&#8220; global_colors_info=&#8220;{}&#8220;]<\/p>\n<p><span style=\"color: #197700;\"><strong><img loading=\"lazy\" decoding=\"async\" src=\"http:\/\/efbeem.de\/wp-content\/uploads\/2024\/07\/maintenance-300x300.png\" width=\"70\" height=\"70\" alt=\"\" class=\"wp-image-1270 alignnone size-medium\" \/><\/strong><\/span><\/p>\n<p><span style=\"color: #197700;\"><strong>Service &amp; Wartung<\/strong><\/span><br \/>LaCont bietet Dienstleistungen, die darauf abzielen, die Betriebsf\u00e4higkeit und Effizienz der installierten Produkte zu maximieren. Durch regelm\u00e4\u00dfige Wartungen, schnelle Reparaturen und eine enge Zusammenarbeit mit den Kunden stellen wir sicher, dass unsere L\u00f6sungen zuverl\u00e4ssig und leistungsf\u00e4hig bleiben.<\/p>\n<p>[\/et_pb_text][et_pb_button button_url=&#8220;@ET-DC@eyJkeW5hbWljIjp0cnVlLCJjb250ZW50IjoicG9zdF9saW5rX3VybF9wYWdlIiwic2V0dGluZ3MiOnsicG9zdF9pZCI6IjU5In19@&#8220; button_text=&#8220;mehr erfahren&#8220; _builder_version=&#8220;4.24.3&#8243; _dynamic_attributes=&#8220;button_url&#8220; _module_preset=&#8220;default&#8220; custom_button=&#8220;on&#8220; button_text_size=&#8220;17px&#8220; button_text_color=&#8220;#FFFFFF&#8220; button_bg_color=&#8220;#21560d&#8220; button_border_width=&#8220;0px&#8220; button_border_radius=&#8220;6px&#8220; button_letter_spacing=&#8220;1px&#8220; button_font=&#8220;Oswald||||||||&#8220; custom_padding=&#8220;8px|22px|8px|22px|true|true&#8220; locked=&#8220;off&#8220; global_colors_info=&#8220;{}&#8220;][\/et_pb_button][\/et_pb_column][\/et_pb_row][et_pb_row column_structure=&#8220;1_2,1_2&#8243; _builder_version=&#8220;4.24.3&#8243; _module_preset=&#8220;default&#8220; global_colors_info=&#8220;{}&#8220;][et_pb_column type=&#8220;1_2&#8243; _builder_version=&#8220;4.24.3&#8243; _module_preset=&#8220;default&#8220; global_colors_info=&#8220;{}&#8220;][et_pb_text _builder_version=&#8220;4.24.3&#8243; text_font=&#8220;Ubuntu||||||||&#8220; text_font_size=&#8220;17px&#8220; text_line_height=&#8220;1.8em&#8220; height=&#8220;340px&#8220; height_tablet=&#8220;340px&#8220; height_phone=&#8220;auto&#8220; height_last_edited=&#8220;on|phone&#8220; text_font_size_tablet=&#8220;17px&#8220; text_font_size_phone=&#8220;16px&#8220; text_font_size_last_edited=&#8220;on|phone&#8220; locked=&#8220;off&#8220; global_colors_info=&#8220;{}&#8220;]<\/p>\n<p><span style=\"color: #197700;\"><strong><img loading=\"lazy\" decoding=\"async\" src=\"http:\/\/efbeem.de\/wp-content\/uploads\/2024\/07\/factory-300x300.png\" width=\"70\" height=\"70\" alt=\"\" class=\"wp-image-1256 alignnone size-medium\" \/><\/strong><\/span><\/p>\n<p><span style=\"color: #197700;\"><strong>Fertigung<\/strong><\/span><br \/>Im Bereich Fertigung legen wir gr\u00f6\u00dften Wert auf Pr\u00e4zision, Qualit\u00e4t und Nachhaltigkeit. Durch moderne Produktionsanlagen, umfassende Qualit\u00e4tskontrollen und kundenorientierte L\u00f6sungen stellen wir sicher, dass unsere Produkte den h\u00f6chsten Standards entsprechen und die spezifischen Anforderungen ihrer Kunden erf\u00fcllen.<\/p>\n<p class=\"class\">[\/et_pb_text][et_pb_button button_url=&#8220;@ET-DC@eyJkeW5hbWljIjp0cnVlLCJjb250ZW50IjoicG9zdF9saW5rX3VybF9wYWdlIiwic2V0dGluZ3MiOnsicG9zdF9pZCI6IjYxIn19@&#8220; button_text=&#8220;mehr erfahren&#8220; _builder_version=&#8220;4.24.3&#8243; _dynamic_attributes=&#8220;button_url&#8220; _module_preset=&#8220;default&#8220; custom_button=&#8220;on&#8220; button_text_size=&#8220;17px&#8220; button_text_color=&#8220;#FFFFFF&#8220; button_bg_color=&#8220;#21560d&#8220; button_border_width=&#8220;0px&#8220; button_border_radius=&#8220;6px&#8220; button_letter_spacing=&#8220;1px&#8220; button_font=&#8220;Oswald||||||||&#8220; custom_padding=&#8220;8px|22px|8px|22px|true|true&#8220; locked=&#8220;off&#8220; global_colors_info=&#8220;{}&#8220;][\/et_pb_button][\/et_pb_column][et_pb_column type=&#8220;1_2&#8243; _builder_version=&#8220;4.24.3&#8243; _module_preset=&#8220;default&#8220; global_colors_info=&#8220;{}&#8220;][et_pb_text _builder_version=&#8220;4.24.3&#8243; text_font=&#8220;Ubuntu||||||||&#8220; text_font_size=&#8220;17px&#8220; text_line_height=&#8220;1.8em&#8220; height=&#8220;340px&#8220; height_tablet=&#8220;340px&#8220; height_phone=&#8220;auto&#8220; height_last_edited=&#8220;on|phone&#8220; text_font_size_tablet=&#8220;17px&#8220; text_font_size_phone=&#8220;16px&#8220; text_font_size_last_edited=&#8220;on|phone&#8220; locked=&#8220;off&#8220; global_colors_info=&#8220;{}&#8220;]<\/p>\n<p><span style=\"color: #197700;\"><strong><img loading=\"lazy\" decoding=\"async\" src=\"http:\/\/efbeem.de\/wp-content\/uploads\/2024\/07\/helmet-300x300.png\" width=\"70\" height=\"70\" alt=\"\" class=\"wp-image-1274 alignnone size-medium\" \/><\/strong><\/span><\/p>\n<p><span style=\"color: #197700;\"><strong>Adalit<\/strong><\/span><br \/>Die Marke ADALIT\u00ae gilt im Feuerwehrwesen, bei Notfall- und Rettungsdiensten, Sicherheitsunternehmen, Milit\u00e4r und nat\u00fcrlich der Industrie seit Jahren als Synonym f\u00fcr robuste, langlebige und verl\u00e4ssliche Sicherheits-Hand-, Helm- und Industrieleuchten f\u00fcr den Einsatz in explosionsgef\u00e4hrdeten Bereichen.<\/p>\n<p>[\/et_pb_text][et_pb_button button_url=&#8220;@ET-DC@eyJkeW5hbWljIjp0cnVlLCJjb250ZW50IjoicG9zdF9saW5rX3VybF9wYWdlIiwic2V0dGluZ3MiOnsicG9zdF9pZCI6IjU3In19@&#8220; button_text=&#8220;mehr erfahren&#8220; _builder_version=&#8220;4.24.3&#8243; _dynamic_attributes=&#8220;button_url&#8220; _module_preset=&#8220;default&#8220; custom_button=&#8220;on&#8220; button_text_size=&#8220;17px&#8220; button_text_color=&#8220;#FFFFFF&#8220; button_bg_color=&#8220;#21560d&#8220; button_border_width=&#8220;0px&#8220; button_border_radius=&#8220;6px&#8220; button_letter_spacing=&#8220;1px&#8220; button_font=&#8220;Oswald||||||||&#8220; custom_padding=&#8220;8px|22px|8px|22px|true|true&#8220; locked=&#8220;off&#8220; global_colors_info=&#8220;{}&#8220;][\/et_pb_button][\/et_pb_column][\/et_pb_row][\/et_pb_section]<\/p>\n","protected":false},"excerpt":{"rendered":"<p>Leistungsspektrum Von der Entwicklung bis zur MontageHier finden Sie einen kurzen \u00dcberblick \u00fcber unser Leistungsspektrum.Wenn Sie mehr \u00fcber die einzelnen Leistungsbereiche erfahren wollen, klicken Sie auf &#8222;Mehr erfahren&#8220;: EntwicklungUnser Bereich Entwicklung ist entscheidend f\u00fcr die kontinuierliche Innovation und Verbesserung ihrer Produkte und Dienstleistungen. Durch Investitionen in Forschung und Entwicklung, die Zusammenarbeit mit Partnern und die [&hellip;]<\/p>\n","protected":false},"author":1,"featured_media":0,"parent":0,"menu_order":0,"comment_status":"closed","ping_status":"closed","template":"","meta":{"_et_pb_use_builder":"on","_et_pb_old_content":"","_et_gb_content_width":"","footnotes":""},"class_list":["post-36","page","type-page","status-publish","hentry"],"_links":{"self":[{"href":"https:\/\/lacont.de\/en\/wp-json\/wp\/v2\/pages\/36","targetHints":{"allow":["GET"]}}],"collection":[{"href":"https:\/\/lacont.de\/en\/wp-json\/wp\/v2\/pages"}],"about":[{"href":"https:\/\/lacont.de\/en\/wp-json\/wp\/v2\/types\/page"}],"author":[{"embeddable":true,"href":"https:\/\/lacont.de\/en\/wp-json\/wp\/v2\/users\/1"}],"replies":[{"embeddable":true,"href":"https:\/\/lacont.de\/en\/wp-json\/wp\/v2\/comments?post=36"}],"version-history":[{"count":28,"href":"https:\/\/lacont.de\/en\/wp-json\/wp\/v2\/pages\/36\/revisions"}],"predecessor-version":[{"id":4132,"href":"https:\/\/lacont.de\/en\/wp-json\/wp\/v2\/pages\/36\/revisions\/4132"}],"wp:attachment":[{"href":"https:\/\/lacont.de\/en\/wp-json\/wp\/v2\/media?parent=36"}],"curies":[{"name":"wp","href":"https:\/\/api.w.org\/{rel}","templated":true}]}}