{"id":459,"date":"2024-06-11T12:35:41","date_gmt":"2024-06-11T12:35:41","guid":{"rendered":"http:\/\/efbeem.de\/?page_id=459"},"modified":"2026-02-12T08:22:21","modified_gmt":"2026-02-12T08:22:21","slug":"montage","status":"publish","type":"page","link":"https:\/\/lacont.de\/en\/montage\/","title":{"rendered":"Assembly"},"content":{"rendered":"<p>[et_pb_section fb_built=&#8220;1&#8243; _builder_version=&#8220;4.27.2&#8243; _module_preset=&#8220;default&#8220; use_background_color_gradient=&#8220;on&#8220; background_color_gradient_direction=&#8220;92deg&#8220; background_color_gradient_stops=&#8220;rgba(0,0,0,0.4) 0%|rgba(255,255,255,0) 100%&#8220; background_color_gradient_overlays_image=&#8220;on&#8220; background_image=&#8220;http:\/\/efbeem.de\/wp-content\/uploads\/2024\/10\/Lacont_Transporter_Montage_Anlage.jpg&#8220; height=&#8220;52vh&#8220; height_tablet=&#8220;40vh&#8220; height_phone=&#8220;30vh&#8220; height_last_edited=&#8220;on|phone&#8220; custom_padding=&#8220;||||false|false&#8220; global_colors_info=&#8220;{}&#8220;][et_pb_row _builder_version=&#8220;4.24.3&#8243; _module_preset=&#8220;default&#8220; global_colors_info=&#8220;{}&#8220;][et_pb_column type=&#8220;4_4&#8243; _builder_version=&#8220;4.24.3&#8243; _module_preset=&#8220;default&#8220; global_colors_info=&#8220;{}&#8220;][et_pb_text _builder_version=&#8220;4.24.3&#8243; _module_preset=&#8220;default&#8220; text_font=&#8220;||||||||&#8220; header_font=&#8220;Oswald|700|||||||&#8220; header_text_color=&#8220;#FFFFFF&#8220; header_font_size=&#8220;70px&#8220; header_letter_spacing=&#8220;1px&#8220; header_line_height=&#8220;1.3em&#8220; header_2_font=&#8220;Ubuntu||||||||&#8220; header_2_text_color=&#8220;#FFFFFF&#8220; header_2_line_height=&#8220;1.3em&#8220; header_3_font=&#8220;|||on|||||&#8220; header_3_text_color=&#8220;#FFFFFF&#8220; header_3_letter_spacing=&#8220;1px&#8220; header_font_size_tablet=&#8220;44px&#8220; header_font_size_phone=&#8220;40px&#8220; header_font_size_last_edited=&#8220;on|phone&#8220; global_colors_info=&#8220;{}&#8220;]<\/p>\n<h1>Montage<\/h1>\n<p>[\/et_pb_text][\/et_pb_column][\/et_pb_row][\/et_pb_section][et_pb_section fb_built=&#8220;1&#8243; _builder_version=&#8220;4.24.3&#8243; _module_preset=&#8220;default&#8220; width=&#8220;99.2%&#8220; custom_padding=&#8220;||||false|false&#8220; global_colors_info=&#8220;{}&#8220;][et_pb_row _builder_version=&#8220;4.24.3&#8243; _module_preset=&#8220;default&#8220; global_colors_info=&#8220;{}&#8220;][et_pb_column type=&#8220;4_4&#8243; _builder_version=&#8220;4.24.3&#8243; _module_preset=&#8220;default&#8220; global_colors_info=&#8220;{}&#8220;][et_pb_text _builder_version=&#8220;4.24.3&#8243; _module_preset=&#8220;default&#8220; header_2_font=&#8220;Ubuntu||||||||&#8220; header_2_text_color=&#8220;#197700&#8243; header_2_font_size=&#8220;20px&#8220; header_2_line_height=&#8220;1.3em&#8220; header_3_font=&#8220;Oswald||||||||&#8220; header_3_text_align=&#8220;center&#8220; header_3_font_size=&#8220;33px&#8220; header_3_letter_spacing=&#8220;1px&#8220; header_3_line_height=&#8220;1.6em&#8220; text_orientation=&#8220;center&#8220; global_colors_info=&#8220;{}&#8220;]<\/p>\n<h2><span>Unser Bereich Montage ist ein wesentlicher Bestandteil unserer Dienstleistungen, der sicherstellt, dass die entwickelten und gefertigten Systeme und Anlagen korrekt und effizient installiert werden.\u00a0<\/span><\/h2>\n<p>[\/et_pb_text][\/et_pb_column][\/et_pb_row][et_pb_row column_structure=&#8220;1_2,1_2&#8243; _builder_version=&#8220;4.24.3&#8243; _module_preset=&#8220;default&#8220; global_colors_info=&#8220;{}&#8220;][et_pb_column type=&#8220;1_2&#8243; _builder_version=&#8220;4.24.3&#8243; _module_preset=&#8220;default&#8220; global_colors_info=&#8220;{}&#8220;][et_pb_text _builder_version=&#8220;4.24.3&#8243; _module_preset=&#8220;default&#8220; header_2_font=&#8220;Ubuntu||||||||&#8220; header_2_text_color=&#8220;#000000&#8243; header_2_line_height=&#8220;1.4em&#8220; header_3_font_size=&#8220;20px&#8220; header_3_line_height=&#8220;1.3em&#8220; header_2_font_size_tablet=&#8220;&#8220; header_2_font_size_phone=&#8220;23px&#8220; header_2_font_size_last_edited=&#8220;on|phone&#8220; global_colors_info=&#8220;{}&#8220;]<\/p>\n<h2><b>1.\u00a0Vor-Ort-Montage<\/b><\/h2>\n<h3>Komplette Installation:<\/h3>\n<div><\/div>\n<div>\n<p>Durchf\u00fchrung der vollst\u00e4ndigen Montage von Umwelttechnikanlagen vor Ort, einschlie\u00dflich aller notwendigen Komponenten und Systeme.<\/p>\n<\/div>\n<h3><\/h3>\n<h3>Inbetriebnahme:<\/h3>\n<div><\/div>\n<div>Testen und Inbetriebnahme der Anlagen, um sicherzustellen, dass sie ordnungsgem\u00e4\u00df funktionieren und den spezifischen Anforderungen entsprechen.<\/div>\n<p>&nbsp;<\/p>\n<p>[\/et_pb_text][\/et_pb_column][et_pb_column type=&#8220;1_2&#8243; _builder_version=&#8220;4.24.3&#8243; _module_preset=&#8220;default&#8220; global_colors_info=&#8220;{}&#8220;][et_pb_text _builder_version=&#8220;4.24.3&#8243; _module_preset=&#8220;default&#8220; header_2_font=&#8220;Ubuntu||||||||&#8220; header_2_text_color=&#8220;#000000&#8243; header_2_line_height=&#8220;1.4em&#8220; header_3_font_size=&#8220;20px&#8220; header_3_line_height=&#8220;1.3em&#8220; header_2_font_size_tablet=&#8220;&#8220; header_2_font_size_phone=&#8220;23px&#8220; header_2_font_size_last_edited=&#8220;on|phone&#8220; global_colors_info=&#8220;{}&#8220;]<\/p>\n<h2><b>2.\u00a0Modulare Bauweise<\/b><\/h2>\n<h3>Vormontierte Module:<\/h3>\n<div><\/div>\n<div>Fertigung und Vormontage von Modulen im Werk, die vor Ort zu kompletten Systemen zusammengebaut werden k\u00f6nnen. Dies reduziert die Installationszeit und minimiert Unterbrechungen im Betrieb des Kunden.<\/div>\n<h3><\/h3>\n<h3>Flexible Anpassung:<\/h3>\n<div><\/div>\n<div>\n<p>Anpassung und Integration der Module gem\u00e4\u00df den spezifischen Anforderungen und Gegebenheiten am Installationsort.<\/p>\n<\/div>\n<p>[\/et_pb_text][\/et_pb_column][\/et_pb_row][et_pb_row _builder_version=&#8220;4.24.3&#8243; _module_preset=&#8220;default&#8220; global_colors_info=&#8220;{}&#8220;][et_pb_column type=&#8220;4_4&#8243; _builder_version=&#8220;4.24.3&#8243; _module_preset=&#8220;default&#8220; global_colors_info=&#8220;{}&#8220;][et_pb_image src=&#8220;https:\/\/lacont.de\/wp-content\/uploads\/2026\/02\/leist_mont1.jpg&#8220; title_text=&#8220;leist_mont1&#8243; _builder_version=&#8220;4.27.5&#8243; _module_preset=&#8220;default&#8220; hover_enabled=&#8220;0&#8243; global_colors_info=&#8220;{}&#8220; sticky_enabled=&#8220;0&#8243;][\/et_pb_image][\/et_pb_column][\/et_pb_row][et_pb_row column_structure=&#8220;1_2,1_2&#8243; _builder_version=&#8220;4.24.3&#8243; _module_preset=&#8220;default&#8220; global_colors_info=&#8220;{}&#8220;][et_pb_column type=&#8220;1_2&#8243; _builder_version=&#8220;4.24.3&#8243; _module_preset=&#8220;default&#8220; global_colors_info=&#8220;{}&#8220;][et_pb_text _builder_version=&#8220;4.24.3&#8243; _module_preset=&#8220;default&#8220; header_2_font=&#8220;Ubuntu||||||||&#8220; header_2_text_color=&#8220;#000000&#8243; header_2_line_height=&#8220;1.4em&#8220; header_3_font_size=&#8220;20px&#8220; header_3_line_height=&#8220;1.3em&#8220; header_2_font_size_tablet=&#8220;&#8220; header_2_font_size_phone=&#8220;23px&#8220; header_2_font_size_last_edited=&#8220;on|phone&#8220; global_colors_info=&#8220;{}&#8220;]<\/p>\n<h2><b>3.\u00a0Qualifizierte Montageteams<\/b><\/h2>\n<h3>Erfahrene Fachkr\u00e4fte:<\/h3>\n<div><\/div>\n<div>\n<p>Einsatz von hochqualifizierten und erfahrenen Montageteams, die speziell in den Technologien und Produkten von LaCont geschult sind.<\/p>\n<\/div>\n<h3><\/h3>\n<h3>Sicherheitsstandards:<\/h3>\n<div><\/div>\n<div>Einhaltung strenger Sicherheitsstandards und Vorschriften w\u00e4hrend der Montagearbeiten, um die Sicherheit der Mitarbeiter und der Umgebung zu gew\u00e4hrleisten.<\/div>\n<p>[\/et_pb_text][\/et_pb_column][et_pb_column type=&#8220;1_2&#8243; _builder_version=&#8220;4.24.3&#8243; _module_preset=&#8220;default&#8220; global_colors_info=&#8220;{}&#8220;][et_pb_text _builder_version=&#8220;4.24.3&#8243; _module_preset=&#8220;default&#8220; header_2_font=&#8220;Ubuntu||||||||&#8220; header_2_text_color=&#8220;#000000&#8243; header_2_line_height=&#8220;1.4em&#8220; header_3_font_size=&#8220;20px&#8220; header_3_line_height=&#8220;1.3em&#8220; header_2_font_size_tablet=&#8220;&#8220; header_2_font_size_phone=&#8220;23px&#8220; header_2_font_size_last_edited=&#8220;on|phone&#8220; global_colors_info=&#8220;{}&#8220;]<\/p>\n<h2><b>4. Technische Unterst\u00fctzung &amp; Beratung<\/b><\/h2>\n<h3>Technische Begleitung:<\/h3>\n<div><\/div>\n<div>\n<p>Bereitstellung technischer Unterst\u00fctzung und Beratung w\u00e4hrend der gesamten Montagephase, um sicherzustellen, dass alle technischen Anforderungen erf\u00fcllt werden.<\/p>\n<\/div>\n<h3><\/h3>\n<h3>Probleml\u00f6sung:<\/h3>\n<div><\/div>\n<div>Schnelle und effiziente L\u00f6sung von auftretenden Problemen oder Herausforderungen w\u00e4hrend der Installation.<\/div>\n<p>[\/et_pb_text][\/et_pb_column][\/et_pb_row][et_pb_row _builder_version=&#8220;4.24.3&#8243; _module_preset=&#8220;default&#8220; global_colors_info=&#8220;{}&#8220;][et_pb_column type=&#8220;4_4&#8243; _builder_version=&#8220;4.24.3&#8243; _module_preset=&#8220;default&#8220; global_colors_info=&#8220;{}&#8220;][et_pb_image src=&#8220;https:\/\/lacont.de\/wp-content\/uploads\/2026\/02\/leist_mont2.jpg&#8220; title_text=&#8220;leist_mont2&#8243; force_fullwidth=&#8220;on&#8220; _builder_version=&#8220;4.27.5&#8243; _module_preset=&#8220;default&#8220; hover_enabled=&#8220;0&#8243; global_colors_info=&#8220;{}&#8220; sticky_enabled=&#8220;0&#8243;][\/et_pb_image][\/et_pb_column][\/et_pb_row][et_pb_row column_structure=&#8220;1_2,1_2&#8243; _builder_version=&#8220;4.24.3&#8243; _module_preset=&#8220;default&#8220; global_colors_info=&#8220;{}&#8220;][et_pb_column type=&#8220;1_2&#8243; _builder_version=&#8220;4.24.3&#8243; _module_preset=&#8220;default&#8220; global_colors_info=&#8220;{}&#8220;][et_pb_text _builder_version=&#8220;4.24.3&#8243; _module_preset=&#8220;default&#8220; header_2_font=&#8220;Ubuntu||||||||&#8220; header_2_text_color=&#8220;#000000&#8243; header_2_line_height=&#8220;1.4em&#8220; header_3_font_size=&#8220;20px&#8220; header_3_line_height=&#8220;1.3em&#8220; header_2_font_size_tablet=&#8220;&#8220; header_2_font_size_phone=&#8220;23px&#8220; header_2_font_size_last_edited=&#8220;on|phone&#8220; global_colors_info=&#8220;{}&#8220;]<\/p>\n<h2><b>5.\u00a0Koordination und Projektmanagement<\/b><\/h2>\n<h3>Projektplanung:<\/h3>\n<div><\/div>\n<div>\n<p>Detaillierte Planung und Koordination der Montaget\u00e4tigkeiten, um eine termingerechte und effiziente Umsetzung zu gew\u00e4hrleisten.<\/p>\n<\/div>\n<h3><\/h3>\n<h3>Ressourcenmanagement:<\/h3>\n<div><\/div>\n<div>Sicherstellung, dass alle notwendigen Ressourcen, Werkzeuge und Materialien f\u00fcr die Montage verf\u00fcgbar sind.<\/div>\n<p>[\/et_pb_text][\/et_pb_column][et_pb_column type=&#8220;1_2&#8243; _builder_version=&#8220;4.24.3&#8243; _module_preset=&#8220;default&#8220; global_colors_info=&#8220;{}&#8220;][et_pb_text _builder_version=&#8220;4.24.3&#8243; _module_preset=&#8220;default&#8220; header_2_font=&#8220;Ubuntu||||||||&#8220; header_2_text_color=&#8220;#000000&#8243; header_2_line_height=&#8220;1.4em&#8220; header_3_font_size=&#8220;20px&#8220; header_3_line_height=&#8220;1.3em&#8220; header_2_font_size_tablet=&#8220;&#8220; header_2_font_size_phone=&#8220;23px&#8220; header_2_font_size_last_edited=&#8220;on|phone&#8220; global_colors_info=&#8220;{}&#8220;]<\/p>\n<h2><b>6. Nachhaltigkeit\u00a0<\/b><\/h2>\n<h3>Umweltfreundliche Verfahren:<\/h3>\n<p>Anwendung umweltfreundlicher Verfahren und Techniken w\u00e4hrend der Montage, um die Umweltbelastung zu minimieren.<\/p>\n<h3><\/h3>\n<h3>Abfallmanagement:<\/h3>\n<div>Effektives Management und Entsorgung von Abf\u00e4llen, die w\u00e4hrend der Montage entstehen.<\/div>\n<p>[\/et_pb_text][\/et_pb_column][\/et_pb_row][et_pb_row _builder_version=&#8220;4.24.3&#8243; _module_preset=&#8220;default&#8220; global_colors_info=&#8220;{}&#8220;][et_pb_column type=&#8220;4_4&#8243; _builder_version=&#8220;4.24.3&#8243; _module_preset=&#8220;default&#8220; global_colors_info=&#8220;{}&#8220;][et_pb_image src=&#8220;https:\/\/lacont.de\/wp-content\/uploads\/2026\/02\/leist_mont3.jpg&#8220; title_text=&#8220;leist_mont3&#8243; force_fullwidth=&#8220;on&#8220; _builder_version=&#8220;4.27.5&#8243; _module_preset=&#8220;default&#8220; hover_enabled=&#8220;0&#8243; global_colors_info=&#8220;{}&#8220; sticky_enabled=&#8220;0&#8243;][\/et_pb_image][\/et_pb_column][\/et_pb_row][et_pb_row column_structure=&#8220;1_2,1_2&#8243; _builder_version=&#8220;4.24.3&#8243; _module_preset=&#8220;default&#8220; global_colors_info=&#8220;{}&#8220;][et_pb_column type=&#8220;1_2&#8243; _builder_version=&#8220;4.24.3&#8243; _module_preset=&#8220;default&#8220; global_colors_info=&#8220;{}&#8220;][et_pb_text _builder_version=&#8220;4.24.3&#8243; _module_preset=&#8220;default&#8220; header_2_font=&#8220;Ubuntu||||||||&#8220; header_2_text_color=&#8220;#000000&#8243; header_2_line_height=&#8220;1.4em&#8220; header_3_font_size=&#8220;20px&#8220; header_3_line_height=&#8220;1.3em&#8220; header_2_font_size_tablet=&#8220;&#8220; header_2_font_size_phone=&#8220;23px&#8220; header_2_font_size_last_edited=&#8220;on|phone&#8220; global_colors_info=&#8220;{}&#8220;]<\/p>\n<h2><b>7.\u00a0Dokumentation und Abnahme<\/b><\/p>\n<\/h2>\n<h3>Detaillierte Dokumentation:<\/h3>\n<div><\/div>\n<div>Erstellung umfassender Dokumentationen der Montaget\u00e4tigkeiten, einschlie\u00dflich technischer Berichte und Pr\u00fcfprotokolle.<\/div>\n<div><\/div>\n<h3><\/h3>\n<h3>Abnahmeverfahren:<\/h3>\n<div><\/div>\n<div>Durchf\u00fchrung von Abnahmepr\u00fcfungen und -tests, um sicherzustellen, dass die Anlagen den spezifizierten Anforderungen entsprechen und betriebsbereit sind.<\/div>\n<p>[\/et_pb_text][\/et_pb_column][et_pb_column type=&#8220;1_2&#8243; _builder_version=&#8220;4.24.3&#8243; _module_preset=&#8220;default&#8220; global_colors_info=&#8220;{}&#8220;][et_pb_text _builder_version=&#8220;4.24.3&#8243; _module_preset=&#8220;default&#8220; header_2_font=&#8220;Ubuntu||||||||&#8220; header_2_text_color=&#8220;#000000&#8243; header_2_line_height=&#8220;1.4em&#8220; header_3_font_size=&#8220;20px&#8220; header_3_line_height=&#8220;1.3em&#8220; header_2_font_size_tablet=&#8220;&#8220; header_2_font_size_phone=&#8220;23px&#8220; header_2_font_size_last_edited=&#8220;on|phone&#8220; global_colors_info=&#8220;{}&#8220;]<\/p>\n<h2><b>8.\u00a0Kundenschulung und Support<\/b><\/h2>\n<h3>Schulung:<\/h3>\n<div><\/div>\n<div>Schulung des Kundenpersonals im Betrieb und in der Wartung der installierten Anlagen, um eine optimale Nutzung und langfristige Zuverl\u00e4ssigkeit zu gew\u00e4hrleisten.<\/div>\n<h3><\/h3>\n<h3>After-Sales-Support:<\/h3>\n<div><\/div>\n<div>Bereitstellung von After-Sales-Support und Wartungsdienstleistungen, um den langfristigen Betrieb und die Effizienz der Anlagen zu sichern.<\/div>\n<p>[\/et_pb_text][\/et_pb_column][\/et_pb_row][et_pb_row _builder_version=&#8220;4.24.3&#8243; _module_preset=&#8220;default&#8220; global_colors_info=&#8220;{}&#8220;][et_pb_column type=&#8220;4_4&#8243; _builder_version=&#8220;4.24.3&#8243; _module_preset=&#8220;default&#8220; global_colors_info=&#8220;{}&#8220;][et_pb_image src=&#8220;https:\/\/lacont.de\/wp-content\/uploads\/2026\/02\/leist_mont4.jpg&#8220; title_text=&#8220;leist_mont4&#8243; force_fullwidth=&#8220;on&#8220; _builder_version=&#8220;4.27.5&#8243; _module_preset=&#8220;default&#8220; hover_enabled=&#8220;0&#8243; global_colors_info=&#8220;{}&#8220; sticky_enabled=&#8220;0&#8243;][\/et_pb_image][\/et_pb_column][\/et_pb_row][et_pb_row disabled_on=&#8220;off|off|off&#8220; _builder_version=&#8220;4.27.4&#8243; _module_preset=&#8220;default&#8220; global_colors_info=&#8220;{}&#8220;][et_pb_column type=&#8220;4_4&#8243; _builder_version=&#8220;4.24.3&#8243; _module_preset=&#8220;default&#8220; global_colors_info=&#8220;{}&#8220;][et_pb_video src=&#8220;https:\/\/lacont.de\/wp-content\/uploads\/2025\/01\/Montage_Lacont_1.mp4&#8243; _builder_version=&#8220;4.27.4&#8243; _module_preset=&#8220;default&#8220; global_colors_info=&#8220;{}&#8220;][\/et_pb_video][\/et_pb_column][\/et_pb_row][et_pb_row disabled_on=&#8220;off|off|off&#8220; _builder_version=&#8220;4.27.4&#8243; _module_preset=&#8220;default&#8220; global_colors_info=&#8220;{}&#8220;][et_pb_column type=&#8220;4_4&#8243; _builder_version=&#8220;4.24.3&#8243; _module_preset=&#8220;default&#8220; global_colors_info=&#8220;{}&#8220;][et_pb_video src=&#8220;https:\/\/lacont.de\/wp-content\/uploads\/2025\/08\/Lacont_Abfallentsorgungsanlage_Video.mp4&#8243; _builder_version=&#8220;4.27.4&#8243; _module_preset=&#8220;default&#8220; global_colors_info=&#8220;{}&#8220;][\/et_pb_video][\/et_pb_column][\/et_pb_row][\/et_pb_section]<\/p>\n","protected":false},"excerpt":{"rendered":"<p>MontageUnser Bereich Montage ist ein wesentlicher Bestandteil unserer Dienstleistungen, der sicherstellt, dass die entwickelten und gefertigten Systeme und Anlagen korrekt und effizient installiert werden.\u00a01.\u00a0Vor-Ort-Montage Komplette Installation: Durchf\u00fchrung der vollst\u00e4ndigen Montage von Umwelttechnikanlagen vor Ort, einschlie\u00dflich aller notwendigen Komponenten und Systeme. Inbetriebnahme: Testen und Inbetriebnahme der Anlagen, um sicherzustellen, dass sie ordnungsgem\u00e4\u00df funktionieren und den spezifischen [&hellip;]<\/p>\n","protected":false},"author":1,"featured_media":0,"parent":0,"menu_order":0,"comment_status":"closed","ping_status":"closed","template":"","meta":{"_et_pb_use_builder":"on","_et_pb_old_content":"<!-- wp:divi\/placeholder \/-->","_et_gb_content_width":"","footnotes":""},"class_list":["post-459","page","type-page","status-publish","hentry"],"_links":{"self":[{"href":"https:\/\/lacont.de\/en\/wp-json\/wp\/v2\/pages\/459","targetHints":{"allow":["GET"]}}],"collection":[{"href":"https:\/\/lacont.de\/en\/wp-json\/wp\/v2\/pages"}],"about":[{"href":"https:\/\/lacont.de\/en\/wp-json\/wp\/v2\/types\/page"}],"author":[{"embeddable":true,"href":"https:\/\/lacont.de\/en\/wp-json\/wp\/v2\/users\/1"}],"replies":[{"embeddable":true,"href":"https:\/\/lacont.de\/en\/wp-json\/wp\/v2\/comments?post=459"}],"version-history":[{"count":26,"href":"https:\/\/lacont.de\/en\/wp-json\/wp\/v2\/pages\/459\/revisions"}],"predecessor-version":[{"id":4164,"href":"https:\/\/lacont.de\/en\/wp-json\/wp\/v2\/pages\/459\/revisions\/4164"}],"wp:attachment":[{"href":"https:\/\/lacont.de\/en\/wp-json\/wp\/v2\/media?parent=459"}],"curies":[{"name":"wp","href":"https:\/\/api.w.org\/{rel}","templated":true}]}}