{"id":57,"date":"2024-04-08T13:40:15","date_gmt":"2024-04-08T13:40:15","guid":{"rendered":"http:\/\/efbeem.de\/?page_id=57"},"modified":"2024-12-08T16:13:42","modified_gmt":"2024-12-08T16:13:42","slug":"adalit","status":"publish","type":"page","link":"https:\/\/lacont.de\/en\/adalit\/","title":{"rendered":"ADALIT"},"content":{"rendered":"<p>[et_pb_section fb_built=&#8220;1&#8243; _builder_version=&#8220;4.27.2&#8243; _module_preset=&#8220;default&#8220; use_background_color_gradient=&#8220;on&#8220; background_color_gradient_direction=&#8220;92deg&#8220; background_color_gradient_stops=&#8220;rgba(255,255,255,0) 0%|rgba(255,255,255,0) 100%&#8220; background_color_gradient_overlays_image=&#8220;on&#8220; background_image=&#8220;http:\/\/efbeem.de\/wp-content\/uploads\/2024\/06\/nejc-soklic-cxBDsgjI0yI-unsplash-scaled.jpg&#8220; background_video_mp4=&#8220;https:\/\/lacont.de\/wp-content\/uploads\/2024\/07\/ADALIT-Smart-Lighting-Solutions.mp4&#8243; min_height=&#8220;52vh&#8220; min_height_tablet=&#8220;40vh&#8220; min_height_phone=&#8220;40vh&#8220; min_height_last_edited=&#8220;on|tablet&#8220; custom_padding=&#8220;||||false|false&#8220; hover_enabled=&#8220;0&#8243; global_colors_info=&#8220;{}&#8220; title_text=&#8220;ADALIT Smart Lighting Solutions&#8220; sticky_enabled=&#8220;0&#8243;][et_pb_row _builder_version=&#8220;4.24.3&#8243; _module_preset=&#8220;default&#8220; global_colors_info=&#8220;{}&#8220;][et_pb_column type=&#8220;4_4&#8243; _builder_version=&#8220;4.24.3&#8243; _module_preset=&#8220;default&#8220; global_colors_info=&#8220;{}&#8220;][et_pb_text _builder_version=&#8220;4.27.2&#8243; _module_preset=&#8220;default&#8220; text_font=&#8220;||||||||&#8220; header_font=&#8220;Oswald|700|||||||&#8220; header_text_color=&#8220;#FFFFFF&#8220; header_font_size=&#8220;70px&#8220; header_letter_spacing=&#8220;1px&#8220; header_line_height=&#8220;1.3em&#8220; header_2_font=&#8220;Ubuntu||||||||&#8220; header_2_text_color=&#8220;#FFFFFF&#8220; header_2_line_height=&#8220;1.3em&#8220; header_3_font=&#8220;|||on|||||&#8220; header_3_text_color=&#8220;#FFFFFF&#8220; header_3_letter_spacing=&#8220;1px&#8220; header_font_size_tablet=&#8220;40px&#8220; header_font_size_phone=&#8220;40px&#8220; header_font_size_last_edited=&#8220;on|tablet&#8220; global_colors_info=&#8220;{}&#8220;]<\/p>\n<div>\n<h1 class=\"\u00dcberschrift_linksb\u00fcndig\">Adalit<\/h1>\n<h2>Professionelle Sicherheitsleuchten f\u00fcr Industrie und Feuerwehr<\/h2>\n<\/div>\n<p>[\/et_pb_text][\/et_pb_column][\/et_pb_row][\/et_pb_section][et_pb_section fb_built=&#8220;1&#8243; _builder_version=&#8220;4.24.3&#8243; _module_preset=&#8220;default&#8220; custom_padding=&#8220;||120px||false|false&#8220; global_colors_info=&#8220;{}&#8220;][et_pb_row _builder_version=&#8220;4.24.3&#8243; _module_preset=&#8220;default&#8220; global_colors_info=&#8220;{}&#8220;][et_pb_column type=&#8220;4_4&#8243; _builder_version=&#8220;4.24.3&#8243; _module_preset=&#8220;default&#8220; global_colors_info=&#8220;{}&#8220;][et_pb_text _builder_version=&#8220;4.27.2&#8243; _module_preset=&#8220;default&#8220; text_font=&#8220;|600|||||||&#8220; text_font_size=&#8220;16px&#8220; header_3_font=&#8220;Oswald||||||||&#8220; header_3_text_align=&#8220;center&#8220; header_3_font_size=&#8220;33px&#8220; header_3_letter_spacing=&#8220;1px&#8220; header_3_line_height=&#8220;1.6em&#8220; text_orientation=&#8220;center&#8220; header_3_font_size_tablet=&#8220;30px&#8220; header_3_font_size_phone=&#8220;30px&#8220; header_3_font_size_last_edited=&#8220;on|tablet&#8220; global_colors_info=&#8220;{}&#8220;]<\/p>\n<div>\n<h3 class=\"\u00dcberschrift_linksb\u00fcndig\">Adalit<\/h3>\n<\/div>\n<p>Professionelle Sicherheitsleuchten f\u00fcr Industrie und Feuerwehr<\/p>\n<p>[\/et_pb_text][\/et_pb_column][\/et_pb_row][et_pb_row column_structure=&#8220;1_2,1_2&#8243; _builder_version=&#8220;4.24.3&#8243; _module_preset=&#8220;default&#8220; global_colors_info=&#8220;{}&#8220;][et_pb_column type=&#8220;1_2&#8243; _builder_version=&#8220;4.24.3&#8243; _module_preset=&#8220;default&#8220; global_colors_info=&#8220;{}&#8220;][et_pb_text _builder_version=&#8220;4.27.2&#8243; _module_preset=&#8220;default&#8220; header_font=&#8220;Oswald||||||||&#8220; header_font_size=&#8220;21px&#8220; header_letter_spacing=&#8220;1px&#8220; header_line_height=&#8220;1.3em&#8220; custom_margin=&#8220;||18px|||&#8220; global_colors_info=&#8220;{}&#8220;]<\/p>\n<p><strong>LaCont Umwelttechnik GmbH<\/strong><span> <\/span>ist seit mehr als 25 Jahren erfolgreich im Markt der Arbeitssicherheit und Umwelttechnik t\u00e4tig. Hier sind wir als kompetenter Hersteller von Produkten zur gesetzeskonformen und sicheren Lagerung von wassergef\u00e4hrdenden und brennbaren Gefahrstoffen europaweit t\u00e4tig.<\/p>\n<p>Seit nunmehr 20 Jahren hat die LaCont Umwelttechnik GmbH die Vertretung der Adalit\u00ae-Leuchten von unserem Partner, der Firma ADARO\/Spanien, exklusiv f\u00fcr Deutschland und die Schweiz \u00fcbernommen.<\/p>\n<p>[\/et_pb_text][\/et_pb_column][et_pb_column type=&#8220;1_2&#8243; _builder_version=&#8220;4.24.3&#8243; _module_preset=&#8220;default&#8220; global_colors_info=&#8220;{}&#8220;][et_pb_text _builder_version=&#8220;4.24.3&#8243; _module_preset=&#8220;default&#8220; header_font=&#8220;Oswald||||||||&#8220; header_font_size=&#8220;21px&#8220; header_letter_spacing=&#8220;1px&#8220; header_line_height=&#8220;1.3em&#8220; custom_margin=&#8220;||18px|||&#8220; global_colors_info=&#8220;{}&#8220;]<\/p>\n<p>In dieser Zeit konnte stetig die Anzahl der eingesetzten und meist in FW-Fahrzeugen verbauten explosionsgesch\u00fctzten Feuerwehr-Handleuchten deutlich ausgebaut werden. So k\u00f6nnen wir heute mit Stolz die \u201eAdalit-Leuchte\u201c als meistverwendete Knickkopfleuchte im FW-Bereich in Deutschland ansehen. Dieses Wachstum wurde durch eine stetige Weiterentwicklung mit modernsten Technologien erreicht.<\/p>\n<p>[\/et_pb_text][et_pb_text _builder_version=&#8220;4.24.3&#8243; _module_preset=&#8220;default&#8220; text_font=&#8220;Ubuntu||||||||&#8220; text_text_color=&#8220;#197700&#8243; text_font_size=&#8220;18px&#8220; header_font=&#8220;Oswald||||||||&#8220; header_font_size=&#8220;21px&#8220; header_letter_spacing=&#8220;1px&#8220; header_line_height=&#8220;1.3em&#8220; custom_margin=&#8220;50px||18px||false|false&#8220; link_option_url=&#8220;https:\/\/www.adalit.de\/&#8220; link_option_url_new_window=&#8220;on&#8220; global_colors_info=&#8220;{}&#8220;]<\/p>\n<p>Webseite besuchen<\/p>\n<p>[\/et_pb_text][et_pb_button button_url=&#8220;https:\/\/adalit.de&#8220; url_new_window=&#8220;on&#8220; button_text=&#8220;www.adalit.de&#8220; _builder_version=&#8220;4.24.3&#8243; _module_preset=&#8220;default&#8220; custom_button=&#8220;on&#8220; button_text_size=&#8220;17px&#8220; button_text_color=&#8220;#FFFFFF&#8220; button_bg_color=&#8220;#21560d&#8220; button_border_radius=&#8220;6px&#8220; button_letter_spacing=&#8220;1px&#8220; button_font=&#8220;Oswald||||||||&#8220; custom_margin=&#8220;||||false|false&#8220; custom_padding=&#8220;8px|22px|8px|22px|true|true&#8220; global_colors_info=&#8220;{}&#8220;][\/et_pb_button][\/et_pb_column][\/et_pb_row][\/et_pb_section]<\/p>\n","protected":false},"excerpt":{"rendered":"<p>Adalit Professionelle Sicherheitsleuchten f\u00fcr Industrie und Feuerwehr Adalit Professionelle Sicherheitsleuchten f\u00fcr Industrie und FeuerwehrLaCont Umwelttechnik GmbH ist seit mehr als 25 Jahren erfolgreich im Markt der Arbeitssicherheit und Umwelttechnik t\u00e4tig. Hier sind wir als kompetenter Hersteller von Produkten zur gesetzeskonformen und sicheren Lagerung von wassergef\u00e4hrdenden und brennbaren Gefahrstoffen europaweit t\u00e4tig. Seit nunmehr 20 Jahren hat [&hellip;]<\/p>\n","protected":false},"author":1,"featured_media":0,"parent":0,"menu_order":0,"comment_status":"closed","ping_status":"closed","template":"","meta":{"_et_pb_use_builder":"on","_et_pb_old_content":"<!-- wp:divi\/placeholder \/-->","_et_gb_content_width":"","footnotes":""},"class_list":["post-57","page","type-page","status-publish","hentry"],"_links":{"self":[{"href":"https:\/\/lacont.de\/en\/wp-json\/wp\/v2\/pages\/57","targetHints":{"allow":["GET"]}}],"collection":[{"href":"https:\/\/lacont.de\/en\/wp-json\/wp\/v2\/pages"}],"about":[{"href":"https:\/\/lacont.de\/en\/wp-json\/wp\/v2\/types\/page"}],"author":[{"embeddable":true,"href":"https:\/\/lacont.de\/en\/wp-json\/wp\/v2\/users\/1"}],"replies":[{"embeddable":true,"href":"https:\/\/lacont.de\/en\/wp-json\/wp\/v2\/comments?post=57"}],"version-history":[{"count":16,"href":"https:\/\/lacont.de\/en\/wp-json\/wp\/v2\/pages\/57\/revisions"}],"predecessor-version":[{"id":2865,"href":"https:\/\/lacont.de\/en\/wp-json\/wp\/v2\/pages\/57\/revisions\/2865"}],"wp:attachment":[{"href":"https:\/\/lacont.de\/en\/wp-json\/wp\/v2\/media?parent=57"}],"curies":[{"name":"wp","href":"https:\/\/api.w.org\/{rel}","templated":true}]}}