{"id":65,"date":"2024-04-08T13:45:03","date_gmt":"2024-04-08T13:45:03","guid":{"rendered":"http:\/\/efbeem.de\/?page_id=65"},"modified":"2024-12-08T16:25:02","modified_gmt":"2024-12-08T16:25:02","slug":"konstruktion","status":"publish","type":"page","link":"https:\/\/lacont.de\/en\/konstruktion\/","title":{"rendered":"Construction"},"content":{"rendered":"<p>[et_pb_section fb_built=&#8220;1&#8243; _builder_version=&#8220;4.24.3&#8243; _module_preset=&#8220;default&#8220; use_background_color_gradient=&#8220;on&#8220; background_color_gradient_direction=&#8220;92deg&#8220; background_color_gradient_stops=&#8220;rgba(0,0,0,0.39) 0%|rgba(255,255,255,0) 100%&#8220; background_color_gradient_overlays_image=&#8220;on&#8220; background_image=&#8220;http:\/\/efbeem.de\/wp-content\/uploads\/2024\/07\/konstruktion.jpg&#8220; height=&#8220;52vh&#8220; height_tablet=&#8220;40vh&#8220; height_phone=&#8220;30vh&#8220; height_last_edited=&#8220;on|phone&#8220; custom_padding=&#8220;||||false|false&#8220; global_colors_info=&#8220;{}&#8220;][et_pb_row _builder_version=&#8220;4.24.3&#8243; _module_preset=&#8220;default&#8220; global_colors_info=&#8220;{}&#8220;][et_pb_column type=&#8220;4_4&#8243; _builder_version=&#8220;4.24.3&#8243; _module_preset=&#8220;default&#8220; global_colors_info=&#8220;{}&#8220;][et_pb_text _builder_version=&#8220;4.24.3&#8243; _module_preset=&#8220;default&#8220; text_font=&#8220;||||||||&#8220; header_font=&#8220;Oswald|700|||||||&#8220; header_text_color=&#8220;#FFFFFF&#8220; header_font_size=&#8220;70px&#8220; header_letter_spacing=&#8220;1px&#8220; header_line_height=&#8220;1.3em&#8220; header_2_font=&#8220;Ubuntu||||||||&#8220; header_2_text_color=&#8220;#FFFFFF&#8220; header_2_line_height=&#8220;1.3em&#8220; header_3_font=&#8220;|||on|||||&#8220; header_3_text_color=&#8220;#FFFFFF&#8220; header_3_letter_spacing=&#8220;1px&#8220; header_font_size_tablet=&#8220;44px&#8220; header_font_size_phone=&#8220;39px&#8220; header_font_size_last_edited=&#8220;on|phone&#8220; global_colors_info=&#8220;{}&#8220;]<\/p>\n<h1>Konstruktion<\/h1>\n<p>[\/et_pb_text][\/et_pb_column][\/et_pb_row][\/et_pb_section][et_pb_section fb_built=&#8220;1&#8243; _builder_version=&#8220;4.24.3&#8243; _module_preset=&#8220;default&#8220; custom_padding=&#8220;||||false|false&#8220; global_colors_info=&#8220;{}&#8220;][et_pb_row _builder_version=&#8220;4.24.3&#8243; _module_preset=&#8220;default&#8220; global_colors_info=&#8220;{}&#8220;][et_pb_column type=&#8220;4_4&#8243; _builder_version=&#8220;4.24.3&#8243; _module_preset=&#8220;default&#8220; global_colors_info=&#8220;{}&#8220;][et_pb_text _builder_version=&#8220;4.24.3&#8243; _module_preset=&#8220;default&#8220; header_2_font=&#8220;Ubuntu||||||||&#8220; header_2_text_color=&#8220;#197700&#8243; header_2_font_size=&#8220;20px&#8220; header_2_line_height=&#8220;1.3em&#8220; header_3_font=&#8220;Oswald||||||||&#8220; header_3_text_align=&#8220;center&#8220; header_3_font_size=&#8220;33px&#8220; header_3_letter_spacing=&#8220;1px&#8220; header_3_line_height=&#8220;1.6em&#8220; text_orientation=&#8220;center&#8220; global_colors_info=&#8220;{}&#8220;]<\/p>\n<h2><span>Im Bereich Konstruktion bieten wir spezialisierte Dienstleistungen und Produkte, die auf die individuellen Bed\u00fcrfnisse unserer Kunden abgestimmt sind.<\/span><\/h2>\n<div><\/div>\n<p>[\/et_pb_text][\/et_pb_column][\/et_pb_row][et_pb_row column_structure=&#8220;1_2,1_2&#8243; _builder_version=&#8220;4.24.3&#8243; _module_preset=&#8220;default&#8220; global_colors_info=&#8220;{}&#8220;][et_pb_column type=&#8220;1_2&#8243; _builder_version=&#8220;4.24.3&#8243; _module_preset=&#8220;default&#8220; global_colors_info=&#8220;{}&#8220;][et_pb_text _builder_version=&#8220;4.24.3&#8243; _module_preset=&#8220;default&#8220; header_2_font=&#8220;Ubuntu||||||||&#8220; header_2_text_color=&#8220;#000000&#8243; header_2_line_height=&#8220;2em&#8220; header_3_font_size=&#8220;20px&#8220; header_3_line_height=&#8220;1.3em&#8220; header_2_font_size_tablet=&#8220;&#8220; header_2_font_size_phone=&#8220;24px&#8220; header_2_font_size_last_edited=&#8220;on|phone&#8220; header_3_font_size_tablet=&#8220;20px&#8220; header_3_font_size_phone=&#8220;18px&#8220; header_3_font_size_last_edited=&#8220;on|phone&#8220; global_colors_info=&#8220;{}&#8220;]<\/p>\n<h2><b>1. Konstruktion<\/b><\/h2>\n<h3>Individuelle Planung:<\/h3>\n<div><\/div>\n<div>LaCont erstellt ma\u00dfgeschneiderte Konstruktionspl\u00e4ne f\u00fcr Anlagen zur Lagerung von Gefahrstoffen.<\/div>\n<div><\/div>\n<h3><\/h3>\n<h3>3D-Modelle:<\/h3>\n<div><\/div>\n<div>\n<p>Verwendung moderner CAD-Software zur Erstellung detaillierter 3D-Modelle der Produkte, die eine pr\u00e4zise Visualisierung und Planung erm\u00f6glichen.<\/p>\n<\/div>\n<p>[\/et_pb_text][\/et_pb_column][et_pb_column type=&#8220;1_2&#8243; _builder_version=&#8220;4.24.3&#8243; _module_preset=&#8220;default&#8220; global_colors_info=&#8220;{}&#8220;][et_pb_text _builder_version=&#8220;4.24.3&#8243; _module_preset=&#8220;default&#8220; header_2_font=&#8220;Ubuntu||||||||&#8220; header_2_text_color=&#8220;#000000&#8243; header_2_line_height=&#8220;2em&#8220; header_3_font_size=&#8220;20px&#8220; header_3_line_height=&#8220;1.3em&#8220; header_2_font_size_tablet=&#8220;&#8220; header_2_font_size_phone=&#8220;24px&#8220; header_2_font_size_last_edited=&#8220;on|phone&#8220; header_3_font_size_tablet=&#8220;20px&#8220; header_3_font_size_phone=&#8220;18px&#8220; header_3_font_size_last_edited=&#8220;on|phone&#8220; global_colors_info=&#8220;{}&#8220;]<\/p>\n<h2><b>2. Technische Zeichnungen<\/b><\/h2>\n<div><\/div>\n<h3>Detailzeichnungen:<\/h3>\n<div><\/div>\n<div>\n<p>Anfertigung von technischen Zeichnungen f\u00fcr die Herstellung und Montage der Anlagenkomponenten.<\/p>\n<\/div>\n<h3><\/h3>\n<h3>Baubegleitende Zeichnungen:<\/h3>\n<div><\/div>\n<div>Erstellung von Zeichnungen f\u00fcr den Baufortschritt und die Installation vor Ort.<\/div>\n<p>[\/et_pb_text][\/et_pb_column][\/et_pb_row][et_pb_row _builder_version=&#8220;4.24.3&#8243; _module_preset=&#8220;default&#8220; global_colors_info=&#8220;{}&#8220;][et_pb_column type=&#8220;4_4&#8243; _builder_version=&#8220;4.24.3&#8243; _module_preset=&#8220;default&#8220; global_colors_info=&#8220;{}&#8220;][et_pb_image src=&#8220;https:\/\/lacont.de\/wp-content\/uploads\/2024\/10\/konstruktion.jpg&#8220; title_text=&#8220;konstruktion&#8220; _builder_version=&#8220;4.27.2&#8243; _module_preset=&#8220;default&#8220; hover_enabled=&#8220;0&#8243; global_colors_info=&#8220;{}&#8220; sticky_enabled=&#8220;0&#8243;][\/et_pb_image][\/et_pb_column][\/et_pb_row][et_pb_row column_structure=&#8220;1_2,1_2&#8243; _builder_version=&#8220;4.24.3&#8243; _module_preset=&#8220;default&#8220; global_colors_info=&#8220;{}&#8220;][et_pb_column type=&#8220;1_2&#8243; _builder_version=&#8220;4.24.3&#8243; _module_preset=&#8220;default&#8220; global_colors_info=&#8220;{}&#8220;][et_pb_text _builder_version=&#8220;4.24.3&#8243; _module_preset=&#8220;default&#8220; header_2_font=&#8220;Ubuntu||||||||&#8220; header_2_text_color=&#8220;#000000&#8243; header_2_line_height=&#8220;2em&#8220; header_3_font_size=&#8220;20px&#8220; header_3_line_height=&#8220;1.3em&#8220; header_2_font_size_tablet=&#8220;&#8220; header_2_font_size_phone=&#8220;24px&#8220; header_2_font_size_last_edited=&#8220;on|phone&#8220; header_3_font_size_tablet=&#8220;20px&#8220; header_3_font_size_phone=&#8220;18px&#8220; header_3_font_size_last_edited=&#8220;on|phone&#8220; global_colors_info=&#8220;{}&#8220;]<\/p>\n<h2><b>3. Prototypenbau<\/b><\/h2>\n<h3>Modellbau:<\/h3>\n<div><\/div>\n<div>\n<p>Entwicklung von Prototypen und Modellen zur Veranschaulichung und Pr\u00fcfung der Konstruktionsl\u00f6sungen.<\/p>\n<\/div>\n<h3><\/h3>\n<h3>Testanlagen:<\/h3>\n<div><\/div>\n<div>Aufbau und Betrieb von Testanlagen zur Erprobung der Konstruktionen unter realistischen Bedingungen.<\/div>\n<p>[\/et_pb_text][\/et_pb_column][et_pb_column type=&#8220;1_2&#8243; _builder_version=&#8220;4.24.3&#8243; _module_preset=&#8220;default&#8220; global_colors_info=&#8220;{}&#8220;][et_pb_text _builder_version=&#8220;4.24.3&#8243; _module_preset=&#8220;default&#8220; header_2_font=&#8220;Ubuntu||||||||&#8220; header_2_text_color=&#8220;#000000&#8243; header_2_line_height=&#8220;2em&#8220; header_3_font_size=&#8220;20px&#8220; header_3_line_height=&#8220;1.3em&#8220; header_2_font_size_tablet=&#8220;&#8220; header_2_font_size_phone=&#8220;24px&#8220; header_2_font_size_last_edited=&#8220;on|phone&#8220; header_3_font_size_tablet=&#8220;20px&#8220; header_3_font_size_phone=&#8220;18px&#8220; header_3_font_size_last_edited=&#8220;on|phone&#8220; global_colors_info=&#8220;{}&#8220;]<\/p>\n<h2><b>4. Material- und Komponentenwahl<\/b><\/h2>\n<h3>Materialauswahl:<\/h3>\n<div><\/div>\n<div>\n<p>Auswahl geeigneter Materialien, um die Langlebigkeit und Effizienz der Anlagen zu gew\u00e4hrleisten.<\/p>\n<\/div>\n<h3><\/h3>\n<h3>Komponentenintegration:<\/h3>\n<div><\/div>\n<div>Integration und Anpassung verschiedener Komponenten und Systeme, um eine optimale Funktionalit\u00e4t zu erreichen.<\/div>\n<p>[\/et_pb_text][\/et_pb_column][\/et_pb_row][et_pb_row column_structure=&#8220;1_2,1_2&#8243; _builder_version=&#8220;4.24.3&#8243; _module_preset=&#8220;default&#8220; global_colors_info=&#8220;{}&#8220;][et_pb_column type=&#8220;1_2&#8243; _builder_version=&#8220;4.24.3&#8243; _module_preset=&#8220;default&#8220; global_colors_info=&#8220;{}&#8220;][et_pb_text _builder_version=&#8220;4.24.3&#8243; _module_preset=&#8220;default&#8220; header_2_font=&#8220;Ubuntu||||||||&#8220; header_2_text_color=&#8220;#000000&#8243; header_2_line_height=&#8220;2em&#8220; header_3_font_size=&#8220;20px&#8220; header_3_line_height=&#8220;1.3em&#8220; header_2_font_size_tablet=&#8220;&#8220; header_2_font_size_phone=&#8220;24px&#8220; header_2_font_size_last_edited=&#8220;on|phone&#8220; header_3_font_size_tablet=&#8220;20px&#8220; header_3_font_size_phone=&#8220;18px&#8220; header_3_font_size_last_edited=&#8220;on|phone&#8220; global_colors_info=&#8220;{}&#8220;]<\/p>\n<h2><b>5. Konstruktionstechnische Beratung<\/b><\/h2>\n<h3>Beratung und Unterst\u00fctzung:<\/h3>\n<div><\/div>\n<div>Unterst\u00fctzung der Kunden bei technischen Fragen und Problemen w\u00e4hrend der Planungs- und Bauphase.<\/div>\n<h3><\/h3>\n<h3>Innovative L\u00f6sungen:<\/h3>\n<div><\/div>\n<div>Entwicklung innovativer Konstruktionsl\u00f6sungen zur Bew\u00e4ltigung spezieller Herausforderungen und Anforderungen.<\/div>\n<p>[\/et_pb_text][\/et_pb_column][et_pb_column type=&#8220;1_2&#8243; _builder_version=&#8220;4.24.3&#8243; _module_preset=&#8220;default&#8220; global_colors_info=&#8220;{}&#8220;][et_pb_text _builder_version=&#8220;4.24.3&#8243; _module_preset=&#8220;default&#8220; header_2_font=&#8220;Ubuntu||||||||&#8220; header_2_text_color=&#8220;#000000&#8243; header_2_line_height=&#8220;2em&#8220; header_3_font_size=&#8220;20px&#8220; header_3_line_height=&#8220;1.3em&#8220; header_2_font_size_tablet=&#8220;&#8220; header_2_font_size_phone=&#8220;24px&#8220; header_2_font_size_last_edited=&#8220;on|phone&#8220; header_3_font_size_tablet=&#8220;20px&#8220; header_3_font_size_phone=&#8220;18px&#8220; header_3_font_size_last_edited=&#8220;on|phone&#8220; global_colors_info=&#8220;{}&#8220;]<\/p>\n<h2><b>6. Regelwerke und Normen<\/b><\/h2>\n<h3>Einhaltung von Standards:<\/h3>\n<div>\n<p>Sicherstellung, dass alle Konstruktionen den relevanten nationalen und internationalen Normen und Vorschriften entsprechen.<\/p>\n<\/div>\n<h3><\/h3>\n<h3>Dokumentation:<\/h3>\n<div><\/div>\n<div>Erstellung der erforderlichen Dokumentationen f\u00fcr Zulassungen und Genehmigungen.<\/div>\n<p>[\/et_pb_text][\/et_pb_column][\/et_pb_row][et_pb_row column_structure=&#8220;1_2,1_2&#8243; _builder_version=&#8220;4.24.3&#8243; _module_preset=&#8220;default&#8220; global_colors_info=&#8220;{}&#8220;][et_pb_column type=&#8220;1_2&#8243; _builder_version=&#8220;4.24.3&#8243; _module_preset=&#8220;default&#8220; global_colors_info=&#8220;{}&#8220;][et_pb_text _builder_version=&#8220;4.24.3&#8243; _module_preset=&#8220;default&#8220; header_2_font=&#8220;Ubuntu||||||||&#8220; header_2_text_color=&#8220;#000000&#8243; header_2_line_height=&#8220;2em&#8220; header_3_font_size=&#8220;20px&#8220; header_3_line_height=&#8220;1.3em&#8220; header_2_font_size_tablet=&#8220;&#8220; header_2_font_size_phone=&#8220;24px&#8220; header_2_font_size_last_edited=&#8220;on|phone&#8220; header_3_font_size_tablet=&#8220;20px&#8220; header_3_font_size_phone=&#8220;18px&#8220; header_3_font_size_last_edited=&#8220;on|phone&#8220; global_colors_info=&#8220;{}&#8220;]<\/p>\n<h2><b>7. Projektmanagement<\/b><\/p>\n<\/h2>\n<h3>Projektkoordination:<\/h3>\n<div>Umfassende Koordination aller Konstruktionsphasen, von der Planung bis zur Fertigstellung.<\/div>\n<h3><\/h3>\n<h3>Zeit- und Kostenmanagement:<\/h3>\n<div>\u00dcberwachung und Steuerung von Projektzeiten und -budgets, um eine termingerechte und kosteneffiziente Abwicklung sicherzustellen.<\/div>\n<p>[\/et_pb_text][\/et_pb_column][et_pb_column type=&#8220;1_2&#8243; _builder_version=&#8220;4.24.3&#8243; _module_preset=&#8220;default&#8220; global_colors_info=&#8220;{}&#8220;][\/et_pb_column][\/et_pb_row][\/et_pb_section]<\/p>\n","protected":false},"excerpt":{"rendered":"<p>KonstruktionIm Bereich Konstruktion bieten wir spezialisierte Dienstleistungen und Produkte, die auf die individuellen Bed\u00fcrfnisse unserer Kunden abgestimmt sind. 1. Konstruktion Individuelle Planung: LaCont erstellt ma\u00dfgeschneiderte Konstruktionspl\u00e4ne f\u00fcr Anlagen zur Lagerung von Gefahrstoffen. 3D-Modelle: Verwendung moderner CAD-Software zur Erstellung detaillierter 3D-Modelle der Produkte, die eine pr\u00e4zise Visualisierung und Planung erm\u00f6glichen. 2. Technische Zeichnungen Detailzeichnungen: Anfertigung von [&hellip;]<\/p>\n","protected":false},"author":1,"featured_media":0,"parent":0,"menu_order":0,"comment_status":"closed","ping_status":"closed","template":"","meta":{"_et_pb_use_builder":"on","_et_pb_old_content":"<!-- wp:divi\/placeholder \/-->","_et_gb_content_width":"","footnotes":""},"class_list":["post-65","page","type-page","status-publish","hentry"],"_links":{"self":[{"href":"https:\/\/lacont.de\/en\/wp-json\/wp\/v2\/pages\/65","targetHints":{"allow":["GET"]}}],"collection":[{"href":"https:\/\/lacont.de\/en\/wp-json\/wp\/v2\/pages"}],"about":[{"href":"https:\/\/lacont.de\/en\/wp-json\/wp\/v2\/types\/page"}],"author":[{"embeddable":true,"href":"https:\/\/lacont.de\/en\/wp-json\/wp\/v2\/users\/1"}],"replies":[{"embeddable":true,"href":"https:\/\/lacont.de\/en\/wp-json\/wp\/v2\/comments?post=65"}],"version-history":[{"count":14,"href":"https:\/\/lacont.de\/en\/wp-json\/wp\/v2\/pages\/65\/revisions"}],"predecessor-version":[{"id":2869,"href":"https:\/\/lacont.de\/en\/wp-json\/wp\/v2\/pages\/65\/revisions\/2869"}],"wp:attachment":[{"href":"https:\/\/lacont.de\/en\/wp-json\/wp\/v2\/media?parent=65"}],"curies":[{"name":"wp","href":"https:\/\/api.w.org\/{rel}","templated":true}]}}